{"id":9688,"date":"2019-01-28T20:09:25","date_gmt":"2019-01-28T19:09:25","guid":{"rendered":"https:\/\/tradisom.com\/\/?post_type=product&#038;p=9688"},"modified":"2026-04-27T22:56:43","modified_gmt":"2026-04-27T21:56:43","slug":"jose-afonso-ao-vivo","status":"publish","type":"product","link":"https:\/\/tradisom.com\/en\/product\/jose-afonso-ao-vivo\/","title":{"rendered":"Jos\u00e9 Afonso ao vivo"},"content":{"rendered":"<p>Dois concertos ao vivo de Jos\u00e9 Afonso nunca editados!<\/p>\n<ul>\n<li><strong>4 de Maio de 1968<\/strong> no Teatro Avenida, na tarde de arte da Queima das Fitas, em Coimbra (Jos\u00e9 Afonso e Rui Pato).<\/li>\n<li><strong>23 de Fevereiro de 1980<\/strong>, no sal\u00e3o da Sociedade de Instru\u00e7\u00e3o e Recreio de Carre\u00e7o (Jos\u00e9 Afonso, J\u00falio Pereira, Guilherme In\u00eas e Henrique Tabot).<\/li>\n<\/ul>\n<p>Dois momentos \u00fanicos! Dois grandes concertos!<br \/>\nO evento oficial de lan\u00e7amento realizou-se em Carre\u00e7o, no mesmo local do concerto de 1980!<\/p>\n<p>Edi\u00e7\u00e3o limitada de 5000 exemplares numerados, n\u00e3o reedit\u00e1vel.<\/p>\n","protected":false},"excerpt":{"rendered":"<p>Livro de capa dura + vinil + 2 cd&#8217;s<br \/>\nEdi\u00e7\u00e3o numerada e limitada.<\/p>\n<p>CD do concerto em Carre\u00e7o<br \/>\n<iframe loading=\"lazy\" src=\"https:\/\/w.soundcloud.com\/player\/?url=https%3A\/\/api.soundcloud.com\/playlists\/1456304020&amp;color=%23ff5500&amp;auto_play=false&amp;hide_related=false&amp;show_comments=true&amp;show_user=false&amp;show_reposts=false&amp;show_teaser=true\" width=\"100%\" height=\"450\" frameborder=\"no\" scrolling=\"no\"><\/iframe><\/p>\n<div style=\"font-size: 10px; color: #cccccc; line-break: anywhere; word-break: normal; overflow: hidden; white-space: nowrap; text-overflow: ellipsis; font-family: Interstate,Lucida Grande,Lucida Sans Unicode,Lucida Sans,Garuda,Verdana,Tahoma,sans-serif; font-weight: 100;\"><a style=\"color: #cccccc; text-decoration: none;\" title=\"Tradisom\" href=\"https:\/\/soundcloud.com\/tradisom\" target=\"_blank\" rel=\"noopener\">Tradisom<\/a> \u00b7 <a style=\"color: #cccccc; text-decoration: none;\" title=\"Jos\u00e9 Afonso\" href=\"https:\/\/soundcloud.com\/tradisom\/sets\/jose-afonso\" target=\"_blank\" rel=\"noopener\">Jos\u00e9 Afonso<\/a><\/div>\n<p>CD do concerto em Coimbra<br \/>\n<iframe loading=\"lazy\" src=\"https:\/\/w.soundcloud.com\/player\/?url=https%3A\/\/api.soundcloud.com\/playlists\/1456306471&amp;color=%23ff5500&amp;auto_play=false&amp;hide_related=false&amp;show_comments=true&amp;show_user=false&amp;show_reposts=false&amp;show_teaser=true\" width=\"100%\" height=\"450\" frameborder=\"no\" scrolling=\"no\"><\/iframe><\/p>\n<div style=\"font-size: 10px; color: #cccccc; line-break: anywhere; word-break: normal; overflow: hidden; white-space: nowrap; text-overflow: ellipsis; font-family: Interstate,Lucida Grande,Lucida Sans Unicode,Lucida Sans,Garuda,Verdana,Tahoma,sans-serif; font-weight: 100;\"><a style=\"color: #cccccc; text-decoration: none;\" title=\"Tradisom\" href=\"https:\/\/soundcloud.com\/tradisom\" target=\"_blank\" rel=\"noopener\">Tradisom<\/a> \u00b7 <a style=\"color: #cccccc; text-decoration: none;\" title=\"Jos\u00e9 Afonso ao vivo em Coimbra\" href=\"https:\/\/soundcloud.com\/tradisom\/sets\/jose-afonso-ao-vivo-em-coimbra\" target=\"_blank\" rel=\"noopener\">Jos\u00e9 Afonso ao vivo em Coimbra<\/a><\/div>\n","protected":false},"featured_media":16865,"template":"","meta":[],"product_brand":[],"product_cat":[321,323,315],"product_tag":[],"class_list":{"0":"post-9688","1":"product","2":"type-product","3":"status-publish","4":"has-post-thumbnail","6":"product_cat-edicoes-especiais-tradisom","7":"product_cat-popular-discos-tradisom","8":"product_cat-tradisom","10":"first","11":"instock","12":"shipping-taxable","13":"purchasable","14":"product-type-simple"},"_links":{"self":[{"href":"https:\/\/tradisom.com\/en\/wp-json\/wp\/v2\/product\/9688","targetHints":{"allow":["GET"]}}],"collection":[{"href":"https:\/\/tradisom.com\/en\/wp-json\/wp\/v2\/product"}],"about":[{"href":"https:\/\/tradisom.com\/en\/wp-json\/wp\/v2\/types\/product"}],"wp:featuredmedia":[{"embeddable":true,"href":"https:\/\/tradisom.com\/en\/wp-json\/wp\/v2\/media\/16865"}],"wp:attachment":[{"href":"https:\/\/tradisom.com\/en\/wp-json\/wp\/v2\/media?parent=9688"}],"wp:term":[{"taxonomy":"product_brand","embeddable":true,"href":"https:\/\/tradisom.com\/en\/wp-json\/wp\/v2\/product_brand?post=9688"},{"taxonomy":"product_cat","embeddable":true,"href":"https:\/\/tradisom.com\/en\/wp-json\/wp\/v2\/product_cat?post=9688"},{"taxonomy":"product_tag","embeddable":true,"href":"https:\/\/tradisom.com\/en\/wp-json\/wp\/v2\/product_tag?post=9688"}],"curies":[{"name":"wp","href":"https:\/\/api.w.org\/{rel}","templated":true}]}}