{"id":9517,"date":"2018-12-11T14:40:31","date_gmt":"2018-12-11T13:40:31","guid":{"rendered":"https:\/\/tradisom.com\/\/?post_type=product&#038;p=9517"},"modified":"2025-11-18T17:58:20","modified_gmt":"2025-11-18T16:58:20","slug":"luis-pipa-mozart","status":"publish","type":"product","link":"https:\/\/tradisom.com\/en\/product\/luis-pipa-mozart\/","title":{"rendered":"Lu\u00eds Pipa &#8211; Mozart"},"content":{"rendered":"<pre><span style=\"font-size: 130%;\"><strong>Wolfgang Amadeus Mozart (1756-1791)<\/strong><\/span>\r\n\r\nCD 1\r\n<strong>1.Fantasy in C minor, K. 396<\/strong> 13:32\r\nAdagio\r\n<strong>2.Fantasy in D minor, K. 397<\/strong> 07:30\r\nAndante-Adagio-Allegretto-Adagio molto*\r\n*Ending by Lu\u00eds Pipa\r\n<strong>3.Fantasy in C minor, K. 475<\/strong>  \u00a0 \u00a0 \u00a013:32\r\nAdagio-Allegro-Andantino-Pi\u00f9 allegro-Primo tempo\r\n<strong>4.Adagio in B minor, K. 540<\/strong>  \u00a0 \u00a0 \u00a0 15:12\r\nTotal Timing:\u00a0 49:53<\/pre>\n<p>&nbsp;<\/p>\n<pre><strong>CD 2<\/strong>\r\n<strong>12 Variations on \u201cAh, vous dirai-je maman\u201d, K. 265 <\/strong>(15:05)\r\n1.Thema\r\n\u00a0 \u00a0 \u00a0 \u00a0 \u00a0 \u00a0 \u00a0 \u00a0 \u00a0 \u00a0 \u00a0 \u00a0 \u00a0 \u00a0 \u00a0 \u00a0 \u00a0  \r\n2.Var. I\u00a0\u00a0\u00a0\u00a0\u00a0\u00a0\u00a0\u00a0\u00a0\u00a0\u00a0\u00a0 \u00a0\u00a0\u00a0\u00a0\u00a0\u00a0\u00a0\u00a0\u00a0\u00a0\u00a0\u00a0\u00a0\u00a0\u00a0\u00a0\u00a0\u00a0\u00a0\u00a0\u00a0\u00a0 \r\n3.Var. II\u00a0\u00a0\u00a0\u00a0\u00a0\u00a0\u00a0\u00a0\u00a0\u00a0\u00a0\u00a0\u00a0\u00a0\u00a0\u00a0\u00a0\u00a0\u00a0\u00a0\u00a0\u00a0\u00a0 \u00a0\u00a0\u00a0\u00a0\u00a0\u00a0\u00a0\u00a0\u00a0\u00a0 \r\n4.Var. III\u00a0 \u00a0 \u00a0 \u00a0 \u00a0 \u00a0 \u00a0 \u00a0 \u00a0 \u00a0 \u00a0 \u00a0 \u00a0 \u00a0 \u00a0 \u00a0 \u00a0  \r\n5.Var. IV\u00a0 \u00a0 \u00a0 \u00a0 \u00a0 \u00a0 \u00a0 \u00a0 \u00a0 \u00a0 \u00a0 \u00a0 \u00a0 \u00a0 \u00a0 \u00a0 \u00a0  \r\n6.Var. V\u00a0\u00a0\u00a0\u00a0\u00a0\u00a0\u00a0\u00a0\u00a0\u00a0\u00a0\u00a0\u00a0\u00a0\u00a0\u00a0\u00a0\u00a0\u00a0\u00a0\u00a0\u00a0\u00a0 \u00a0\u00a0\u00a0\u00a0\u00a0\u00a0\u00a0\u00a0\u00a0\u00a0 \r\n7.Var. VI\u00a0 \u00a0 \u00a0 \u00a0 \u00a0 \u00a0 \u00a0 \u00a0 \u00a0 \u00a0 \u00a0 \u00a0 \u00a0 \u00a0 \u00a0 \u00a0 \u00a0  \r\n8.Var. VII\u00a0 \u00a0 \u00a0 \u00a0 \u00a0 \u00a0 \u00a0 \u00a0 \u00a0 \u00a0 \u00a0 \u00a0 \u00a0 \u00a0 \u00a0 \u00a0  \r\n9.Var. VIII\u00a0 \u00a0 \u00a0 \u00a0 \u00a0 \u00a0 \u00a0 \u00a0 \u00a0 \u00a0 \u00a0 \u00a0 \u00a0 \u00a0 \u00a0 \u00a0  \r\n10.Var. IX\u00a0 \u00a0 \u00a0 \u00a0 \u00a0 \u00a0 \u00a0 \u00a0 \u00a0 \u00a0 \u00a0 \u00a0 \u00a0 \u00a0 \u00a0 \u00a0  \r\n11.Var. X\u00a0 \u00a0 \u00a0 \u00a0 \u00a0 \u00a0 \u00a0 \u00a0 \u00a0 \u00a0 \u00a0 \u00a0 \u00a0 \u00a0 \u00a0 \u00a0  \r\n12.Var. XI\u00a0 \u00a0 \u00a0 \u00a0 \u00a0 \u00a0 \u00a0 \u00a0 \u00a0 \u00a0 \u00a0 \u00a0 \u00a0 \u00a0 \u00a0 \u00a0  \r\n13.Var. XII\u00a0 \u00a0 \u00a0 \u00a0 \u00a0 \u00a0 \u00a0 \u00a0 \u00a0 \u00a0 \u00a0 \u00a0 \u00a0 \u00a0 \u00a0 \u00a0\r\n\r\n<strong>14.Rondo in D major, K. 485<\/strong> 6:47\r\nAllegro\r\n<strong>\u00a09 Variations on a Minuet by Duport, K. 573 <\/strong>(16:46)\r\n\r\n15.Thema\u00a0\u00a0\u00a0\u00a0\u00a0\u00a0\u00a0\u00a0\u00a0\u00a0\u00a0\u00a0\u00a0\u00a0\u00a0\u00a0\u00a0\u00a0\u00a0\u00a0\u00a0\u00a0\u00a0\u00a0\u00a0\u00a0\u00a0\u00a0\u00a0\u00a0\u00a0\u00a0\u00a0\u00a0\u00a0\u00a0\u00a0\u00a0\u00a0\u00a0\u00a0\u00a0\u00a0\r\n\r\n16.Var. I\u00a0\u00a0\u00a0\u00a0\u00a0\u00a0\u00a0\u00a0\u00a0\u00a0\u00a0\u00a0\u00a0\u00a0\u00a0\u00a0\u00a0\u00a0\u00a0\u00a0\u00a0\u00a0 \u00a0\u00a0\u00a0\u00a0\u00a0\u00a0\u00a0\u00a0\u00a0\u00a0\u00a0 \u00a0\u00a0\u00a0\u00a0\u00a0\u00a0\u00a0\u00a0\u00a0\u00a0 \r\n17.Var. II\u00a0 \u00a0 \u00a0 \u00a0 \u00a0 \u00a0 \u00a0 \u00a0 \u00a0 \u00a0 \u00a0 \u00a0 \u00a0 \u00a0 \u00a0 \u00a0 \u00a0 \u00a0 \u00a0 \u00a0 \u00a0 \u00a0  \r\n18.Var. III\u00a0 \u00a0 \u00a0 \u00a0 \u00a0 \u00a0 \u00a0 \u00a0 \u00a0 \u00a0 \u00a0 \u00a0 \u00a0 \u00a0 \u00a0 \u00a0 \u00a0 \u00a0 \u00a0 \u00a0 \u00a0 \u00a0  \r\n19.Var. IV\u00a0\u00a0\u00a0\u00a0\u00a0\u00a0\u00a0\u00a0\u00a0\u00a0\u00a0\u00a0\u00a0\u00a0\u00a0\u00a0\u00a0\u00a0\u00a0\u00a0\u00a0\u00a0\u00a0\u00a0\u00a0\u00a0\u00a0\u00a0\u00a0\u00a0\u00a0\u00a0\u00a0\u00a0\u00a0\u00a0\u00a0\u00a0\u00a0\u00a0\u00a0\u00a0 \r\n20.Var. V\u00a0\u00a0\u00a0\u00a0\u00a0\u00a0\u00a0\u00a0\u00a0\u00a0\u00a0\u00a0\u00a0\u00a0\u00a0\u00a0\u00a0\u00a0\u00a0\u00a0\u00a0\u00a0\u00a0\u00a0\u00a0\u00a0\u00a0\u00a0\u00a0\u00a0\u00a0\u00a0\u00a0\u00a0\u00a0\u00a0\u00a0\u00a0\u00a0\u00a0\u00a0\u00a0\u00a0 \r\n21.Var. VI\u00a0\u00a0\u00a0\u00a0\u00a0\u00a0\u00a0\u00a0\u00a0\u00a0\u00a0\u00a0\u00a0\u00a0\u00a0\u00a0\u00a0\u00a0\u00a0\u00a0\u00a0\u00a0\u00a0\u00a0\u00a0\u00a0\u00a0\u00a0\u00a0\u00a0\u00a0\u00a0\u00a0\u00a0\u00a0\u00a0\u00a0\u00a0\u00a0\u00a0\u00a0\u00a0 \r\n22.Var. VII\u00a0\u00a0\u00a0\u00a0\u00a0\u00a0\u00a0\u00a0\u00a0\u00a0\u00a0\u00a0\u00a0\u00a0\u00a0\u00a0\u00a0\u00a0\u00a0\u00a0\u00a0\u00a0\u00a0\u00a0\u00a0\u00a0\u00a0\u00a0\u00a0\u00a0\u00a0\u00a0\u00a0\u00a0\u00a0\u00a0\u00a0\u00a0\u00a0\u00a0\u00a0 \r\n23.Var. VIII\u00a0\u00a0\u00a0\u00a0\u00a0\u00a0\u00a0\u00a0\u00a0\u00a0\u00a0\u00a0\u00a0\u00a0\u00a0\u00a0\u00a0\u00a0\u00a0\u00a0\u00a0\u00a0\u00a0\u00a0\u00a0\u00a0\u00a0\u00a0\u00a0\u00a0\u00a0\u00a0\u00a0\u00a0\u00a0\u00a0\u00a0\u00a0\u00a0\u00a0 \r\n24.Var. IX\u00a0 \u00a0 \u00a0 \u00a0 \u00a0 \u00a0 \u00a0 \u00a0 \u00a0 \u00a0 \u00a0 \u00a0 \u00a0 \u00a0 \u00a0 \u00a0 \u00a0 \u00a0 \u00a0 \u00a0 \u00a0  \r\nTotal Timing:\u00a0 38:43<\/pre>\n<p><span style=\"font-size: 130%;\"><strong>Lu\u00eds Pipa, piano<\/strong><\/span><\/p>\n<p>Nascido na Figueira da Foz, \u00e9 Doutorado em <em>Performance <\/em>pela Universidade de Leeds, <em>Master of Music in Performance Studies<\/em> pela Universidade de Reading, e diplomado em piano com distin\u00e7\u00e3o pelo Conservat\u00f3rio de M\u00fasica do Porto; estudou ainda na classe de concerto de Noel Flores na Academia Superior de M\u00fasica e Artes Dram\u00e1ticas de Viena (\u00c1ustria).<\/p>\n<p>Publica regularmente artigos sobre t\u00e9cnica, interpreta\u00e7\u00e3o e pedagogia pian\u00edstica em revistas nacionais e internacionais.<\/p>\n<p>O seu percurso musical inclui numerosas apresenta\u00e7\u00f5es em Portugal e no estrangeiro, tendo colaborado com grandes solistas, maestros e orquestras de renome, e sendo frequentemente convidado a orientar master classes de piano em diversos pa\u00edses europeus e a integrar j\u00faris internacionais em concursos de piano.<\/p>\n<p>As suas v\u00e1rias grava\u00e7\u00f5es em CD abarcam desde o repert\u00f3rio Barroco ao do s\u00e9culo XX, incluindo algumas das suas pr\u00f3prias composi\u00e7\u00f5es. Faixas do seu CD <em>Portugal<\/em> figuraram na sele\u00e7\u00e3o oficial da companhia a\u00e9rea portuguesa TAP,\u00a0 incluindo sonatas de Carlos Seixas e \u2018My Beautiful Blue Country\u2019, a sua aclamada vers\u00e3o introspetiva para piano do Hino Nacional de Portugal. Uma cr\u00edtica publicada em dezembro de 2014 no <em>Piano Journal<\/em> considera este CD \u201cnot\u00e1vel e original\u201d prevendo que a obra <em>Suite<\/em> <em>Portugal<\/em> deixar\u00e1 a sua marca em futuras antologias de m\u00fasica portuguesa, descrevendo ainda Lu\u00eds Pipa como um pianista de grande \u201cprofundidade, poder e nobreza\u201d.<\/p>\n<p>\u00c9 professor de piano e m\u00fasica de c\u00e2mara na Universidade do Minho, sendo atualmente presidente da delega\u00e7\u00e3o portuguesa da European Piano Teachers Association (EPTA-Portugal) e Vice Presidente da EPTA internacional.<\/p>\n<p>&nbsp;<\/p>\n","protected":false},"excerpt":{"rendered":"<p>CD1<br \/>\n<iframe loading=\"lazy\" src=\"https:\/\/w.soundcloud.com\/player\/?url=https%3A\/\/api.soundcloud.com\/playlists\/1456383670&amp;color=%23ff5500&amp;auto_play=false&amp;hide_related=false&amp;show_comments=true&amp;show_user=false&amp;show_reposts=false&amp;show_teaser=true\" width=\"100%\" height=\"450\" frameborder=\"no\" scrolling=\"no\"><\/iframe><\/p>\n<div style=\"font-size: 10px; color: #cccccc; line-break: anywhere; word-break: normal; overflow: hidden; white-space: nowrap; text-overflow: ellipsis; font-family: Interstate,Lucida Grande,Lucida Sans Unicode,Lucida Sans,Garuda,Verdana,Tahoma,sans-serif; font-weight: 100;\"><a style=\"color: #cccccc; text-decoration: none;\" title=\"Tradisom\" href=\"https:\/\/soundcloud.com\/tradisom\" target=\"_blank\" rel=\"noopener\">Tradisom<\/a> \u00b7 <a style=\"color: #cccccc; text-decoration: none;\" title=\"Lu\u00eds Pipa - Mozart CD1\" href=\"https:\/\/soundcloud.com\/tradisom\/sets\/luis-pipa-mozart-cd1\" target=\"_blank\" rel=\"noopener\">Lu\u00eds Pipa &#8211; Mozart CD1<\/a><\/div>\n<p>CD2<br \/>\n<iframe loading=\"lazy\" src=\"https:\/\/w.soundcloud.com\/player\/?url=https%3A\/\/api.soundcloud.com\/playlists\/1456387750&amp;color=%23ff5500&amp;auto_play=false&amp;hide_related=false&amp;show_comments=true&amp;show_user=false&amp;show_reposts=false&amp;show_teaser=true\" width=\"100%\" height=\"450\" frameborder=\"no\" scrolling=\"no\"><\/iframe><\/p>\n<div style=\"font-size: 10px; color: #cccccc; line-break: anywhere; word-break: normal; overflow: hidden; white-space: nowrap; text-overflow: ellipsis; font-family: Interstate,Lucida Grande,Lucida Sans Unicode,Lucida Sans,Garuda,Verdana,Tahoma,sans-serif; font-weight: 100;\"><a style=\"color: #cccccc; text-decoration: none;\" title=\"Tradisom\" href=\"https:\/\/soundcloud.com\/tradisom\" target=\"_blank\" rel=\"noopener\">Tradisom<\/a> \u00b7 <a style=\"color: #cccccc; text-decoration: none;\" title=\"Lu\u00eds Pipa - Mozart CD2\" href=\"https:\/\/soundcloud.com\/tradisom\/sets\/luis-pipa-mozart-cd2\" target=\"_blank\" rel=\"noopener\">Lu\u00eds Pipa &#8211; Mozart CD2<\/a><\/div>\n","protected":false},"featured_media":16863,"template":"","meta":[],"product_brand":[],"product_cat":[319,316,315],"product_tag":[],"class_list":{"0":"post-9517","1":"product","2":"type-product","3":"status-publish","4":"has-post-thumbnail","6":"product_cat-classica-discos-tradisom","7":"product_cat-discos-tradisom","8":"product_cat-tradisom","10":"first","11":"instock","12":"shipping-taxable","13":"purchasable","14":"product-type-simple"},"_links":{"self":[{"href":"https:\/\/tradisom.com\/en\/wp-json\/wp\/v2\/product\/9517","targetHints":{"allow":["GET"]}}],"collection":[{"href":"https:\/\/tradisom.com\/en\/wp-json\/wp\/v2\/product"}],"about":[{"href":"https:\/\/tradisom.com\/en\/wp-json\/wp\/v2\/types\/product"}],"wp:featuredmedia":[{"embeddable":true,"href":"https:\/\/tradisom.com\/en\/wp-json\/wp\/v2\/media\/16863"}],"wp:attachment":[{"href":"https:\/\/tradisom.com\/en\/wp-json\/wp\/v2\/media?parent=9517"}],"wp:term":[{"taxonomy":"product_brand","embeddable":true,"href":"https:\/\/tradisom.com\/en\/wp-json\/wp\/v2\/product_brand?post=9517"},{"taxonomy":"product_cat","embeddable":true,"href":"https:\/\/tradisom.com\/en\/wp-json\/wp\/v2\/product_cat?post=9517"},{"taxonomy":"product_tag","embeddable":true,"href":"https:\/\/tradisom.com\/en\/wp-json\/wp\/v2\/product_tag?post=9517"}],"curies":[{"name":"wp","href":"https:\/\/api.w.org\/{rel}","templated":true}]}}