{"id":9400,"date":"2018-12-10T17:12:18","date_gmt":"2018-12-10T16:12:18","guid":{"rendered":"https:\/\/tradisom.com\/\/?post_type=product&#038;p=9400"},"modified":"2025-09-03T09:35:56","modified_gmt":"2025-09-03T08:35:56","slug":"sexteto-septeto-passos-de-freitas-integral-das-gravacoes-1928-1929","status":"publish","type":"product","link":"https:\/\/tradisom.com\/en\/product\/sexteto-septeto-passos-de-freitas-integral-das-gravacoes-1928-1929\/","title":{"rendered":"Sexteto\/Septeto Passos de Freitas &#8211; Integral das Grava\u00e7\u00f5es (1928\/1929)"},"content":{"rendered":"<p>Noventa anos transcorridos sobre as primeiras grava\u00e7\u00f5es realizadas em discos de 78 rota\u00e7\u00f5es, reunimos neste CD todos os temas musicais outrora editados pelo <em>Sexteto\/Septeto Passos de Freitas<\/em>, de modo a que sejam conhecidos e apreciados pela actual gera\u00e7\u00e3o de mel\u00f3manos, e que se perpetue, de forma indel\u00e9vel, na Hist\u00f3ria da M\u00fasica da Madeira, a aur\u00e9ola de gl\u00f3ria que outrora pairou sobre esta ilustre forma\u00e7\u00e3o musical insular.<\/p>\n<p>Digibook de 120 p\u00e1ginas, com profusa informa\u00e7\u00e3o hist\u00f3rica sobre este agrupamento.<\/p>\n","protected":false},"excerpt":{"rendered":"<p><iframe loading=\"lazy\" src=\"https:\/\/w.soundcloud.com\/player\/?url=https%3A\/\/api.soundcloud.com\/playlists\/1367990368&amp;color=%2354541b&amp;auto_play=false&amp;hide_related=false&amp;show_comments=false&amp;show_user=false&amp;show_reposts=false&amp;show_teaser=false\" width=\"100%\" height=\"450\" frameborder=\"no\" scrolling=\"no\"><\/iframe><\/p>\n<div style=\"font-size: 10px; color: #cccccc; line-break: anywhere; word-break: normal; overflow: hidden; white-space: nowrap; text-overflow: ellipsis; font-family: Interstate,Lucida Grande,Lucida Sans Unicode,Lucida Sans,Garuda,Verdana,Tahoma,sans-serif; font-weight: 100;\"><a style=\"color: #cccccc; text-decoration: none;\" title=\"Tradisom\" href=\"https:\/\/soundcloud.com\/tradisom\" target=\"_blank\" rel=\"noopener\">Tradisom<\/a> \u00b7 <a style=\"color: #cccccc; text-decoration: none;\" title=\"Integral das Grava\u00e7\u00f5es (1928-1929) - Sexteto Passos de Freitas\" href=\"https:\/\/soundcloud.com\/tradisom\/sets\/integral-das-gravacoes-sexteto-passos-de-freitas\" target=\"_blank\" rel=\"noopener\">Integral das Grava\u00e7\u00f5es (1928-1929) &#8211; Sexteto Passos de Freitas<\/a><\/div>\n","protected":false},"featured_media":16859,"template":"","meta":[],"product_brand":[],"product_cat":[319,316,317,322],"product_tag":[],"class_list":{"0":"post-9400","1":"product","2":"type-product","3":"status-publish","4":"has-post-thumbnail","6":"product_cat-classica-discos-tradisom","7":"product_cat-discos-tradisom","8":"product_cat-fado-discos-tradisom","9":"product_cat-tradicional-discos-tradisom","11":"first","12":"instock","13":"sale","14":"shipping-taxable","15":"purchasable","16":"product-type-simple"},"_links":{"self":[{"href":"https:\/\/tradisom.com\/en\/wp-json\/wp\/v2\/product\/9400","targetHints":{"allow":["GET"]}}],"collection":[{"href":"https:\/\/tradisom.com\/en\/wp-json\/wp\/v2\/product"}],"about":[{"href":"https:\/\/tradisom.com\/en\/wp-json\/wp\/v2\/types\/product"}],"wp:featuredmedia":[{"embeddable":true,"href":"https:\/\/tradisom.com\/en\/wp-json\/wp\/v2\/media\/16859"}],"wp:attachment":[{"href":"https:\/\/tradisom.com\/en\/wp-json\/wp\/v2\/media?parent=9400"}],"wp:term":[{"taxonomy":"product_brand","embeddable":true,"href":"https:\/\/tradisom.com\/en\/wp-json\/wp\/v2\/product_brand?post=9400"},{"taxonomy":"product_cat","embeddable":true,"href":"https:\/\/tradisom.com\/en\/wp-json\/wp\/v2\/product_cat?post=9400"},{"taxonomy":"product_tag","embeddable":true,"href":"https:\/\/tradisom.com\/en\/wp-json\/wp\/v2\/product_tag?post=9400"}],"curies":[{"name":"wp","href":"https:\/\/api.w.org\/{rel}","templated":true}]}}