{"id":8330,"date":"2018-12-10T16:24:47","date_gmt":"2018-12-10T16:24:47","guid":{"rendered":"https:\/\/tradisom.com\/\/?post_type=product&#038;p=8330"},"modified":"2025-09-01T16:28:59","modified_gmt":"2025-09-01T15:28:59","slug":"gaitas-de-fole-em-portugal","status":"publish","type":"product","link":"https:\/\/tradisom.com\/en\/product\/gaitas-de-fole-em-portugal\/","title":{"rendered":"Gaitas de Fole em Portugal &#8211; Paulo Marinho"},"content":{"rendered":"<p class=\"p1\"><i>Gaitas de Fole em <\/i><i>Portugal<\/i>, de Paulo Tato Marinho, que muitos recordam dos S\u00e9tima Legi\u00e3o ou dos Gaiteiros de Lisboa, grupo que ajudou a fundar. Lan\u00e7ado na sede da Xuventude de Galicia, \u00e0 qual est\u00e1 ligado h\u00e1 muitos anos, o disco \u00e9 um comp\u00eandio de sonoridades gaiteiras, recorrendo a um n\u00famero consider\u00e1vel de ponteiros e roncos e \u201cradiografando\u201d a experi\u00eancia em textos, quadros e notas informativas. Maioritariamente em temas tradicionais de v\u00e1rias regi\u00f5es do pa\u00eds, indo das cantigas de D. Dinis aos Lha\u00e7os mirandeses.<\/p>\n<p class=\"p1\">Nuno Pacheco, in <em>Jornal P\u00fablico<\/em><\/p>\n<p><span style=\"font-size: 130%;\"><strong>PAULO MARINHO<\/strong><\/span><\/p>\n<p>Nasceu em Lisboa no ano de 1964. Dedica-se \u00e0s gaitas de fole como instrumentista, professor, investigador, divulgador, compositor e construtor. Come\u00e7ou a tocar gaita de fole em 1982. O seu gosto pelo instrumentos nasceu no Alto Minho onde passava f\u00e9rias na aldeia da sua fam\u00edlia paterna, S\u00e3o Pedro da Torres \u2013 Valen\u00e7a. Nesta zona, e abrangendo a Galiza, viu e ouviu z\u00e9s pereiras e gaiteiros criando desde cedo um fasc\u00ednio pela gaita de fole.<\/p>\n<p>Em 1983 integrou o grupo musical \u201c<em>S\u00e9tima Legi\u00e3o<\/em>\u201d e no ano seguinte o grupo de dan\u00e7as e cantares <em>Anaquinos<\/em> da Terra da Xuventude da Galiza \u2013 Centro Galego de Lisboa. Em 1992 foi um dos fundadores do grupo musical \u201cGaiteiros de Lisboa\u201d. . Em 1999 foi um dos fundadores da APEDGF-\u201c<em>Associa\u00e7\u00e3o Portuguesa para o Estudo e Divulga\u00e7\u00e3o da Gaita de Foles<\/em>\u201d. Tem participado e colaborado em espect\u00e1culos e discos com v\u00e1rios projectos musicais.<\/p>\n<p>Este disco percorre o universo das gaitas de fole, atrav\u00e9s de m\u00fasicas oriundas de v\u00e1rias regi\u00f5es do pa\u00eds e conta ainda com a colabora\u00e7\u00e3o de v\u00e1rios instrumentistas e vozes.<\/p>\n<p>Um disco original e fundamental para conhecer este instrumento t\u00e3o popular nosso pa\u00eds.<\/p>\n<p>&nbsp;<\/p>\n","protected":false},"excerpt":{"rendered":"<p><iframe loading=\"lazy\" src=\"https:\/\/w.soundcloud.com\/player\/?url=https%3A\/\/api.soundcloud.com\/playlists\/1371036682&amp;color=%2354541b&amp;auto_play=false&amp;hide_related=false&amp;show_comments=false&amp;show_user=false&amp;show_reposts=false&amp;show_teaser=false\" width=\"100%\" height=\"450\" frameborder=\"no\" scrolling=\"no\"><\/iframe><\/p>\n<div style=\"font-size: 10px; color: #cccccc; line-break: anywhere; word-break: normal; overflow: hidden; white-space: nowrap; text-overflow: ellipsis; font-family: Interstate,Lucida Grande,Lucida Sans Unicode,Lucida Sans,Garuda,Verdana,Tahoma,sans-serif; font-weight: 100;\"><a style=\"color: #cccccc; text-decoration: none;\" title=\"Tradisom\" href=\"https:\/\/soundcloud.com\/tradisom\" target=\"_blank\" rel=\"noopener\">Tradisom<\/a> \u00b7 <a style=\"color: #cccccc; text-decoration: none;\" title=\"Gaitas de Fole em Portugal - Paulo Marinho\" href=\"https:\/\/soundcloud.com\/tradisom\/sets\/gaitas-de-fole-em-portugal-paulo-marinho\" target=\"_blank\" rel=\"noopener\">Gaitas de Fole em Portugal &#8211; Paulo Marinho<\/a><\/div>\n","protected":false},"featured_media":16857,"template":"","meta":[],"product_brand":[],"product_cat":[316,322,315],"product_tag":[],"class_list":{"0":"post-8330","1":"product","2":"type-product","3":"status-publish","4":"has-post-thumbnail","6":"product_cat-discos-tradisom","7":"product_cat-tradicional-discos-tradisom","8":"product_cat-tradisom","10":"first","11":"outofstock","12":"downloadable","13":"shipping-taxable","14":"purchasable","15":"product-type-simple"},"_links":{"self":[{"href":"https:\/\/tradisom.com\/en\/wp-json\/wp\/v2\/product\/8330","targetHints":{"allow":["GET"]}}],"collection":[{"href":"https:\/\/tradisom.com\/en\/wp-json\/wp\/v2\/product"}],"about":[{"href":"https:\/\/tradisom.com\/en\/wp-json\/wp\/v2\/types\/product"}],"wp:featuredmedia":[{"embeddable":true,"href":"https:\/\/tradisom.com\/en\/wp-json\/wp\/v2\/media\/16857"}],"wp:attachment":[{"href":"https:\/\/tradisom.com\/en\/wp-json\/wp\/v2\/media?parent=8330"}],"wp:term":[{"taxonomy":"product_brand","embeddable":true,"href":"https:\/\/tradisom.com\/en\/wp-json\/wp\/v2\/product_brand?post=8330"},{"taxonomy":"product_cat","embeddable":true,"href":"https:\/\/tradisom.com\/en\/wp-json\/wp\/v2\/product_cat?post=8330"},{"taxonomy":"product_tag","embeddable":true,"href":"https:\/\/tradisom.com\/en\/wp-json\/wp\/v2\/product_tag?post=8330"}],"curies":[{"name":"wp","href":"https:\/\/api.w.org\/{rel}","templated":true}]}}