{"id":8225,"date":"2018-11-08T13:08:16","date_gmt":"2018-11-08T12:08:16","guid":{"rendered":"https:\/\/tradisom.com\/\/?post_type=product&#038;p=8225"},"modified":"2025-09-01T16:37:53","modified_gmt":"2025-09-01T15:37:53","slug":"antologia-do-centenario-1903-2003","status":"publish","type":"product","link":"https:\/\/tradisom.com\/en\/product\/antologia-do-centenario-1903-2003\/","title":{"rendered":"Antologia do Centen\u00e1rio da Banda da Armada &#8211; 1903-2003"},"content":{"rendered":"<p>A grava\u00e7\u00e3o do primeiro disco gravado da Banda da Armada Portuguesa realizou-se no ano de 1903 e, sobre ela, deixou-nos Alberto Cutileiro uma descri\u00e7\u00e3o curios\u00edssima no livreto do disco agora editado.<br \/>\nVinte e seis anos depois de esse texto ter sido escrito, quando tent\u00e1vamos encontrar a sua matriz t\u00e3o importante, tanto para a Marinha e a sua Banda, como para a hist\u00f3ria da m\u00fasica portuguesa, trav\u00e1mos conhecimento com George Woolford membro da City of London Phonograph &amp; Gramophone Society Ltd.. Trata-se de uma das institui\u00e7\u00f5es mais credenciadas no estudo dos prim\u00f3rdios da fonografia.<\/p>\n<p>Os seus patronos s\u00e3o Oliver Berliner (neto do Emile Berliner, inventor do gramofone), George Frow (distinto coleccionador e investigador) e Frank Andrews (uma das maiores refer\u00eancias neste campo, com in\u00fameros estudos editados). Foi precisamente este \u00faltimo quem nos forneceu alguns dados hist\u00f3ricos sobre o primeiro disco confirmando informa\u00e7\u00f5es j\u00e1 registadas por Alberto Cutileiro.<\/p>\n<p>Efectivamente, a\u00a0<em>The Gramophone and Typewriter Ltd<\/em>\u00a0gravou em Lisboa, no primeiro trimestre de 1903, datando desse mesmo ano as matrizes dos\u00a0<em>registos de Hannover<\/em>, em que aparecem 9 pe\u00e7as pela Banda dos Marinheiros da Armada, entre elas os<em>Cantos Populares Portuguezes de Rodriguez<\/em>: Ainda segundo Frank<br \/>\nAndrews, o disco 60148 (<em>Cantos Populares<\/em>) ter\u00e1 sido um\u00a0<em>test pressing<\/em>\u00a0n\u00e3o comercializado, o que vai ao encontro da descri\u00e7\u00e3o de Alberto Cutileiro quando este alia a vinda do rei Edward VII com a grava\u00e7\u00e3o, indiciando a tentativa de abertura de um neg\u00f3cio ingl\u00eas de venda de discos e gramofones em Lisboa.<\/p>\n<p>Tivemos tamb\u00e9m acesso a um cat\u00e1logo portugu\u00eas de venda de discos para gramofone de 1906, em que aparecem 17 pe\u00e7as diferentes das dos\u00a0<em>registos de Hannover<\/em>, interpretadas pela Banda dos Marinheiros da Armada, sendo uma delas o hino Anglo-Luso do maestro Ant\u00f3nio Maria Ch\u00e9u. Sabemos que as 9 pe\u00e7as dos\u00a0<em>registos de Hannover<\/em>\u00a0foram gravadas no in\u00edcio de 1903, mas destas outras 17 sabemos apenas que foram comercializadas em Lisboa em 1906, podendo ou n\u00e3o terem sido gravadas no mesmo ano. Tendo em conta outra informa\u00e7\u00e3o de Frank Andrews, depois de Lisboa, no in\u00edcio de 1903, a mesma equipa t\u00e9cnica da G&amp;T gravou em Madrid, Barcelona e Val\u00eancia, tendo voltado a Lisboa em 1904. Esta informa\u00e7\u00e3o vai tamb\u00e9m ao encontro do conhecimento que j\u00e1 t\u00ednhamos da exist\u00eancia de discos de fado e de um disco da Guarda Municipal de Lisboa gravados em 1904.<br \/>\nOs novos dados encaixam, indubitavelmente, nos que conhec\u00edamos e, \u00e0 medida que esta imagem da hist\u00f3ria da m\u00fasica portuguesa se foi revelando, como num puzzle que \u00edamos montando, fic\u00e1mos com a percep\u00e7\u00e3o do muito que falta saber e investigar.<\/p>\n<p>&nbsp;<\/p>\n","protected":false},"excerpt":{"rendered":"<p>s\u00f3 em MP3<\/p>\n","protected":false},"featured_media":29188,"template":"","meta":[],"product_brand":[],"product_cat":[381,333],"product_tag":[],"class_list":{"0":"post-8225","1":"product","2":"type-product","3":"status-publish","4":"has-post-thumbnail","6":"product_cat-mp3-sons-da-terra","7":"product_cat-sons-da-terra","9":"first","10":"outofstock","11":"downloadable","12":"virtual","13":"purchasable","14":"product-type-simple"},"_links":{"self":[{"href":"https:\/\/tradisom.com\/en\/wp-json\/wp\/v2\/product\/8225","targetHints":{"allow":["GET"]}}],"collection":[{"href":"https:\/\/tradisom.com\/en\/wp-json\/wp\/v2\/product"}],"about":[{"href":"https:\/\/tradisom.com\/en\/wp-json\/wp\/v2\/types\/product"}],"wp:featuredmedia":[{"embeddable":true,"href":"https:\/\/tradisom.com\/en\/wp-json\/wp\/v2\/media\/29188"}],"wp:attachment":[{"href":"https:\/\/tradisom.com\/en\/wp-json\/wp\/v2\/media?parent=8225"}],"wp:term":[{"taxonomy":"product_brand","embeddable":true,"href":"https:\/\/tradisom.com\/en\/wp-json\/wp\/v2\/product_brand?post=8225"},{"taxonomy":"product_cat","embeddable":true,"href":"https:\/\/tradisom.com\/en\/wp-json\/wp\/v2\/product_cat?post=8225"},{"taxonomy":"product_tag","embeddable":true,"href":"https:\/\/tradisom.com\/en\/wp-json\/wp\/v2\/product_tag?post=8225"}],"curies":[{"name":"wp","href":"https:\/\/api.w.org\/{rel}","templated":true}]}}