{"id":8115,"date":"2018-11-08T11:48:46","date_gmt":"2018-11-08T10:48:46","guid":{"rendered":"https:\/\/tradisom.com\/\/?post_type=product&#038;p=8115"},"modified":"2025-09-01T16:29:31","modified_gmt":"2025-09-01T15:29:31","slug":"amarantina","status":"publish","type":"product","link":"https:\/\/tradisom.com\/en\/product\/amarantina\/","title":{"rendered":"Chico Gouveia \u2013 Amarantina"},"content":{"rendered":"<p>Chico Gouveia (CG) \u00e9 um guitarrista portugu\u00eas que se dedica ao estudo dos cordofones populares portugueses. \u201cAmarantina\u201d \u00e9 o resultado do trabalho de pesquisa e composi\u00e7\u00e3o para a \u201cviola Amarantina\u201d (viola popular oriunda da regi\u00e3o de Amarante, Norte de Portugal), e onde demonstra as potencialidades deste instrumento tocando-o em 12 temas originais, especialmente escritos para esta viola, executando-os com variadas t\u00e9cnicas.<\/p>\n","protected":false},"excerpt":{"rendered":"<p><iframe loading=\"lazy\" src=\"https:\/\/w.soundcloud.com\/player\/?url=https%3A\/\/api.soundcloud.com\/playlists\/1363812844&amp;color=%2354541b&amp;auto_play=false&amp;hide_related=false&amp;show_comments=false&amp;show_user=false&amp;show_reposts=false&amp;show_teaser=false&amp;visual=true\" width=\"100%\" height=\"450\" frameborder=\"no\" scrolling=\"no\"><\/iframe><\/p>\n<div style=\"font-size: 10px; color: #cccccc; line-break: anywhere; word-break: normal; overflow: hidden; white-space: nowrap; text-overflow: ellipsis; font-family: Interstate,Lucida Grande,Lucida Sans Unicode,Lucida Sans,Garuda,Verdana,Tahoma,sans-serif; font-weight: 100;\"><a style=\"color: #cccccc; text-decoration: none;\" title=\"Tradisom\" href=\"https:\/\/soundcloud.com\/tradisom\" target=\"_blank\" rel=\"noopener\">Tradisom<\/a> \u00b7 <a style=\"color: #cccccc; text-decoration: none;\" title=\"Amarantina - A Viola Amarantina de Chico Gouveia\" href=\"https:\/\/soundcloud.com\/tradisom\/sets\/amarantina-a-viola-amarantina-de-chico-gouveia\" target=\"_blank\" rel=\"noopener\">Amarantina &#8211; A Viola Amarantina de Chico Gouveia<\/a><\/div>\n","protected":false},"featured_media":16849,"template":"","meta":[],"product_brand":[],"product_cat":[322,315],"product_tag":[],"class_list":{"0":"post-8115","1":"product","2":"type-product","3":"status-publish","4":"has-post-thumbnail","6":"product_cat-tradicional-discos-tradisom","7":"product_cat-tradisom","9":"first","10":"instock","11":"sale","12":"shipping-taxable","13":"purchasable","14":"product-type-simple"},"_links":{"self":[{"href":"https:\/\/tradisom.com\/en\/wp-json\/wp\/v2\/product\/8115","targetHints":{"allow":["GET"]}}],"collection":[{"href":"https:\/\/tradisom.com\/en\/wp-json\/wp\/v2\/product"}],"about":[{"href":"https:\/\/tradisom.com\/en\/wp-json\/wp\/v2\/types\/product"}],"wp:featuredmedia":[{"embeddable":true,"href":"https:\/\/tradisom.com\/en\/wp-json\/wp\/v2\/media\/16849"}],"wp:attachment":[{"href":"https:\/\/tradisom.com\/en\/wp-json\/wp\/v2\/media?parent=8115"}],"wp:term":[{"taxonomy":"product_brand","embeddable":true,"href":"https:\/\/tradisom.com\/en\/wp-json\/wp\/v2\/product_brand?post=8115"},{"taxonomy":"product_cat","embeddable":true,"href":"https:\/\/tradisom.com\/en\/wp-json\/wp\/v2\/product_cat?post=8115"},{"taxonomy":"product_tag","embeddable":true,"href":"https:\/\/tradisom.com\/en\/wp-json\/wp\/v2\/product_tag?post=8115"}],"curies":[{"name":"wp","href":"https:\/\/api.w.org\/{rel}","templated":true}]}}