{"id":785,"date":"2018-04-23T16:14:24","date_gmt":"2018-04-23T16:14:24","guid":{"rendered":"https:\/\/tradisom.com\/\/?post_type=product&#038;p=785"},"modified":"2025-09-01T18:07:34","modified_gmt":"2025-09-01T17:07:34","slug":"dialogos-do-silencio","status":"publish","type":"product","link":"https:\/\/tradisom.com\/en\/product\/dialogos-do-silencio\/","title":{"rendered":"Alberto Estima de Oliveira &#8211; Di\u00e1logos do sil\u00eancio"},"content":{"rendered":"<p>POESIA E IMPROVISOS DE VIOLINO<\/p>\n<p>Poucos poetas, no presente, nos colocam t\u00e3o de frente para os ziguezagues da vida como Estima de Oliveira. Pesquisador-lapidador da lusa palavra po\u00e9tica, o Alberto ainda tem mais: traz consigo os tambores, os ecos, os movimentos corporais oralizados de vulc\u00f5es ou de riachos, de vidas e de mortes. A esta poesia se juntaram a expressiva interven\u00e7\u00e3o de H\u00e9lder Fernando, que declamou, e de Carlos Damas que utilizou o seu violino como poucos o saberiam fazer.<\/p>\n<p>Al\u00e9m dos poemas de Alberto Estima de Oliveira, participaram Helder Fernando como declamador e Carlos Damas com os seus improvisos no violino.<\/p>\n<p>Este disco cont\u00e9m um livreto de 44 p\u00e1ginas.<\/p>\n<p>Estima de Oliveira possui e preserva a no\u00e7\u00e3o singular dum tempo, que a sua poesia manda ser continuo e perp\u00e9tuo, l\u00f3gico e il\u00f3gico, de racioc\u00ednio matem\u00e1tico ou de ineg\u00e1vel fluidez.<\/p>\n<p>\u00c9 isto que sentimos na leitura da sua poesia. Foi isto que sentimos quando apareceu a hip\u00f3tese de registar em disco uma pequena parte da sua obra.<\/p>\n<p>Duas ou tr\u00eas longas noites passadas em est\u00fadio at\u00e9 bebermos a manh\u00e3, representam das mais f\u00e9rteis experi\u00eancias que vivemos. E dos mais nobres prazeres que a vida deu a algumas pessoas.<\/p>\n<p>Exigente que o Alberto era, nunca problematizou qualquer nuance fruto da interpreta\u00e7\u00e3o dos seus poemas pelos intervenientes. Como autor, em est\u00fadio, jamais hierarquizou posi\u00e7\u00f5es. Trabalhou-se sempre em p\u00e9 de igualdade; o poeta, o int\u00e9rprete das palavras, a criatividade do m\u00fasico, e engenho dos t\u00e9cnicos de som. At\u00e9 mesmo os criativos que conceberam esta capa e este livreto.<\/p>\n<p>Acreditamos que este disco tenha sido um atalho para se chegar ao fant\u00e1stico legado po\u00e9tico de Alberto Estima de Oliveira (1934-2008).<\/p>\n","protected":false},"excerpt":{"rendered":"<p>s\u00f3 em MP3<\/p>\n<p><iframe loading=\"lazy\" width=\"100%\" height=\"450\" scrolling=\"no\" frameborder=\"no\" allow=\"autoplay\" src=\"https:\/\/w.soundcloud.com\/player\/?url=https%3A\/\/api.soundcloud.com\/playlists\/1456425505&#038;color=%23ff5500&#038;auto_play=false&#038;hide_related=false&#038;show_comments=true&#038;show_user=false&#038;show_reposts=false&#038;show_teaser=true\"><\/iframe><\/p>\n<div style=\"font-size: 10px; color: #cccccc;line-break: anywhere;word-break: normal;overflow: hidden;white-space: nowrap;text-overflow: ellipsis; font-family: Interstate,Lucida Grande,Lucida Sans Unicode,Lucida Sans,Garuda,Verdana,Tahoma,sans-serif;font-weight: 100;\"><a href=\"https:\/\/soundcloud.com\/tradisom\" title=\"Tradisom\" target=\"_blank\" style=\"color: #cccccc; text-decoration: none;\" rel=\"noopener\">Tradisom<\/a> \u00b7 <a href=\"https:\/\/soundcloud.com\/tradisom\/sets\/alberto-estima-de-oliveira-dialogos-do-silencio\" title=\"Alberto Estima de Oliveira - Di\u00e1logos do sil\u00eancio\" target=\"_blank\" style=\"color: #cccccc; text-decoration: none;\" rel=\"noopener\">Alberto Estima de Oliveira &#8211; Di\u00e1logos do sil\u00eancio<\/a><\/div>\n","protected":false},"featured_media":16749,"template":"","meta":[],"product_brand":[],"product_cat":[316,324,315],"product_tag":[],"class_list":{"0":"post-785","1":"product","2":"type-product","3":"status-publish","4":"has-post-thumbnail","6":"product_cat-discos-tradisom","7":"product_cat-poesia-discos-tradisom","8":"product_cat-tradisom","10":"first","11":"instock","12":"shipping-taxable","13":"purchasable","14":"product-type-variable"},"_links":{"self":[{"href":"https:\/\/tradisom.com\/en\/wp-json\/wp\/v2\/product\/785","targetHints":{"allow":["GET"]}}],"collection":[{"href":"https:\/\/tradisom.com\/en\/wp-json\/wp\/v2\/product"}],"about":[{"href":"https:\/\/tradisom.com\/en\/wp-json\/wp\/v2\/types\/product"}],"wp:featuredmedia":[{"embeddable":true,"href":"https:\/\/tradisom.com\/en\/wp-json\/wp\/v2\/media\/16749"}],"wp:attachment":[{"href":"https:\/\/tradisom.com\/en\/wp-json\/wp\/v2\/media?parent=785"}],"wp:term":[{"taxonomy":"product_brand","embeddable":true,"href":"https:\/\/tradisom.com\/en\/wp-json\/wp\/v2\/product_brand?post=785"},{"taxonomy":"product_cat","embeddable":true,"href":"https:\/\/tradisom.com\/en\/wp-json\/wp\/v2\/product_cat?post=785"},{"taxonomy":"product_tag","embeddable":true,"href":"https:\/\/tradisom.com\/en\/wp-json\/wp\/v2\/product_tag?post=785"}],"curies":[{"name":"wp","href":"https:\/\/api.w.org\/{rel}","templated":true}]}}