{"id":690,"date":"2018-04-02T17:56:49","date_gmt":"2018-04-02T17:56:49","guid":{"rendered":"https:\/\/tradisom.com\/\/?post_type=product&#038;p=690"},"modified":"2025-09-01T18:21:49","modified_gmt":"2025-09-01T17:21:49","slug":"jose-alberto-sardinha-a-viola-campanica-1-o-outro-alentejo","status":"publish","type":"product","link":"https:\/\/tradisom.com\/en\/product\/jose-alberto-sardinha-a-viola-campanica-1-o-outro-alentejo\/","title":{"rendered":"Jos\u00e9 Alberto Sardinha \u2013 A Viola Campani\u00e7a 1, O Outro Alentejo"},"content":{"rendered":"<p>Foi gra\u00e7as \u00e0 investiga\u00e7\u00e3o de Jos\u00e9 Alberto Sardinha e ao estudo que publicou em 1986 que foi poss\u00edvel salvar do esquecimento os \u00faltimos tocadores de viola campani\u00e7a e fazer renascer o interesse, a n\u00edvel local e nacional, sobre esta singular viola alentejana.<\/p>\n<p>Sem a edi\u00e7\u00e3o da obra Viola Campani\u00e7a, o Outro Alentejo, n\u00e3o teria acontecido este movimento de renascimento e provavelmente os tocadores que conhecemos hoje teriam morrido sem que deles houvesse not\u00edcia.<br \/>\n\u00c9 por isso com muito orgulho que a Tradisom d\u00e1 agora a p\u00fablico uma nova obra do mesmo investigador com o mesmo t\u00edtulo, Viola Campani\u00e7a, o Outro Alentejo, mas desta vez comportando um estudo organol\u00f3gico muito mais desenvolvido, uma descri\u00e7\u00e3o mais completa da investiga\u00e7\u00e3o e a reprodu\u00e7\u00e3o de um muito maior n\u00famero de registos sonoros, seleccionados de entre as grava\u00e7\u00f5es de campo que o autor efectuou desde 1983 at\u00e9 ao presente. Com esta obra julgamos come\u00e7ar da melhor maneira a presente colec\u00e7\u00e3o, que esperamos possa vir a contribuir para o melhor conhecimento da tradi\u00e7\u00e3o musical do nosso povo.<br \/>\nEste livro tem 208 p\u00e1ginas, faz-se acompanhar de 2 CD&#8217;s, e est\u00e1 dividido em v\u00e1rios cap\u00edtulos, de que nos permitimos destacar os seguintes:<br \/>\nA Viola \u2013 Recens\u00e3o Hist\u00f3rica; Not\u00edcias portuguesas sobre a Viola, A Viola no Brasil e Usos e Fun\u00e7\u00f5es da Viola Campani\u00e7a.<br \/>\nAl\u00e9m de outros cap\u00edtulos, possui um ap\u00eandice sobre a Constru\u00e7\u00e3o da Viola Campani\u00e7a, bem como toda a informa\u00e7\u00e3o relativa aos int\u00e9rpretes, \u00e0s faixas dos discos, e respectivas letras.<\/p>\n","protected":false},"excerpt":{"rendered":"<p><strong>S\u00f3 em MP3<\/strong><\/p>\n<p><iframe loading=\"lazy\" src=\"https:\/\/w.soundcloud.com\/player\/?url=https%3A\/\/api.soundcloud.com\/playlists\/1363695355&amp;color=%23ff5500&amp;auto_play=false&amp;hide_related=false&amp;show_comments=true&amp;show_user=false&amp;show_reposts=false&amp;show_teaser=true\" width=\"100%\" height=\"450\" frameborder=\"no\" scrolling=\"no\"><\/iframe><\/p>\n<div style=\"font-size: 10px; color: #cccccc; line-break: anywhere; word-break: normal; overflow: hidden; white-space: nowrap; text-overflow: ellipsis; font-family: Interstate,Lucida Grande,Lucida Sans Unicode,Lucida Sans,Garuda,Verdana,Tahoma,sans-serif; font-weight: 100;\"><a style=\"color: #cccccc; text-decoration: none;\" title=\"Tradisom\" href=\"https:\/\/soundcloud.com\/tradisom\" target=\"_blank\" rel=\"noopener\">Tradisom<\/a> \u00b7 <a style=\"color: #cccccc; text-decoration: none;\" title=\"A Viola Campani\u00e7a 1 - O Outro Alentejo - Jos\u00e9 Alberto Sardinha\" href=\"https:\/\/soundcloud.com\/tradisom\/sets\/a-viola-campanica-1-o-outro-alentejo-jose-alberto-sardinha\" target=\"_blank\" rel=\"noopener\">A Viola Campani\u00e7a 1 &#8211; O Outro Alentejo &#8211; Jos\u00e9 Alberto Sardinha<\/a><\/div>\n","protected":false},"featured_media":16721,"template":"","meta":[],"product_brand":[],"product_cat":[380,315],"product_tag":[],"class_list":{"0":"post-690","1":"product","2":"type-product","3":"status-publish","4":"has-post-thumbnail","6":"product_cat-mp3","7":"product_cat-tradisom","9":"first","10":"instock","11":"downloadable","12":"virtual","13":"purchasable","14":"product-type-simple"},"_links":{"self":[{"href":"https:\/\/tradisom.com\/en\/wp-json\/wp\/v2\/product\/690","targetHints":{"allow":["GET"]}}],"collection":[{"href":"https:\/\/tradisom.com\/en\/wp-json\/wp\/v2\/product"}],"about":[{"href":"https:\/\/tradisom.com\/en\/wp-json\/wp\/v2\/types\/product"}],"wp:featuredmedia":[{"embeddable":true,"href":"https:\/\/tradisom.com\/en\/wp-json\/wp\/v2\/media\/16721"}],"wp:attachment":[{"href":"https:\/\/tradisom.com\/en\/wp-json\/wp\/v2\/media?parent=690"}],"wp:term":[{"taxonomy":"product_brand","embeddable":true,"href":"https:\/\/tradisom.com\/en\/wp-json\/wp\/v2\/product_brand?post=690"},{"taxonomy":"product_cat","embeddable":true,"href":"https:\/\/tradisom.com\/en\/wp-json\/wp\/v2\/product_cat?post=690"},{"taxonomy":"product_tag","embeddable":true,"href":"https:\/\/tradisom.com\/en\/wp-json\/wp\/v2\/product_tag?post=690"}],"curies":[{"name":"wp","href":"https:\/\/api.w.org\/{rel}","templated":true}]}}