{"id":676,"date":"2018-04-02T17:44:09","date_gmt":"2018-04-02T17:44:09","guid":{"rendered":"https:\/\/tradisom.com\/\/?post_type=product&#038;p=676"},"modified":"2025-09-01T18:22:42","modified_gmt":"2025-09-01T17:22:42","slug":"cancioneiro-do-cante-alentejano-cd-1","status":"publish","type":"product","link":"https:\/\/tradisom.com\/en\/product\/cancioneiro-do-cante-alentejano-cd-1\/","title":{"rendered":"Cancioneiro do Cante Alentejano Cd 1"},"content":{"rendered":"<p>CD inclu\u00eddo no livro da Candidatura do Cante a Patrim\u00f3nio da Humanidade<\/p>\n<p>M\u00fasica tradicional alentejana<\/p>\n<p>O cante alentejano enquanto pr\u00e1tica que congrega voz, poesia e m\u00fasica, \u00e9 um canto colectivo associado a uma determinada por\u00e7\u00e3o do territ\u00f3rio portugu\u00eas, o Baixo Alentejo. Esta pr\u00e1tica coral, sem recurso a instrumentos, cantada por homens, mulheres e crian\u00e7as, em estruturas e situa\u00e7\u00f5es formais ou informais, malgrado a muita bibliografia, n\u00e3o tem at\u00e9 hoje um trabalho consistente sobre a sua hist\u00f3ria.<\/p>\n<p>As cerca de 30 faixas inclu\u00eddas nesta colect\u00e2nea de dois CDS t\u00eam origem numa colec\u00e7\u00e3o particular, a de Jos\u00e9 Mo\u00e7as, numa importante editora, a Valentim de Carvalho, e em diversas edi\u00e7\u00f5es feitas nos \u00faltimos anos.<\/p>\n<p>Optou-se por incluir grupos da \u00e1rea geogr\u00e1fica assumida tradicionalmente como territ\u00f3rio de cante alentejano, do Campo Branco \u00e0 Serra de Portel, de Ferreira do Alentejo a Serpa. Como excep\u00e7\u00e3o, edita-se uma grava\u00e7\u00e3o hist\u00f3rica de 1902. Deu-se uma \u00eanfase grande aos coros masculinos, infantis e mistos. Na mem\u00f3ria do som gravado, s\u00e3o estes a presen\u00e7a. Mas alerta-se o ouvinte que tal \u00e9 falso! As mulheres cantem, como outrora cantaram. Michel\u00b4angelo Lambertini (1862-1920), quando esteve em Serpa em 1907 e ouviu o Orfe\u00e3o Popular de Serpa, fala do canto das mulheres.<\/p>\n<p>Qualquer organiza\u00e7\u00e3o formal e sequencial \u00e9 sempre problem\u00e1tica e de pouca sustenta\u00e7\u00e3o. A que aqui damos \u00e9 mais emocional do que cient\u00edfica.<\/p>\n<p>Apenas arruma ou desarruma.<\/p>\n<p>Paulo Lima, director da Casa do Cante<\/p>\n","protected":false},"excerpt":{"rendered":"<p>s\u00f3 em MP3<\/p>\n<p><iframe loading=\"lazy\" src=\"https:\/\/w.soundcloud.com\/player\/?url=https%3A\/\/api.soundcloud.com\/playlists\/1455805753&amp;color=%23ff5500&amp;auto_play=false&amp;hide_related=false&amp;show_comments=true&amp;show_user=true&amp;show_reposts=false&amp;show_teaser=true\" width=\"100%\" height=\"450\" frameborder=\"no\" scrolling=\"no\"><\/iframe><\/p>\n<div style=\"font-size: 10px; color: #cccccc; line-break: anywhere; word-break: normal; overflow: hidden; white-space: nowrap; text-overflow: ellipsis; font-family: Interstate,Lucida Grande,Lucida Sans Unicode,Lucida Sans,Garuda,Verdana,Tahoma,sans-serif; font-weight: 100;\"><a style=\"color: #cccccc; text-decoration: none;\" title=\"Tradisom\" href=\"https:\/\/soundcloud.com\/tradisom\" target=\"_blank\" rel=\"noopener\">Tradisom<\/a> \u00b7 <a style=\"color: #cccccc; text-decoration: none;\" title=\"Cancioneiro do cante alentejano cd1\" href=\"https:\/\/soundcloud.com\/tradisom\/sets\/cancioneiro-do-cante-alentejano-cd1\" target=\"_blank\" rel=\"noopener\">Cancioneiro do cante alentejano cd1<\/a><\/div>\n","protected":false},"featured_media":16707,"template":"","meta":[],"product_brand":[],"product_cat":[316,322,315],"product_tag":[],"class_list":{"0":"post-676","1":"product","2":"type-product","3":"status-publish","4":"has-post-thumbnail","6":"product_cat-discos-tradisom","7":"product_cat-tradicional-discos-tradisom","8":"product_cat-tradisom","10":"first","11":"instock","12":"downloadable","13":"virtual","14":"purchasable","15":"product-type-simple"},"_links":{"self":[{"href":"https:\/\/tradisom.com\/en\/wp-json\/wp\/v2\/product\/676","targetHints":{"allow":["GET"]}}],"collection":[{"href":"https:\/\/tradisom.com\/en\/wp-json\/wp\/v2\/product"}],"about":[{"href":"https:\/\/tradisom.com\/en\/wp-json\/wp\/v2\/types\/product"}],"wp:featuredmedia":[{"embeddable":true,"href":"https:\/\/tradisom.com\/en\/wp-json\/wp\/v2\/media\/16707"}],"wp:attachment":[{"href":"https:\/\/tradisom.com\/en\/wp-json\/wp\/v2\/media?parent=676"}],"wp:term":[{"taxonomy":"product_brand","embeddable":true,"href":"https:\/\/tradisom.com\/en\/wp-json\/wp\/v2\/product_brand?post=676"},{"taxonomy":"product_cat","embeddable":true,"href":"https:\/\/tradisom.com\/en\/wp-json\/wp\/v2\/product_cat?post=676"},{"taxonomy":"product_tag","embeddable":true,"href":"https:\/\/tradisom.com\/en\/wp-json\/wp\/v2\/product_tag?post=676"}],"curies":[{"name":"wp","href":"https:\/\/api.w.org\/{rel}","templated":true}]}}