{"id":668,"date":"2018-04-02T17:38:42","date_gmt":"2018-04-02T17:38:42","guid":{"rendered":"https:\/\/tradisom.com\/\/?post_type=product&#038;p=668"},"modified":"2025-09-01T18:23:05","modified_gmt":"2025-09-01T17:23:05","slug":"jose-alberto-sardinha-dancas-populares-do-corpus-christi-de-penafiel","status":"publish","type":"product","link":"https:\/\/tradisom.com\/en\/product\/jose-alberto-sardinha-dancas-populares-do-corpus-christi-de-penafiel\/","title":{"rendered":"Jos\u00e9 Alberto Sardinha &#8211; Dan\u00e7as Populares do Corpus Christi de Penafiel"},"content":{"rendered":"<p><strong>Recolhas de Jos\u00e9 Alberto Sardinha<\/p>\n<p><\/strong>Em Penafiel subsistiram at\u00e9 hoje alguns elementos do costume antigo das festividades do <em>Corpus<\/em>: a cavalhada da v\u00e9spera, com actua\u00e7\u00e3o das dan\u00e7as e a serpe; as dan\u00e7as populares no dia da Festa, por\u00e9m fora da prociss\u00e3o: Bailes dos Ferreiros, dos Pedreiros, das Floreiras, dos Turcos, dos Pauzinhos e dos Pretos; na prociss\u00e3o, novamente a serpe, o boi bento, o Estado de S. Jorge. Possui tamb\u00e9m novos elementos que ao longo do tempo conflu\u00edram para esta manifesta\u00e7\u00e3o: o cortejo do carneirinho, na v\u00e9spera da parte da manh\u00e3, e a figura da cidade, tanto na Cavalhada como na prociss\u00e3o, aqui no topo do carro triunfal, acompanhado de anjinhos. Todos eles s\u00e3o importantes e de todos falaremos, mas com a aten\u00e7\u00e3o naturalmente direccionada para as dan\u00e7as, sobre as quais reca\u00edu o nosso trabalho de campo e que s\u00e3o o verdadeiro objecto deste livro.<\/p>\n<p>Penafiel pode orgulhar-se de ser a \u00fanica localidade em todo o pa\u00eds que soube conservar at\u00e9 aos nossos dias as dan\u00e7as tradicionais do Corpo de Deus, essas t\u00e3o ricas e belas manifesta\u00e7\u00f5es de religiosidade popular, as quais, pela sua singularidade actual, assumem um car\u00e1cter emblem\u00e1tico das festividades do <em>Corpus Christi<\/em> penafidelense e at\u00e9 identit\u00e1rio para as gentes da antiga e honrada Arrifana do Sousa.<\/p>\n<p>\u00c9 certo que, n\u00e3o sendo o Corpus Christi uma tradi\u00e7\u00e3o gerada em Penafiel, \u00e9 mais que certo ser Penafiel a \u00fanica cidade e concelho que mantem vivas, no contexto nacional, tais manifesta\u00e7\u00f5es religioso-populares que nasceram na long\u00ednqua idade m\u00e9dia.<\/p>\n<p>N\u00f3s, gestores da cidade deste tempo, sempre acreditamos num modelo de desenvolvimento da nossa comunidade sintonizada com os pr\u00f3prios valores culturais. Por isso, nos dedicamos afincadamente \u00e0 preserva\u00e7\u00e3o do patrim\u00f3nio e das refer\u00eancias identit\u00e1rias. Acreditamos no seu potencial de refor\u00e7o do sentido de perten\u00e7a a uma comunidade.<\/p>\n<p>\u00c9 nesse quadro que se insere o renascimento dos bailes que se mantinham na mem\u00f3ria de muitos, mas que o tempo conduziria inevitavelmente para o ba\u00fa do esquecimento.<\/p>\n<p>Agrade\u00e7o a todos os que connosco colaboraram para esse objetivo: pessoas, associa\u00e7\u00f5es e entidades, que ao longo deste livro ser\u00e3o reveladas.<\/p>\n<p>A par da revitaliza\u00e7\u00e3o dos bailes, tamb\u00e9m este livro se tornar\u00e1 num importante documento para o conhecimento e compreens\u00e3o da nossa Hist\u00f3ria e das nossas ricas tradi\u00e7\u00f5es.<\/p>\n<p>Alberto Santos, Presidente da C\u00e2mara Municipal de Penafiel, in <em>Introdu\u00e7\u00e3o<\/em><\/p>\n<p>\u00c9 do maior interesse e oportunidade o trabalho que o Dr. Jos\u00e9 Alberto Sardinha agora dedica \u00e0s festas do Corpo de Deus em Penafiel, na sequ\u00eancia do fecundo labor com que tem valorizado o nosso patrim\u00f3nio cultural popular. Escrevo \u201cpopular\u201d no sentido mais original e aut\u00eantico da palavra, referindo o que \u00e9 de n\u00f3s todos, os portugueses, e daqueles que connosco vieram ou v\u00eam conviver.<\/p>\n<p>Isto mesmo se particulariza com as festas do Corpo de Deus em Penafiel, como foram, persistem e ressurgem. Sobrev\u00eam duma Idade M\u00e9dia a v\u00e1rios t\u00edtulos distante. \u00c9ramos ent\u00e3o um povo que esquecemos, mais visual do que conceptual, mais t\u00e1til do que reflexivo, mais ouvinte do que lente.<\/p>\n<p>Tamb\u00e9m mais vizinho do que aglomerado, mais rural do que urbano ou suburbano, mais familiar e grupal do que individual e subjetivo. Nem melhor nem pior, \u00e9ramos realmente diferentes. Do que herd\u00e1mos, usamos pouco, quase como das antigas arcas de quando havia s\u00f3t\u00e3os.<\/p>\n<ol>\n<li>Manuel Clemente, Cardeal-Patriarca, in <em>Pref\u00e1cio<\/em>.<\/li>\n<\/ol>\n<p>&nbsp;<\/p>\n","protected":false},"excerpt":{"rendered":"<p><strong>S\u00f3 em MP3<\/strong><\/p>\n<p><iframe loading=\"lazy\" src=\"https:\/\/w.soundcloud.com\/player\/?url=https%3A\/\/api.soundcloud.com\/playlists\/1373575798&amp;color=%2354541b&amp;auto_play=false&amp;hide_related=false&amp;show_comments=false&amp;show_user=false&amp;show_reposts=false&amp;show_teaser=false\" width=\"100%\" height=\"450\" frameborder=\"no\" scrolling=\"no\"><\/iframe><\/p>\n<div style=\"font-size: 10px; color: #cccccc; line-break: anywhere; word-break: normal; overflow: hidden; white-space: nowrap; text-overflow: ellipsis; font-family: Interstate,Lucida Grande,Lucida Sans Unicode,Lucida Sans,Garuda,Verdana,Tahoma,sans-serif; font-weight: 100;\"><a style=\"color: #cccccc; text-decoration: none;\" title=\"Tradisom\" href=\"https:\/\/soundcloud.com\/tradisom\" target=\"_blank\" rel=\"noopener\">Tradisom<\/a> \u00b7 <a style=\"color: #cccccc; text-decoration: none;\" title=\"Dan\u00e7as Populares do Corpus Christi De Penafiel\" href=\"https:\/\/soundcloud.com\/tradisom\/sets\/dancas-populares-do-corpus-christi-de-penafiel\" target=\"_blank\" rel=\"noopener\">Dan\u00e7as Populares do Corpus Christi De Penafiel<\/a><\/div>\n","protected":false},"featured_media":16699,"template":"","meta":[],"product_brand":[],"product_cat":[380,315],"product_tag":[],"class_list":{"0":"post-668","1":"product","2":"type-product","3":"status-publish","4":"has-post-thumbnail","6":"product_cat-mp3","7":"product_cat-tradisom","9":"first","10":"instock","11":"downloadable","12":"virtual","13":"purchasable","14":"product-type-simple"},"_links":{"self":[{"href":"https:\/\/tradisom.com\/en\/wp-json\/wp\/v2\/product\/668","targetHints":{"allow":["GET"]}}],"collection":[{"href":"https:\/\/tradisom.com\/en\/wp-json\/wp\/v2\/product"}],"about":[{"href":"https:\/\/tradisom.com\/en\/wp-json\/wp\/v2\/types\/product"}],"wp:featuredmedia":[{"embeddable":true,"href":"https:\/\/tradisom.com\/en\/wp-json\/wp\/v2\/media\/16699"}],"wp:attachment":[{"href":"https:\/\/tradisom.com\/en\/wp-json\/wp\/v2\/media?parent=668"}],"wp:term":[{"taxonomy":"product_brand","embeddable":true,"href":"https:\/\/tradisom.com\/en\/wp-json\/wp\/v2\/product_brand?post=668"},{"taxonomy":"product_cat","embeddable":true,"href":"https:\/\/tradisom.com\/en\/wp-json\/wp\/v2\/product_cat?post=668"},{"taxonomy":"product_tag","embeddable":true,"href":"https:\/\/tradisom.com\/en\/wp-json\/wp\/v2\/product_tag?post=668"}],"curies":[{"name":"wp","href":"https:\/\/api.w.org\/{rel}","templated":true}]}}