{"id":656,"date":"2018-04-02T17:30:23","date_gmt":"2018-04-02T17:30:23","guid":{"rendered":"https:\/\/tradisom.com\/\/?post_type=product&#038;p=656"},"modified":"2025-09-01T18:23:54","modified_gmt":"2025-09-01T17:23:54","slug":"grupo-coral-de-portimao","status":"publish","type":"product","link":"https:\/\/tradisom.com\/en\/product\/grupo-coral-de-portimao\/","title":{"rendered":"Grupo Coral de Portim\u00e3o \u2013 M\u00fasica Tradicional Portuguesa"},"content":{"rendered":"<p>O Grupo Coral de Portim\u00e3o, cuja primeira tentativa de constitui\u00e7\u00e3o se desenvolveu em 1982\/84, retomou decididamente a sua actividade em princ\u00edpios de 1985, com o apoio da C\u00e2mara Municipal.<\/p>\n<p>Assegurada a direc\u00e7\u00e3o art\u00edstica pelo maestro Luis Pedro Faro, que contou com a colabora\u00e7\u00e3o do Prof. Ant\u00f3nio Alves, o grupo teve a sua estr\u00e9ia na Igreja Matriz da cidade em 20 de Julho de 1985 e em Outubro desse ano participou no IX Festival de Coros do Algarve, integrando-se nos concertos de Silves e de Lagos.<\/p>\n<p>Tem desde ent\u00e3o mantido uma presen\u00e7a regular nos Festivais de Coros do Algarve, e, para alem de v\u00e1rios concertos oferecidos \u00e0 cidade, em cada ano, foi estendendo o \u00e2mbito das suas actua\u00e7\u00f5es por outras terras algarvias, nomeadamente Faro, Vila do Bispo, Alvor e Marmelete.<\/p>\n<p>Organizou, em Portim\u00e3o, concertos em conjunto com o Orfe\u00e3o de Portalegre e os grupos Corais de Lagos e Lagoa.<\/p>\n<p>Esteve inactivo, no ano de 1994, por dificuldades financeiras. Reactivado em 1995, sob a direc\u00e7\u00e3o do Sr. Ant\u00f3nio Vinagre, dedica-se presentemente a cantar m\u00fasica tradicional portuguesa, tendo j\u00e1 efectuado v\u00e1rios concertos por todo o Algarve.<\/p>\n<p>Nos anos de 1997\/98 realizou o I Encontro de Coros de M\u00fasica Tradicional Portuguesa na cidade de Portim\u00e3o, evento que tem vindo a concretizar-se ininterruptamente at\u00e9 \u00e0 presente data.<\/p>\n<p>Este primeiro disco da grupo \u00e9 uma mostra da m\u00fasica tradicional das v\u00e1rias regi\u00f5es do territ\u00f3rio portugu\u00eas.<\/p>\n","protected":false},"excerpt":{"rendered":"<p><iframe loading=\"lazy\" src=\"https:\/\/w.soundcloud.com\/player\/?url=https%3A\/\/api.soundcloud.com\/playlists\/1455817768&amp;color=%23ff5500&amp;auto_play=false&amp;hide_related=false&amp;show_comments=true&amp;show_user=true&amp;show_reposts=false&amp;show_teaser=true\" width=\"100%\" height=\"450\" frameborder=\"no\" scrolling=\"no\"><\/iframe><\/p>\n<div style=\"font-size: 10px; color: #cccccc; line-break: anywhere; word-break: normal; overflow: hidden; white-space: nowrap; text-overflow: ellipsis; font-family: Interstate,Lucida Grande,Lucida Sans Unicode,Lucida Sans,Garuda,Verdana,Tahoma,sans-serif; font-weight: 100;\"><a style=\"color: #cccccc; text-decoration: none;\" title=\"Tradisom\" href=\"https:\/\/soundcloud.com\/tradisom\" target=\"_blank\" rel=\"noopener\">Tradisom<\/a> \u00b7 <a style=\"color: #cccccc; text-decoration: none;\" title=\"GRUPO CORAL DE PORTIM\u00c3O \u2013 M\u00fasica Tradicional Portuguesa\" href=\"https:\/\/soundcloud.com\/tradisom\/sets\/grupo-coral-de-portimao-musica-tradicional-portuguesa\" target=\"_blank\" rel=\"noopener\">GRUPO CORAL DE PORTIM\u00c3O \u2013 M\u00fasica Tradicional Portuguesa<\/a><\/div>\n","protected":false},"featured_media":16687,"template":"","meta":[],"product_brand":[],"product_cat":[316,322,315],"product_tag":[],"class_list":{"0":"post-656","1":"product","2":"type-product","3":"status-publish","4":"has-post-thumbnail","6":"product_cat-discos-tradisom","7":"product_cat-tradicional-discos-tradisom","8":"product_cat-tradisom","10":"first","11":"instock","12":"sale","13":"shipping-taxable","14":"purchasable","15":"product-type-variable"},"_links":{"self":[{"href":"https:\/\/tradisom.com\/en\/wp-json\/wp\/v2\/product\/656","targetHints":{"allow":["GET"]}}],"collection":[{"href":"https:\/\/tradisom.com\/en\/wp-json\/wp\/v2\/product"}],"about":[{"href":"https:\/\/tradisom.com\/en\/wp-json\/wp\/v2\/types\/product"}],"wp:featuredmedia":[{"embeddable":true,"href":"https:\/\/tradisom.com\/en\/wp-json\/wp\/v2\/media\/16687"}],"wp:attachment":[{"href":"https:\/\/tradisom.com\/en\/wp-json\/wp\/v2\/media?parent=656"}],"wp:term":[{"taxonomy":"product_brand","embeddable":true,"href":"https:\/\/tradisom.com\/en\/wp-json\/wp\/v2\/product_brand?post=656"},{"taxonomy":"product_cat","embeddable":true,"href":"https:\/\/tradisom.com\/en\/wp-json\/wp\/v2\/product_cat?post=656"},{"taxonomy":"product_tag","embeddable":true,"href":"https:\/\/tradisom.com\/en\/wp-json\/wp\/v2\/product_tag?post=656"}],"curies":[{"name":"wp","href":"https:\/\/api.w.org\/{rel}","templated":true}]}}