{"id":654,"date":"2018-04-02T17:29:20","date_gmt":"2018-04-02T17:29:20","guid":{"rendered":"https:\/\/tradisom.com\/\/?post_type=product&#038;p=654"},"modified":"2025-09-01T18:24:00","modified_gmt":"2025-09-01T17:24:00","slug":"cante-no-feminino","status":"publish","type":"product","link":"https:\/\/tradisom.com\/en\/product\/cante-no-feminino\/","title":{"rendered":"Grupo Coral Feminino &#8220;As Ceifeiras De Pias&#8221; \u2013 Cante no Feminino"},"content":{"rendered":"<p>N\u00e3o h\u00e1 qualquer registo, nem mem\u00f3ria, de qualquer outro grupo coral feminino em Pias. Houve uma altura em que mulheres integravam o rancho dos homens, mas com uma vertente mais etnogr\u00e1fica, onde mostravam os trajes da sua terra. Este grupo \u00e9 o primeiro a juntar as vozes das mulheres a cantar alentejano de um modo organizado.<\/p>\n<p>Mas as mulheres sempre cantaram, em ranchos, nos campos enquanto trabalhavam, enquanto caminhavam de e para os locais onde trabalhavam. E nestas situa\u00e7\u00f5es n\u00e3o havia diferen\u00e7as entre homens e mulheres, se calhava a trabalharem juntos, cantavam juntos.<\/p>\n<p>Depois de chegarem do trabalho, havia um sem fim de tarefas dom\u00e9sticas para fazer, mas estas estavam destinadas apenas \u00e0s mulheres. Os homens continuavam as suas cantorias nas tabernas, originando assim a organiza\u00e7\u00e3o de grupos corais, enquanto que as mulheres tinham uma vida limitada pelos muitos afazeres.<\/p>\n<p>No Alentejo em geral, s\u00f3 nos \u00faltimos tempos se come\u00e7ou a sentir a organiza\u00e7\u00e3o das mulheres em grupos corais e Pias n\u00e3o foi exce\u00e7\u00e3o.<\/p>\n<p>S\u00f3 em 2009 se iniciou esta actividade. Chegou assim a hora de guardar as vozes das mulheres num registo que testemunha a sua maneira de sentir o cante alentejano. Inspirado nas suas ra\u00edzes e tradi\u00e7\u00f5es.<\/p>\n<p>&nbsp;<\/p>\n","protected":false},"excerpt":{"rendered":"<p><iframe loading=\"lazy\" src=\"https:\/\/w.soundcloud.com\/player\/?url=https%3A\/\/api.soundcloud.com\/playlists\/1373581684&amp;color=%2354541b&amp;auto_play=false&amp;hide_related=false&amp;show_comments=false&amp;show_user=false&amp;show_reposts=false&amp;show_teaser=false\" width=\"100%\" height=\"450\" frameborder=\"no\" scrolling=\"no\"><\/iframe><\/p>\n<div style=\"font-size: 10px; color: #cccccc; line-break: anywhere; word-break: normal; overflow: hidden; white-space: nowrap; text-overflow: ellipsis; font-family: Interstate,Lucida Grande,Lucida Sans Unicode,Lucida Sans,Garuda,Verdana,Tahoma,sans-serif; font-weight: 100;\"><a style=\"color: #cccccc; text-decoration: none;\" title=\"Tradisom\" href=\"https:\/\/soundcloud.com\/tradisom\" target=\"_blank\" rel=\"noopener\">Tradisom<\/a> \u00b7 <a style=\"color: #cccccc; text-decoration: none;\" title=\"Cante no Feminino - Grupo Coral Feminino de Pias\" href=\"https:\/\/soundcloud.com\/tradisom\/sets\/cante-no-feminino-grupo-coral-feminino-de-pias\" target=\"_blank\" rel=\"noopener\">Cante no Feminino &#8211; Grupo Coral Feminino de Pias<\/a><\/div>\n","protected":false},"featured_media":16685,"template":"","meta":[],"product_brand":[],"product_cat":[316,322,315],"product_tag":[],"class_list":{"0":"post-654","1":"product","2":"type-product","3":"status-publish","4":"has-post-thumbnail","6":"product_cat-discos-tradisom","7":"product_cat-tradicional-discos-tradisom","8":"product_cat-tradisom","10":"first","11":"instock","12":"shipping-taxable","13":"purchasable","14":"product-type-variable"},"_links":{"self":[{"href":"https:\/\/tradisom.com\/en\/wp-json\/wp\/v2\/product\/654","targetHints":{"allow":["GET"]}}],"collection":[{"href":"https:\/\/tradisom.com\/en\/wp-json\/wp\/v2\/product"}],"about":[{"href":"https:\/\/tradisom.com\/en\/wp-json\/wp\/v2\/types\/product"}],"wp:featuredmedia":[{"embeddable":true,"href":"https:\/\/tradisom.com\/en\/wp-json\/wp\/v2\/media\/16685"}],"wp:attachment":[{"href":"https:\/\/tradisom.com\/en\/wp-json\/wp\/v2\/media?parent=654"}],"wp:term":[{"taxonomy":"product_brand","embeddable":true,"href":"https:\/\/tradisom.com\/en\/wp-json\/wp\/v2\/product_brand?post=654"},{"taxonomy":"product_cat","embeddable":true,"href":"https:\/\/tradisom.com\/en\/wp-json\/wp\/v2\/product_cat?post=654"},{"taxonomy":"product_tag","embeddable":true,"href":"https:\/\/tradisom.com\/en\/wp-json\/wp\/v2\/product_tag?post=654"}],"curies":[{"name":"wp","href":"https:\/\/api.w.org\/{rel}","templated":true}]}}