{"id":652,"date":"2018-04-02T17:28:06","date_gmt":"2018-04-02T17:28:06","guid":{"rendered":"https:\/\/tradisom.com\/\/?post_type=product&#038;p=652"},"modified":"2025-09-01T18:24:07","modified_gmt":"2025-09-01T17:24:07","slug":"luar-da-meia-noite","status":"publish","type":"product","link":"https:\/\/tradisom.com\/en\/product\/luar-da-meia-noite\/","title":{"rendered":"Grupo Coral Os Arraianos De Ficalho \u2013 Luar da Meia-Noite"},"content":{"rendered":"<p>A publica\u00e7\u00e3o discogr\u00e1fica assinala o 80\u00ba anivers\u00e1rio do <span class=\"highlightedSearchTerm\">grupo<\/span> e integra-se no <span class=\"highlightedSearchTerm\">de<\/span>signado Plano <span class=\"highlightedSearchTerm\">de<\/span> Salvaguarda do Cante Alentejano, apoiado pelo Munic\u00edpio <span class=\"highlightedSearchTerm\">de<\/span> Serpa. O texto \u00e9 da antrop\u00f3loga Dulce Sim\u00f5es (investigadora do INET-md), a pintura da capa do artista andaluz Augusto Thassio, o <span class=\"highlightedSearchTerm\">de<\/span>sign gr\u00e1fico <span class=\"highlightedSearchTerm\">de<\/span> Ricardo Grangeia (Munic\u00edpio <span class=\"highlightedSearchTerm\">de<\/span> Serpa), as fotografias <span class=\"highlightedSearchTerm\">de<\/span> Adriana Ren<span class=\"highlightedSearchTerm\">de<\/span>iro, Dulce Sim\u00f5es, Francisco Sales Valente, <span class=\"highlightedSearchTerm\">Grupo<\/span> Coral <span class=\"highlightedSearchTerm\">Os<\/span> <span class=\"highlightedSearchTerm\">Arraianos<\/span> <span class=\"highlightedSearchTerm\">de<\/span> Vila Ver<span class=\"highlightedSearchTerm\">de<\/span> <span class=\"highlightedSearchTerm\">de<\/span> <span class=\"highlightedSearchTerm\">Ficalho<\/span>, Munic\u00edpio <span class=\"highlightedSearchTerm\">de<\/span> Serpa, Nicole S\u00e1nchez e Socieda<span class=\"highlightedSearchTerm\">de<\/span> Recreativa 1\u00ba <span class=\"highlightedSearchTerm\">de<\/span> <span class=\"highlightedSearchTerm\">De<\/span>zembro <span class=\"highlightedSearchTerm\">de<\/span> Vila Ver<span class=\"highlightedSearchTerm\">de<\/span> <span class=\"highlightedSearchTerm\">de<\/span> <span class=\"highlightedSearchTerm\">Ficalho<\/span>. As modas que comp\u00f5em a obra representam simbolicamente o ciclo <span class=\"highlightedSearchTerm\">de<\/span> vida das comunida<span class=\"highlightedSearchTerm\">de<\/span>s rurais alentejanas, entre o trabalho, o lazer e a festa, e expressam a arte, as estruturas sens\u00edveis do pensamento e o saber recriado, na liberda<span class=\"highlightedSearchTerm\">de<\/span> <span class=\"highlightedSearchTerm\">de<\/span> romper amarras para construir o futuro.<\/p>\n","protected":false},"excerpt":{"rendered":"<p>s\u00f3 em MP3<\/p>\n<p><iframe loading=\"lazy\" src=\"https:\/\/w.soundcloud.com\/player\/?url=https%3A\/\/api.soundcloud.com\/playlists\/1367984080&amp;color=%2354541b&amp;auto_play=false&amp;hide_related=false&amp;show_comments=false&amp;show_user=false&amp;show_reposts=false&amp;show_teaser=false\" width=\"100%\" height=\"450\" frameborder=\"no\" scrolling=\"no\"><\/iframe><\/p>\n<div style=\"font-size: 10px; color: #cccccc; line-break: anywhere; word-break: normal; overflow: hidden; white-space: nowrap; text-overflow: ellipsis; font-family: Interstate,Lucida Grande,Lucida Sans Unicode,Lucida Sans,Garuda,Verdana,Tahoma,sans-serif; font-weight: 100;\"><a style=\"color: #cccccc; text-decoration: none;\" title=\"Tradisom\" href=\"https:\/\/soundcloud.com\/tradisom\" target=\"_blank\" rel=\"noopener\">Tradisom<\/a> \u00b7 <a style=\"color: #cccccc; text-decoration: none;\" title=\"Luar da Meia Noite - Grupo Coral Arraianos do Ficalho\" href=\"https:\/\/soundcloud.com\/tradisom\/sets\/luar-da-meia-noite-grupo-coral-arraianos-do-ficalho\" target=\"_blank\" rel=\"noopener\">Luar da Meia Noite &#8211; Grupo Coral Arraianos do Ficalho<\/a><\/div>\n","protected":false},"featured_media":16683,"template":"","meta":[],"product_brand":[],"product_cat":[316,322,315],"product_tag":[],"class_list":{"0":"post-652","1":"product","2":"type-product","3":"status-publish","4":"has-post-thumbnail","6":"product_cat-discos-tradisom","7":"product_cat-tradicional-discos-tradisom","8":"product_cat-tradisom","10":"first","11":"outofstock","12":"downloadable","13":"shipping-taxable","14":"purchasable","15":"product-type-simple"},"_links":{"self":[{"href":"https:\/\/tradisom.com\/en\/wp-json\/wp\/v2\/product\/652","targetHints":{"allow":["GET"]}}],"collection":[{"href":"https:\/\/tradisom.com\/en\/wp-json\/wp\/v2\/product"}],"about":[{"href":"https:\/\/tradisom.com\/en\/wp-json\/wp\/v2\/types\/product"}],"wp:featuredmedia":[{"embeddable":true,"href":"https:\/\/tradisom.com\/en\/wp-json\/wp\/v2\/media\/16683"}],"wp:attachment":[{"href":"https:\/\/tradisom.com\/en\/wp-json\/wp\/v2\/media?parent=652"}],"wp:term":[{"taxonomy":"product_brand","embeddable":true,"href":"https:\/\/tradisom.com\/en\/wp-json\/wp\/v2\/product_brand?post=652"},{"taxonomy":"product_cat","embeddable":true,"href":"https:\/\/tradisom.com\/en\/wp-json\/wp\/v2\/product_cat?post=652"},{"taxonomy":"product_tag","embeddable":true,"href":"https:\/\/tradisom.com\/en\/wp-json\/wp\/v2\/product_tag?post=652"}],"curies":[{"name":"wp","href":"https:\/\/api.w.org\/{rel}","templated":true}]}}