{"id":6502,"date":"2018-05-09T19:58:55","date_gmt":"2018-05-09T18:58:55","guid":{"rendered":"https:\/\/tradisom.com\/\/?post_type=product&#038;p=6502"},"modified":"2025-09-01T16:34:05","modified_gmt":"2025-09-01T15:34:05","slug":"michel-giacometti-o-ladrao-do-sado-cd1","status":"publish","type":"product","link":"https:\/\/tradisom.com\/en\/product\/michel-giacometti-o-ladrao-do-sado-cd1\/","title":{"rendered":"Michel Giacometti &#8211; O Ladr\u00e3o do Sado CD1"},"content":{"rendered":"<p>Inqu\u00e9rito Musical em Alc\u00e1cer do Sal<br \/>\nTextos de Paulo Lima e Michel Giacometti<br \/>\nPortfolio fotogr\u00e1fico de Augusto Br\u00e1zio<br \/>\n\u00cdNDICE do livro:<br \/>\nNOTA INTRODUT\u00d3RIA<br \/>\nO LADR\u00c3O DO SADO Michel Giacometti<br \/>\nO CANCIONEIRO DO SADO com apresenta\u00e7\u00e3o de Michel Giacometti<br \/>\nCORPUS DOCUMENTAL<br \/>\nGUIA DE AUDI\u00c7\u00c3O<\/p>\n<p>MP3 do CD 1 com 40 faixas<\/p>\n","protected":false},"excerpt":{"rendered":"<p><strong>S\u00f3 em MP3<\/strong><\/p>\n<p><iframe loading=\"lazy\" src=\"https:\/\/w.soundcloud.com\/player\/?url=https%3A\/\/api.soundcloud.com\/playlists\/1378262464&amp;color=%2354541b&amp;auto_play=false&amp;hide_related=false&amp;show_comments=false&amp;show_user=false&amp;show_reposts=false&amp;show_teaser=false\" width=\"100%\" height=\"450\" frameborder=\"no\" scrolling=\"no\"><\/iframe><\/p>\n<div style=\"font-size: 10px; color: #cccccc; line-break: anywhere; word-break: normal; overflow: hidden; white-space: nowrap; text-overflow: ellipsis; font-family: Interstate,Lucida Grande,Lucida Sans Unicode,Lucida Sans,Garuda,Verdana,Tahoma,sans-serif; font-weight: 100;\"><a style=\"color: #cccccc; text-decoration: none;\" title=\"Tradisom\" href=\"https:\/\/soundcloud.com\/tradisom\" target=\"_blank\" rel=\"noopener\">Tradisom<\/a> \u00b7 <a style=\"color: #cccccc; text-decoration: none;\" title=\"O LADR\u00c3O DO SADO 1 - Michel Giacometti\" href=\"https:\/\/soundcloud.com\/tradisom\/sets\/o-ladrao-do-sado-1-michel-giacometti\" target=\"_blank\" rel=\"noopener\">O LADR\u00c3O DO SADO 1 &#8211; Michel Giacometti<\/a><\/div>\n","protected":false},"featured_media":16839,"template":"","meta":[],"product_brand":[],"product_cat":[380,315],"product_tag":[],"class_list":{"0":"post-6502","1":"product","2":"type-product","3":"status-publish","4":"has-post-thumbnail","6":"product_cat-mp3","7":"product_cat-tradisom","9":"first","10":"instock","11":"downloadable","12":"virtual","13":"purchasable","14":"product-type-simple"},"_links":{"self":[{"href":"https:\/\/tradisom.com\/en\/wp-json\/wp\/v2\/product\/6502","targetHints":{"allow":["GET"]}}],"collection":[{"href":"https:\/\/tradisom.com\/en\/wp-json\/wp\/v2\/product"}],"about":[{"href":"https:\/\/tradisom.com\/en\/wp-json\/wp\/v2\/types\/product"}],"wp:featuredmedia":[{"embeddable":true,"href":"https:\/\/tradisom.com\/en\/wp-json\/wp\/v2\/media\/16839"}],"wp:attachment":[{"href":"https:\/\/tradisom.com\/en\/wp-json\/wp\/v2\/media?parent=6502"}],"wp:term":[{"taxonomy":"product_brand","embeddable":true,"href":"https:\/\/tradisom.com\/en\/wp-json\/wp\/v2\/product_brand?post=6502"},{"taxonomy":"product_cat","embeddable":true,"href":"https:\/\/tradisom.com\/en\/wp-json\/wp\/v2\/product_cat?post=6502"},{"taxonomy":"product_tag","embeddable":true,"href":"https:\/\/tradisom.com\/en\/wp-json\/wp\/v2\/product_tag?post=6502"}],"curies":[{"name":"wp","href":"https:\/\/api.w.org\/{rel}","templated":true}]}}