{"id":6496,"date":"2018-05-09T18:00:36","date_gmt":"2018-05-09T18:00:36","guid":{"rendered":"https:\/\/tradisom.com\/\/?post_type=product&#038;p=6496"},"modified":"2025-09-01T16:34:14","modified_gmt":"2025-09-01T15:34:14","slug":"as-tradicoes-portuguesas-em-franca-cd1","status":"publish","type":"product","link":"https:\/\/tradisom.com\/en\/product\/as-tradicoes-portuguesas-em-franca-cd1\/","title":{"rendered":"As Tradi\u00e7\u00f5es Portuguesas em Fran\u00e7a CD1"},"content":{"rendered":"<p>Este \u00e9 o contributo dos Ranchos Folcl\u00f3ricos da Emigra\u00e7\u00e3o na preserva\u00e7\u00e3o da nossa identidade socio-cultural, t\u00e3o preciosa nos tempos em que vivemos, neste mil\u00e9nio, onde o individualismo, o egoismo, a indiferen\u00e7a e o interesse pessoal s\u00e3o not\u00f3rios. \u00c9 necess\u00e1rio que os Ranchos Folcl\u00f3ricos continuem a pensar e a decidir bem para respeitar a Hist\u00f3ria e a mem\u00f3ria dos nossos antepassados. Continuar no aperfei\u00e7oamento, na procura e divulga\u00e7\u00e3o genu\u00edna da vida, dos h\u00e1bitos, usos e costumes de outrora. Este \u00e9 o prop\u00f3sito destes homens e mulheres, rapazes e raparigas, que com generosidade e dedica\u00e7\u00e3o, tantas vezes com preju\u00edzo da sua vida profissional e familiar.<\/p>\n","protected":false},"excerpt":{"rendered":"<p>MP3<\/p>\n<p><iframe loading=\"lazy\" width=\"100%\" height=\"450\" scrolling=\"no\" frameborder=\"no\" allow=\"autoplay\" src=\"https:\/\/w.soundcloud.com\/player\/?url=https%3A\/\/api.soundcloud.com\/playlists\/1456527616&#038;color=%23ff5500&#038;auto_play=false&#038;hide_related=false&#038;show_comments=true&#038;show_user=false&#038;show_reposts=false&#038;show_teaser=true\"><\/iframe><\/p>\n<div style=\"font-size: 10px; color: #cccccc;line-break: anywhere;word-break: normal;overflow: hidden;white-space: nowrap;text-overflow: ellipsis; font-family: Interstate,Lucida Grande,Lucida Sans Unicode,Lucida Sans,Garuda,Verdana,Tahoma,sans-serif;font-weight: 100;\"><a href=\"https:\/\/soundcloud.com\/tradisom\" title=\"Tradisom\" target=\"_blank\" style=\"color: #cccccc; text-decoration: none;\" rel=\"noopener\">Tradisom<\/a> \u00b7 <a href=\"https:\/\/soundcloud.com\/tradisom\/sets\/as-tradicoes-portuguesas-em-franca\" title=\"As Tradi\u00e7\u00f5es Portuguesas em Fran\u00e7a CD1\" target=\"_blank\" style=\"color: #cccccc; text-decoration: none;\" rel=\"noopener\">As Tradi\u00e7\u00f5es Portuguesas em Fran\u00e7a CD1<\/a><\/div>\n","protected":false},"featured_media":16837,"template":"","meta":[],"product_brand":[],"product_cat":[316,322,315],"product_tag":[],"class_list":{"0":"post-6496","1":"product","2":"type-product","3":"status-publish","4":"has-post-thumbnail","6":"product_cat-discos-tradisom","7":"product_cat-tradicional-discos-tradisom","8":"product_cat-tradisom","10":"first","11":"instock","12":"downloadable","13":"virtual","14":"purchasable","15":"product-type-simple"},"_links":{"self":[{"href":"https:\/\/tradisom.com\/en\/wp-json\/wp\/v2\/product\/6496","targetHints":{"allow":["GET"]}}],"collection":[{"href":"https:\/\/tradisom.com\/en\/wp-json\/wp\/v2\/product"}],"about":[{"href":"https:\/\/tradisom.com\/en\/wp-json\/wp\/v2\/types\/product"}],"wp:featuredmedia":[{"embeddable":true,"href":"https:\/\/tradisom.com\/en\/wp-json\/wp\/v2\/media\/16837"}],"wp:attachment":[{"href":"https:\/\/tradisom.com\/en\/wp-json\/wp\/v2\/media?parent=6496"}],"wp:term":[{"taxonomy":"product_brand","embeddable":true,"href":"https:\/\/tradisom.com\/en\/wp-json\/wp\/v2\/product_brand?post=6496"},{"taxonomy":"product_cat","embeddable":true,"href":"https:\/\/tradisom.com\/en\/wp-json\/wp\/v2\/product_cat?post=6496"},{"taxonomy":"product_tag","embeddable":true,"href":"https:\/\/tradisom.com\/en\/wp-json\/wp\/v2\/product_tag?post=6496"}],"curies":[{"name":"wp","href":"https:\/\/api.w.org\/{rel}","templated":true}]}}