{"id":6471,"date":"2018-05-04T09:50:48","date_gmt":"2018-05-04T09:50:48","guid":{"rendered":"https:\/\/tradisom.com\/\/?post_type=product&#038;p=6471"},"modified":"2025-11-18T00:18:46","modified_gmt":"2025-11-17T23:18:46","slug":"volume-10","status":"publish","type":"product","link":"https:\/\/tradisom.com\/en\/product\/volume-10\/","title":{"rendered":"Filmografia de Michel Giacometti &#8211; Volume 10"},"content":{"rendered":"","protected":false},"excerpt":{"rendered":"<p>DVD com Filmagens efectuadas entre 1960 e 1970<\/p>\n<p>Textos de Paulo Lima e Concei\u00e7\u00e3o Correia &#8211; Entrevista a Virg\u00ednia Dias e Agostinho Pereira &#8211; Portfolio fotogr\u00e1fico de Augusto Br\u00e1zio<\/p>\n<p><iframe loading=\"lazy\" title=\"YouTube video player\" src=\"https:\/\/www.youtube.com\/embed\/03WlLCSHt30?si=R7RMr-Qz7OneUAGv&amp;controls=0\" width=\"280\" height=\"157\" frameborder=\"0\" allowfullscreen=\"allowfullscreen\"><\/iframe><\/p>\n<p><iframe loading=\"lazy\" title=\"YouTube video player\" src=\"https:\/\/www.youtube.com\/embed\/aUmRBamExeg?si=vm_xLVQL3-mH6OOM&amp;controls=0\" width=\"280\" height=\"157\" frameborder=\"0\" allowfullscreen=\"allowfullscreen\"><\/iframe><\/p>\n","protected":false},"featured_media":33910,"template":"","meta":[],"product_brand":[],"product_cat":[331,315],"product_tag":[],"class_list":{"0":"post-6471","1":"product","2":"type-product","3":"status-publish","4":"has-post-thumbnail","6":"product_cat-dvd-tradisom","7":"product_cat-tradisom","9":"first","10":"instock","11":"shipping-taxable","12":"purchasable","13":"product-type-simple"},"_links":{"self":[{"href":"https:\/\/tradisom.com\/en\/wp-json\/wp\/v2\/product\/6471","targetHints":{"allow":["GET"]}}],"collection":[{"href":"https:\/\/tradisom.com\/en\/wp-json\/wp\/v2\/product"}],"about":[{"href":"https:\/\/tradisom.com\/en\/wp-json\/wp\/v2\/types\/product"}],"wp:featuredmedia":[{"embeddable":true,"href":"https:\/\/tradisom.com\/en\/wp-json\/wp\/v2\/media\/33910"}],"wp:attachment":[{"href":"https:\/\/tradisom.com\/en\/wp-json\/wp\/v2\/media?parent=6471"}],"wp:term":[{"taxonomy":"product_brand","embeddable":true,"href":"https:\/\/tradisom.com\/en\/wp-json\/wp\/v2\/product_brand?post=6471"},{"taxonomy":"product_cat","embeddable":true,"href":"https:\/\/tradisom.com\/en\/wp-json\/wp\/v2\/product_cat?post=6471"},{"taxonomy":"product_tag","embeddable":true,"href":"https:\/\/tradisom.com\/en\/wp-json\/wp\/v2\/product_tag?post=6471"}],"curies":[{"name":"wp","href":"https:\/\/api.w.org\/{rel}","templated":true}]}}