{"id":6467,"date":"2018-05-04T09:48:28","date_gmt":"2018-05-04T09:48:28","guid":{"rendered":"https:\/\/tradisom.com\/\/?post_type=product&#038;p=6467"},"modified":"2025-11-18T00:17:52","modified_gmt":"2025-11-17T23:17:52","slug":"volume-8","status":"publish","type":"product","link":"https:\/\/tradisom.com\/en\/product\/volume-8\/","title":{"rendered":"Filmografia de Michel Giacometti &#8211; Volume 08"},"content":{"rendered":"","protected":false},"excerpt":{"rendered":"<p>3.\u00aa S\u00e9rie | Epis\u00f3dios 29 a 31 &#8211; 4.\u00aa S\u00e9rie | Epis\u00f3dio 32<br \/>\nDVD com Grava\u00e7\u00e3o: 1972.Setembro-Outubro [4.\u00aa campanha] &#8211; Transmiss\u00e3o na RTP: 1973.Novembro-Dezembro &#8211; Grava\u00e7\u00e3o: 1972.Setembro-Outubro [4.\u00aa campanha] &#8211; Transmiss\u00e3o na RTP: 1974.Janeiro<\/p>\n<p>Textos de Paulo Lima e Anne Caufriez &#8211; Entrevista a Alexandre Branco Wereffort &#8211; Portfolio fotogr\u00e1fico de Augusto Br\u00e1zio<\/p>\n<p><iframe loading=\"lazy\" title=\"YouTube video player\" src=\"https:\/\/www.youtube.com\/embed\/cUMR4tfdhO4?si=Xvx7-X6w4g9X5WJr&amp;controls=0\" width=\"280\" height=\"157\" frameborder=\"0\" allowfullscreen=\"allowfullscreen\"><\/iframe><\/p>\n<p><iframe loading=\"lazy\" title=\"YouTube video player\" src=\"https:\/\/www.youtube.com\/embed\/-YtZmRKRvOM?si=lbJXkNOcWZxG5LFk&amp;controls=0\" width=\"280\" height=\"157\" frameborder=\"0\" allowfullscreen=\"allowfullscreen\"><\/iframe><\/p>\n","protected":false},"featured_media":33882,"template":"","meta":[],"product_brand":[],"product_cat":[331,315],"product_tag":[],"class_list":{"0":"post-6467","1":"product","2":"type-product","3":"status-publish","4":"has-post-thumbnail","6":"product_cat-dvd-tradisom","7":"product_cat-tradisom","8":"product_shipping_class-livros-europa","10":"first","11":"instock","12":"shipping-taxable","13":"purchasable","14":"product-type-simple"},"_links":{"self":[{"href":"https:\/\/tradisom.com\/en\/wp-json\/wp\/v2\/product\/6467","targetHints":{"allow":["GET"]}}],"collection":[{"href":"https:\/\/tradisom.com\/en\/wp-json\/wp\/v2\/product"}],"about":[{"href":"https:\/\/tradisom.com\/en\/wp-json\/wp\/v2\/types\/product"}],"wp:featuredmedia":[{"embeddable":true,"href":"https:\/\/tradisom.com\/en\/wp-json\/wp\/v2\/media\/33882"}],"wp:attachment":[{"href":"https:\/\/tradisom.com\/en\/wp-json\/wp\/v2\/media?parent=6467"}],"wp:term":[{"taxonomy":"product_brand","embeddable":true,"href":"https:\/\/tradisom.com\/en\/wp-json\/wp\/v2\/product_brand?post=6467"},{"taxonomy":"product_cat","embeddable":true,"href":"https:\/\/tradisom.com\/en\/wp-json\/wp\/v2\/product_cat?post=6467"},{"taxonomy":"product_tag","embeddable":true,"href":"https:\/\/tradisom.com\/en\/wp-json\/wp\/v2\/product_tag?post=6467"}],"curies":[{"name":"wp","href":"https:\/\/api.w.org\/{rel}","templated":true}]}}