{"id":6465,"date":"2018-05-04T09:47:42","date_gmt":"2018-05-04T09:47:42","guid":{"rendered":"https:\/\/tradisom.com\/\/?post_type=product&#038;p=6465"},"modified":"2025-11-18T00:17:24","modified_gmt":"2025-11-17T23:17:24","slug":"volume-7","status":"publish","type":"product","link":"https:\/\/tradisom.com\/en\/product\/volume-7\/","title":{"rendered":"Filmografia de Michel Giacometti &#8211; Volume 07"},"content":{"rendered":"<p>&#8211; Apresentaremos neste programa v\u00e1rios trechos de m\u00fasica instrumental popular, recolhidos em zonas do pa\u00eds musicalmente bem diferenciadas.<br \/>\n&#8211; Para come\u00e7ar, um agrupamento instrumental de Barco, concelho do Fund\u00e3o, Beira Baixa, vai tocar uma marcha, a que chamam \u00abMois\u00e9s\u00bb. Constitu\u00eddo para cima de h\u00e1 90 anos, este agrupamento, formados por bombos, caixas, pratos e flautas, participa nas festas locais, sendo o seu repert\u00f3rio, a bendizer, limitado a trechos do tipo da hist\u00f3rica e musicologicamente chamada \u00abm\u00fasica turca\u00bb. As m\u00fasicas destes grupos populares, quando transmitidas por via n\u00e3o escrita, como \u00e9 aqui o caso, devem merecer a nossa aten\u00e7\u00e3o.<br \/>\nNa verdade, se na sua generalidade estas m\u00fasicas pertencem ao repert\u00f3rio passado ou mesmo actual das bandas militares do nosso pais, outras haver\u00e1 que, embora deturpadas, sobrevivem talvez como reminisc\u00eancia de m\u00fasicas trazidas nestes \u00faltimos s\u00e9culos pelos ex\u00e9rcitos estrangeiros. Outras ainda, cuja origem \u00e9 provavelmente mais remota. Lembraremos ainda, a t\u00edtulo de exemplo, que a chamada \u00abm\u00fasica turca\u00bb, precisamente, inclui esp\u00e9cimes que se sup\u00f5e serem res\u00edduos da m\u00fasica dos ex\u00e9rcitos romanos.<br \/>\n&#8211; Ouviremos a seguir a \u00abMarcha das Cornetas\u00bb. A corneta, como se sabe, \u00e9 um instrumento de bocal, empregado no ex\u00e9rcito com acompanhamento de tambores: cada companhia tinha uma corneta e dois tambores.<br \/>\n&#8211; Estamos em Barreira, no concelho de Condeixa-a-Velha, Beira Litoral. Este tipo de conjunto instrumental popular (gaita de foles, tambor e caixa), bastante raro na regi\u00e3o, encontra-se com mais frequ\u00eancia no Minho e Tr\u00e1s-os-Montes. A sua fun\u00e7\u00e3o \u00e9 festiva.<br \/>\nVamos ouvir um fandango.<br \/>\n&#8211; Jo\u00e3o Melo, conhecido como o \u00abgaiteiro antigo\u00bb. Hoje, depois de um breve ensaio, teve que desistir de tocar: sofre do cora\u00e7\u00e3o, como tantos gaiteiros. Um sobrinho substituiu-o.<br \/>\nJo\u00e3o Melo pertence a uma fam\u00edlia de gaiteiros e \u00e9 o deposit\u00e1rio, talvez \u00fanico na regi\u00e3o, de um repertorio de m\u00fasicas cerimoniais, de velhas dan\u00e7as, as quais, hoje em dia, s\u00e3o substitu\u00eddas, pelos gaiteiros mais novos, por m\u00fasicas \u00abcorriqueiras\u00bb do presente. Vamos ouvir agora o \u00abSanctus\u00bb, m\u00fasica que os gaiteiros da Estremadura e Beira Litoral, Minho e Tr\u00e1s-os-Montes, tocavam na missa, na parte inclu\u00edda entre o pref\u00e1cio e o c\u00e2none. Interdito pela igreja, o costume caiu em desuso nestes \u00faltimos 20 anos.<br \/>\n&#8211; Estamos de novo no monte Totenique, no concelho de Odemira, no Baixo Alentejo, para ouvir um tocador de viola campani\u00e7a, conhecido dos telespectadores do nosso programa.<br \/>\n&#8211; A viola campani\u00e7a, de que demos as caracter\u00edsticas essenciais na rubrica. \u00abO despique e a viola campani\u00e7a do Baixo Alentejo\u00bb, era fabricada na regi\u00e3o e servia para animar os bailes e acompanhar o despique. Hoje acompanha apenas os despiques dos mais velhos em raras ocasi\u00f5es, como, por exemplo, na feira anual de Castro Verde.<br \/>\n&#8211; Nas imedia\u00e7\u00f5es de Estremoz. Manuel Jaleca, da companhia dos bonecos de Santo Aleixo. O Fandango que vai tocar constitu\u00eda como que acompanhamento do \u00abPasso do Barbeiro\u00bb, sainete malicioso do repert\u00f3rio da companhia.<br \/>\n&#8211; Salir, no concelho de Loul\u00e9, Algarve. Jos\u00e9 de Sousa, flautista popular, executou, num dos nossos primeiros programas, v\u00e1rias modas de baile da regi\u00e3o. Mas as coisas n\u00e3o lhe correram bem. Hoje vai tocar &#8211; e desta vez com mais brio &#8211; numa flauta de cana, por ele pr\u00f3prio fabricada, uma moda de baile &#8211; do tipo corridinho -, de que n\u00e3o se sabe o nome (o que acontece com frequ\u00eancia com os instrumentistas populares).<br \/>\n&#8211; Um grupo popular (bombos, caixas, pratos e flautas) toca (tocou ou vai tocar) o \u00abCarvalhal\u00bb, m\u00fasica de grande significado para o povo de Souto da Casa (Fund\u00e3o, Castelo Branco) que, na Quarta-feira de Cinzas, organiza uma esp\u00e9cie de romaria, comemorativa de uma vit\u00f3ria alcan\u00e7ada, em fins do s\u00e9culo passado, a qual lhe permitiu conservar em sua posse os disputados terrenos comunit\u00e1rios do Carvalhal.<br \/>\n&#8211; Estamos a ouvir (vamos ouvir) um grupo de Lavacolhos, sempre no concelho do Fund\u00e3o. \u00abAo Alto\u00bb, \u00e9 o trecho que anima a romaria de Santa Luzia, no Castelejo &#8211; uma m\u00fasica entrecortada de gritos e de versos cantados.<br \/>\n&#8211; Desejamos sublinhar neste momento que a m\u00fasica instrumental nos parece o aspecto menos significativo da nossa m\u00fasica folcl\u00f3rica, essencialmente vocal e que, pela riqueza da sua express\u00e3o, se situa exemplarmente no panorama da m\u00fasica cong\u00eanere europeia.<br \/>\nEsta afirma\u00e7\u00e3o, que n\u00e3o \u00e9 nova nem exclusivamente nossa, vai contra as recentes declara\u00e7\u00f5es, por certo irreflectidas, de um nosso cr\u00edtico. Com efeito, negar a for\u00e7a viva da nossa tradi\u00e7\u00e3o musical, equivaleria a frustrar o nosso povo de um dos seus bens mais preciosos.<br \/>\n\u00abO que seria do nosso povo se n\u00e3o cantasse?\u00bb, j\u00e1 dizia justamente Leite de Vasconcelos.<br \/>\nE se o nosso povo canta quando pode (segundo o parecer de um outro cr\u00edtico), o certo \u00e9 que, quando canta, o nosso povo indubitavelmente se encanta de si mesmo. E daqui, tirem os nossos amigos cr\u00edticos as ila\u00e7\u00f5es que quiserem.<\/p>\n","protected":false},"excerpt":{"rendered":"<p>2.\u00aa e 3.\u00aaS\u00e9rie | Epis\u00f3dios 25 a 28<br \/>\nDVD com Grava\u00e7\u00e3o: 1970.Abril [1.\u00aa campanha] &#8211; 1970.Maio-Junho [2.\u00aa campanha] &#8211; 1971.Junho [3.\u00aa campanha] &#8211; 1972.Setembro-Outubro [4.\u00aa campanha]\n<p>Textos de Paulo Lima, Jos\u00e9 Alberto Sardinha &#8211; Entrevista a Alexandre Branco &#8211; Portfolio fotogr\u00e1fico de Augusto Br\u00e1zio<\/p>\n<p><iframe loading=\"lazy\" title=\"YouTube video player\" src=\"https:\/\/www.youtube.com\/embed\/_YzlM5ZD05s?si=OSVu7h3F28nW0S9q&amp;controls=0\" width=\"280\" height=\"157\" frameborder=\"0\" allowfullscreen=\"allowfullscreen\"><\/iframe><\/p>\n<p><iframe loading=\"lazy\" title=\"YouTube video player\" src=\"https:\/\/www.youtube.com\/embed\/Qq_dUxZeJAc?si=CivS6McVcYmGoe0N&amp;controls=0\" width=\"280\" height=\"157\" frameborder=\"0\" allowfullscreen=\"allowfullscreen\"><\/iframe><\/p>\n","protected":false},"featured_media":33866,"template":"","meta":[],"product_brand":[],"product_cat":[331,315],"product_tag":[],"class_list":{"0":"post-6465","1":"product","2":"type-product","3":"status-publish","4":"has-post-thumbnail","6":"product_cat-dvd-tradisom","7":"product_cat-tradisom","9":"first","10":"instock","11":"shipping-taxable","12":"purchasable","13":"product-type-simple"},"_links":{"self":[{"href":"https:\/\/tradisom.com\/en\/wp-json\/wp\/v2\/product\/6465","targetHints":{"allow":["GET"]}}],"collection":[{"href":"https:\/\/tradisom.com\/en\/wp-json\/wp\/v2\/product"}],"about":[{"href":"https:\/\/tradisom.com\/en\/wp-json\/wp\/v2\/types\/product"}],"wp:featuredmedia":[{"embeddable":true,"href":"https:\/\/tradisom.com\/en\/wp-json\/wp\/v2\/media\/33866"}],"wp:attachment":[{"href":"https:\/\/tradisom.com\/en\/wp-json\/wp\/v2\/media?parent=6465"}],"wp:term":[{"taxonomy":"product_brand","embeddable":true,"href":"https:\/\/tradisom.com\/en\/wp-json\/wp\/v2\/product_brand?post=6465"},{"taxonomy":"product_cat","embeddable":true,"href":"https:\/\/tradisom.com\/en\/wp-json\/wp\/v2\/product_cat?post=6465"},{"taxonomy":"product_tag","embeddable":true,"href":"https:\/\/tradisom.com\/en\/wp-json\/wp\/v2\/product_tag?post=6465"}],"curies":[{"name":"wp","href":"https:\/\/api.w.org\/{rel}","templated":true}]}}