{"id":6447,"date":"2018-05-04T09:34:06","date_gmt":"2018-05-04T08:34:06","guid":{"rendered":"https:\/\/tradisom.com\/\/?post_type=product&#038;p=6447"},"modified":"2025-09-01T16:36:14","modified_gmt":"2025-09-01T15:36:14","slug":"dancas-encantadas-e-outras-nao","status":"publish","type":"product","link":"https:\/\/tradisom.com\/en\/product\/dancas-encantadas-e-outras-nao\/","title":{"rendered":"Dan\u00e7as (En)cantadas e outras n\u00e3o"},"content":{"rendered":"<p>Obra profusamente ilustrada com um CD (26 m\u00fasicas) e um DVD. Fundamental para as Escolas Prim\u00e1rias. Todas as dan\u00e7as t\u00eam letra e partitura musical.<\/p>\n<p>Introdu\u00e7\u00e3o da autora: Sou uma encantadora de ratinhos e de crian\u00e7as! Quero que sigam a minha m\u00fasica. A minha m\u00fasica, que os p\u00f5e a dan\u00e7ar, quer queiram, quer n\u00e3o! Em transe, a dan\u00e7ar com as dan\u00e7as de todo o mundo, dan\u00e7adas desde sempre por tantas crian\u00e7as, que j\u00e1 se deixaram encantar! Vou usar a minha magia, levo toda a gente para o meu reino encantado e nunca mais v\u00e3o parar de dan\u00e7ar! V\u00e3o ser crian\u00e7as felizes, que crescer\u00e3o como adultos felizes e dan\u00e7antes. Porque dan\u00e7ar \u00e9 a melhor coisa, em qualquer s\u00edtio do mundo, encantado ou real! E a quem n\u00e3o quiser dan\u00e7ar, irei transformar num rato. Um rato que, com as suas patinhas r\u00e1pidas, n\u00e3o consegue estar quieto. Crian\u00e7as e ratinhos e quem mais quiser juntar-se a n\u00f3s, venham da\u00ed que a nossa viagem vai come\u00e7ar&#8230;<\/p>\n","protected":false},"excerpt":{"rendered":"<p>Livro sobre as Dan\u00e7as Tradicionais de todo o mundo<\/p>\n","protected":false},"featured_media":16809,"template":"","meta":[],"product_brand":[],"product_cat":[316,329,326,322,315],"product_tag":[],"class_list":{"0":"post-6447","1":"product","2":"type-product","3":"status-publish","4":"has-post-thumbnail","6":"product_cat-discos-tradisom","7":"product_cat-infantil-livros-tradisom","8":"product_cat-livros-tradisom","9":"product_cat-tradicional-discos-tradisom","10":"product_cat-tradisom","12":"first","13":"outofstock","14":"sale","15":"shipping-taxable","16":"purchasable","17":"product-type-simple"},"_links":{"self":[{"href":"https:\/\/tradisom.com\/en\/wp-json\/wp\/v2\/product\/6447","targetHints":{"allow":["GET"]}}],"collection":[{"href":"https:\/\/tradisom.com\/en\/wp-json\/wp\/v2\/product"}],"about":[{"href":"https:\/\/tradisom.com\/en\/wp-json\/wp\/v2\/types\/product"}],"wp:featuredmedia":[{"embeddable":true,"href":"https:\/\/tradisom.com\/en\/wp-json\/wp\/v2\/media\/16809"}],"wp:attachment":[{"href":"https:\/\/tradisom.com\/en\/wp-json\/wp\/v2\/media?parent=6447"}],"wp:term":[{"taxonomy":"product_brand","embeddable":true,"href":"https:\/\/tradisom.com\/en\/wp-json\/wp\/v2\/product_brand?post=6447"},{"taxonomy":"product_cat","embeddable":true,"href":"https:\/\/tradisom.com\/en\/wp-json\/wp\/v2\/product_cat?post=6447"},{"taxonomy":"product_tag","embeddable":true,"href":"https:\/\/tradisom.com\/en\/wp-json\/wp\/v2\/product_tag?post=6447"}],"curies":[{"name":"wp","href":"https:\/\/api.w.org\/{rel}","templated":true}]}}