{"id":6443,"date":"2018-05-04T09:30:32","date_gmt":"2018-05-04T09:30:32","guid":{"rendered":"https:\/\/tradisom.com\/\/?post_type=product&#038;p=6443"},"modified":"2025-09-01T16:36:29","modified_gmt":"2025-09-01T15:36:29","slug":"a-origem-do-fado","status":"publish","type":"product","link":"https:\/\/tradisom.com\/en\/product\/a-origem-do-fado\/","title":{"rendered":"A Origem do Fado"},"content":{"rendered":"<p>As origens do Fado andam envoltas em mist\u00e9rio. H\u00e1 quem acredite que o Fado nasceu no Brasil, em \u00c1frica, no mar ao sabor das ondas, ou que nos chegou trazido pelos \u00e1rabes!<\/p>\n<p>Afinal a sua origem \u00e9 simplesmente portuguesa, verdadeiramente portuguesa, essa convic\u00e7\u00e3o e a tese do autor.<\/p>\n<p>Atrav\u00e9s de uma investiga\u00e7\u00e3o s\u00e9ria, rigorosa, profunda e consistente junto das comunidades rurais de todas as prov\u00edncias, o autor descobriu os resqu\u00edcios de uma antiqu\u00edssima tradi\u00e7\u00e3o po\u00e9tico-musical comum a todo o pa\u00eds (aldeias, vilas e cidades, incluindo Lisboa), que constitui a g\u00e9nese do Fado: o canto narrativo, que vem desde o s\u00e9c.XVI representado pelo romanceiro novelesco tradicional e que chegou aos nossos dias atrav\u00e9s dos m\u00fasicos ambulantes entre ao quais os ceguinhos da tradi\u00e7\u00e3o popular, que cantavam pelas feiras e ruas de todo o pa\u00eds os \u00faltimos acontecimentos que impressionavam o seu audit\u00f3rio: os crimes, as desgra\u00e7as, as trag\u00e9dias, as vidas da gente comum, que o mesmo \u00e9 dizer os fados da gente comum.<\/p>\n<p>S\u00e3o esses os fados primitivos (a que pejorativamente se chama fados da desgra\u00e7adinha ou de faca e alguidar), \u00e9 a\u00ed que se situa a origem, a raiz do Fado.<\/p>\n<p>O livro possui 550 p\u00e1ginas, amplamente ilustrado com fotografias a cores, e \u00e9 acompanhado com quatro CDs, contendo recolhas musicais feitas pelo autor junto das comunidades rurais de todo o pa\u00eds, \u00faltimas deposit\u00e1rias desses cantos narrativos das feiras, afinal o fado primitivo ou origin\u00e1rio.<\/p>\n<p>Esta edi\u00e7\u00e3o \u00e9 um acontecimento de enorme import\u00e2ncia para a Cultura Popular Portuguesa.<\/p>\n","protected":false},"excerpt":{"rendered":"<p>Livro de capa dura com 550 p\u00e1ginas a cores em papel couch\u00e9, contendo 4 CDS com mais de 4 horas de m\u00fasica!<\/p>\n","protected":false},"featured_media":16805,"template":"","meta":[],"product_brand":[],"product_cat":[328,326,315],"product_tag":[],"class_list":{"0":"post-6443","1":"product","2":"type-product","3":"status-publish","4":"has-post-thumbnail","6":"product_cat-fado-livros-tradisom","7":"product_cat-livros-tradisom","8":"product_cat-tradisom","10":"first","11":"instock","12":"shipping-taxable","13":"purchasable","14":"product-type-simple"},"_links":{"self":[{"href":"https:\/\/tradisom.com\/en\/wp-json\/wp\/v2\/product\/6443","targetHints":{"allow":["GET"]}}],"collection":[{"href":"https:\/\/tradisom.com\/en\/wp-json\/wp\/v2\/product"}],"about":[{"href":"https:\/\/tradisom.com\/en\/wp-json\/wp\/v2\/types\/product"}],"wp:featuredmedia":[{"embeddable":true,"href":"https:\/\/tradisom.com\/en\/wp-json\/wp\/v2\/media\/16805"}],"wp:attachment":[{"href":"https:\/\/tradisom.com\/en\/wp-json\/wp\/v2\/media?parent=6443"}],"wp:term":[{"taxonomy":"product_brand","embeddable":true,"href":"https:\/\/tradisom.com\/en\/wp-json\/wp\/v2\/product_brand?post=6443"},{"taxonomy":"product_cat","embeddable":true,"href":"https:\/\/tradisom.com\/en\/wp-json\/wp\/v2\/product_cat?post=6443"},{"taxonomy":"product_tag","embeddable":true,"href":"https:\/\/tradisom.com\/en\/wp-json\/wp\/v2\/product_tag?post=6443"}],"curies":[{"name":"wp","href":"https:\/\/api.w.org\/{rel}","templated":true}]}}