{"id":6433,"date":"2018-05-04T09:17:40","date_gmt":"2018-05-04T09:17:40","guid":{"rendered":"https:\/\/tradisom.com\/\/?post_type=product&#038;p=6433"},"modified":"2025-09-01T18:03:57","modified_gmt":"2025-09-01T17:03:57","slug":"filhos-de-timor-leste-2","status":"publish","type":"product","link":"https:\/\/tradisom.com\/en\/product\/filhos-de-timor-leste-2\/","title":{"rendered":"Filhos de Timor Leste"},"content":{"rendered":"<p>Filhos de Timor Leste foi editado em Maio de 2002, como edi\u00e7\u00e3o comemorativa do Dia de Independ\u00eancia daquele pa\u00eds.<\/p>\n<p>Restam poucos exemplares.<\/p>\n<p>O livro cont\u00e9m 100 fotos e um CD com m\u00fasica tradicional de Timor. Uma dessas faixas reproduz a m\u00fasica interpretada no dia de atribui\u00e7\u00e3o do Pr\u00e9mio Nobel da Paz a D. Ximenes Belo e a Ramos Horta, e n\u00e3o se encontra editada em mais nenhum lado.<\/p>\n<p>Timor Leste \u00e9 um caso de paix\u00e3o. De muitas pessoas,, de gente boa. Sem elas, este projecto n\u00e3o teria passado de um sonho, como tantos outros que ficaram pelo caminho. Mas, tal como a Independ\u00eancia, alcan\u00e7ada precisamente h\u00e1 cinco anos, este livro \u00e9 uma realidade saborosa e indestrut\u00edvel, porque ambos cont\u00e9m a esperan\u00e7a de um futuro espelhado nos seus filhos, os \u201cFilhos de Timor Leste\u201d.<\/p>\n<p>Os jovens retratados neste livro est\u00e3o agora mais velhos, muitos deles, podem continuar a sorrir, mas, outros, infelizmente ainda n\u00e3o acreditam no seu futuro.<\/p>\n<p>As fotos inclu\u00eddas neste \u00e1lbum s\u00e3o originais de 5 grandes fot\u00f3grafos:<br \/>\nDawn Delaney (Austr\u00e1lia), In\u00e1cio Ludgero (Portugal), Jon Lewis (USA), Ross Bird (Austr\u00e1lia) e Rusty Stewart (Irlanda do Norte). Cada um deles ofereceu 20 fotos para esta edi\u00e7\u00e3o.<\/p>\n","protected":false},"excerpt":{"rendered":"<p>Livro com 100 fotografias<br \/>\nInclui 1 CD<\/p>\n","protected":false},"featured_media":37324,"template":"","meta":[],"product_brand":[],"product_cat":[404,326,403,315],"product_tag":[],"class_list":{"0":"post-6433","1":"product","2":"type-product","3":"status-publish","4":"has-post-thumbnail","6":"product_cat-documental","7":"product_cat-livros-tradisom","8":"product_cat-tradicional","9":"product_cat-tradisom","11":"first","12":"instock","13":"shipping-taxable","14":"purchasable","15":"product-type-simple"},"_links":{"self":[{"href":"https:\/\/tradisom.com\/en\/wp-json\/wp\/v2\/product\/6433","targetHints":{"allow":["GET"]}}],"collection":[{"href":"https:\/\/tradisom.com\/en\/wp-json\/wp\/v2\/product"}],"about":[{"href":"https:\/\/tradisom.com\/en\/wp-json\/wp\/v2\/types\/product"}],"wp:featuredmedia":[{"embeddable":true,"href":"https:\/\/tradisom.com\/en\/wp-json\/wp\/v2\/media\/37324"}],"wp:attachment":[{"href":"https:\/\/tradisom.com\/en\/wp-json\/wp\/v2\/media?parent=6433"}],"wp:term":[{"taxonomy":"product_brand","embeddable":true,"href":"https:\/\/tradisom.com\/en\/wp-json\/wp\/v2\/product_brand?post=6433"},{"taxonomy":"product_cat","embeddable":true,"href":"https:\/\/tradisom.com\/en\/wp-json\/wp\/v2\/product_cat?post=6433"},{"taxonomy":"product_tag","embeddable":true,"href":"https:\/\/tradisom.com\/en\/wp-json\/wp\/v2\/product_tag?post=6433"}],"curies":[{"name":"wp","href":"https:\/\/api.w.org\/{rel}","templated":true}]}}