{"id":6427,"date":"2018-05-04T09:11:57","date_gmt":"2018-05-04T09:11:57","guid":{"rendered":"https:\/\/tradisom.com\/\/?post_type=product&#038;p=6427"},"modified":"2025-11-18T00:14:44","modified_gmt":"2025-11-17T23:14:44","slug":"michel-giacometti-o-ladrao-do-sado","status":"publish","type":"product","link":"https:\/\/tradisom.com\/en\/product\/michel-giacometti-o-ladrao-do-sado\/","title":{"rendered":"Filmografia de Michel Giacometti &#8211; Volume 11 &#8211; O Ladr\u00e3o do Sado"},"content":{"rendered":"<p>Cont\u00e9m 2 CDs<\/p>\n<p>Textos de Paulo Lima e Michel Giacometti Portfolio fotogr\u00e1fico de Augusto Br\u00e1zio<\/p>\n","protected":false},"excerpt":{"rendered":"<p>Com a coordena\u00e7\u00e3o de Paulo Lima este livro tem um portf\u00f3lio de fotografias da autoria de Augusto Br\u00e1zio.<br \/>\nInqu\u00e9rito Musical em Alc\u00e1cer do Sal<br \/>\nTextos de Paulo Lima e Michel Giacometti<br \/>\n\u00cdNDICE deste livro:<br \/>\nNOTA INTRODUT\u00d3RIA<br \/>\nO LADR\u00c3O DO SADO Michel Giacometti<br \/>\nO CANCIONEIRO DO SADO com apresenta\u00e7\u00e3o de Michel Giacometti<br \/>\nCORPUS DOCUMENTAL<br \/>\nGUIA DE AUDI\u00c7\u00c3O<\/p>\n","protected":false},"featured_media":33931,"template":"","meta":[],"product_brand":[],"product_cat":[404,326,403,315],"product_tag":[],"class_list":{"0":"post-6427","1":"product","2":"type-product","3":"status-publish","4":"has-post-thumbnail","6":"product_cat-documental","7":"product_cat-livros-tradisom","8":"product_cat-tradicional","9":"product_cat-tradisom","11":"first","12":"instock","13":"downloadable","14":"shipping-taxable","15":"purchasable","16":"product-type-simple"},"_links":{"self":[{"href":"https:\/\/tradisom.com\/en\/wp-json\/wp\/v2\/product\/6427","targetHints":{"allow":["GET"]}}],"collection":[{"href":"https:\/\/tradisom.com\/en\/wp-json\/wp\/v2\/product"}],"about":[{"href":"https:\/\/tradisom.com\/en\/wp-json\/wp\/v2\/types\/product"}],"wp:featuredmedia":[{"embeddable":true,"href":"https:\/\/tradisom.com\/en\/wp-json\/wp\/v2\/media\/33931"}],"wp:attachment":[{"href":"https:\/\/tradisom.com\/en\/wp-json\/wp\/v2\/media?parent=6427"}],"wp:term":[{"taxonomy":"product_brand","embeddable":true,"href":"https:\/\/tradisom.com\/en\/wp-json\/wp\/v2\/product_brand?post=6427"},{"taxonomy":"product_cat","embeddable":true,"href":"https:\/\/tradisom.com\/en\/wp-json\/wp\/v2\/product_cat?post=6427"},{"taxonomy":"product_tag","embeddable":true,"href":"https:\/\/tradisom.com\/en\/wp-json\/wp\/v2\/product_tag?post=6427"}],"curies":[{"name":"wp","href":"https:\/\/api.w.org\/{rel}","templated":true}]}}