{"id":6425,"date":"2018-05-04T09:09:16","date_gmt":"2018-05-04T08:09:16","guid":{"rendered":"https:\/\/tradisom.com\/\/?post_type=product&#038;p=6425"},"modified":"2026-03-02T18:31:27","modified_gmt":"2026-03-02T17:31:27","slug":"raizes-musicais-de-terras-e-gentes-de-vinhais-2","status":"publish","type":"product","link":"https:\/\/tradisom.com\/en\/product\/raizes-musicais-de-terras-e-gentes-de-vinhais-2\/","title":{"rendered":"Ra\u00edzes Musicais de Terras e Gentes de Vinhais"},"content":{"rendered":"<p>Esta \u00e9 a apresenta\u00e7\u00e3o f\u00edsica de um trabalho de investiga\u00e7\u00e3o na \u00e1rea da etnomusicologia, campo das humanidades que contribui, com os seus conhecimentos, para a compreens\u00e3o do Homem, atrav\u00e9s da express\u00e3o musical. As Terras e as Gentes de Vinhais tornam-se objecto de estudo e constituem, no seu modus vivendi , a base do chamado problema de investiga\u00e7\u00e3o, provar que existiu uma cultura musical de fortes ra\u00edzes num povo que viveu e sentiu a m\u00fasica popular, de forma \u00fanica e exemplar, fazendo, dela um acto social.<\/p>\n<p>A metodologia utilizada \u00e9, obviamente etnogr\u00e1fica, pelo que n\u00e3o existe uma rela\u00e7\u00e3o causa\/efeito, mas sim processos que v\u00e3o debru\u00e7ar-se sobre as rela\u00e7\u00f5es sociais nascidas da interac\u00e7\u00e3o das gentes em causa. Esta interac\u00e7\u00e3o social confere, a este estudo, uma validade que se desenvolve ao longo de todo um trabalho previamente planificado, e efectuado com base na recolha de dados no terreno.<\/p>\n<p>Os objectivos, finalidades e resultados giram em torno de uma ideia de conhecimento, preserva\u00e7\u00e3o e divulga\u00e7\u00e3o de um Patrim\u00f3nio Cultural, neste caso, o do Concelho de Vinhais.<\/p>\n<p>Reside em cada um de n\u00f3s, ou deveria residir, uma atitude de compromisso para que, cada vez mais, esta seja uma realidade cultural, que vivida noutros tempos, deve no presente, n\u00e3o ser v\u00edtima de esquecimento e consequente abandono, mas sim motivo de interesse, dedica\u00e7\u00e3o e orgulho. S\u00f3 assim, as gera\u00e7\u00f5es futuras poder\u00e3o conhecer e reviver a nossa cultura. Cultura que ancora inevitavelmente na hist\u00f3ria, na etnografia, enfim\u2026 nas linhas do passado.<\/p>\n","protected":false},"excerpt":{"rendered":"<p><iframe loading=\"lazy\" src=\"https:\/\/w.soundcloud.com\/player\/?url=https%3A\/\/api.soundcloud.com\/playlists\/1378338913&amp;color=%2354541b&amp;auto_play=false&amp;hide_related=false&amp;show_comments=false&amp;show_user=false&amp;show_reposts=false&amp;show_teaser=false\" width=\"100%\" height=\"450\" frameborder=\"no\" scrolling=\"no\"><\/iframe><\/p>\n<div style=\"font-size: 10px; color: #cccccc; line-break: anywhere; word-break: normal; overflow: hidden; white-space: nowrap; text-overflow: ellipsis; font-family: Interstate,Lucida Grande,Lucida Sans Unicode,Lucida Sans,Garuda,Verdana,Tahoma,sans-serif; font-weight: 100;\"><a style=\"color: #cccccc; text-decoration: none;\" title=\"Tradisom\" href=\"https:\/\/soundcloud.com\/tradisom\" target=\"_blank\" rel=\"noopener\">Tradisom<\/a> \u00b7 <a style=\"color: #cccccc; text-decoration: none;\" title=\"RA\u00cdZES MUSICAIS DE TERRAS E GENTES DE VINHAIS\" href=\"https:\/\/soundcloud.com\/tradisom\/sets\/raizes-musicais-de-terras-e-gentes-de-vinhais\" target=\"_blank\" rel=\"noopener\">RA\u00cdZES MUSICAIS DE TERRAS E GENTES DE VINHAIS<\/a><\/div>\n","protected":false},"featured_media":29473,"template":"","meta":[],"product_brand":[],"product_cat":[404,326,403,315],"product_tag":[],"class_list":{"0":"post-6425","1":"product","2":"type-product","3":"status-publish","4":"has-post-thumbnail","6":"product_cat-documental","7":"product_cat-livros-tradisom","8":"product_cat-tradicional","9":"product_cat-tradisom","10":"product_shipping_class-livros-europa","12":"first","13":"instock","14":"shipping-taxable","15":"purchasable","16":"product-type-simple"},"_links":{"self":[{"href":"https:\/\/tradisom.com\/en\/wp-json\/wp\/v2\/product\/6425","targetHints":{"allow":["GET"]}}],"collection":[{"href":"https:\/\/tradisom.com\/en\/wp-json\/wp\/v2\/product"}],"about":[{"href":"https:\/\/tradisom.com\/en\/wp-json\/wp\/v2\/types\/product"}],"wp:featuredmedia":[{"embeddable":true,"href":"https:\/\/tradisom.com\/en\/wp-json\/wp\/v2\/media\/29473"}],"wp:attachment":[{"href":"https:\/\/tradisom.com\/en\/wp-json\/wp\/v2\/media?parent=6425"}],"wp:term":[{"taxonomy":"product_brand","embeddable":true,"href":"https:\/\/tradisom.com\/en\/wp-json\/wp\/v2\/product_brand?post=6425"},{"taxonomy":"product_cat","embeddable":true,"href":"https:\/\/tradisom.com\/en\/wp-json\/wp\/v2\/product_cat?post=6425"},{"taxonomy":"product_tag","embeddable":true,"href":"https:\/\/tradisom.com\/en\/wp-json\/wp\/v2\/product_tag?post=6425"}],"curies":[{"name":"wp","href":"https:\/\/api.w.org\/{rel}","templated":true}]}}