{"id":640,"date":"2018-04-02T17:19:40","date_gmt":"2018-04-02T17:19:40","guid":{"rendered":"https:\/\/tradisom.com\/\/?post_type=product&#038;p=640"},"modified":"2025-09-01T18:24:43","modified_gmt":"2025-09-01T17:24:43","slug":"joaquim-roque-o-ultimo-gaiteiro-de-torres-vedras-mp3","status":"publish","type":"product","link":"https:\/\/tradisom.com\/en\/product\/joaquim-roque-o-ultimo-gaiteiro-de-torres-vedras-mp3\/","title":{"rendered":"Joaquim Roque \u2013 O \u00daltimo Gaiteiro de Torres Vedras MP3"},"content":{"rendered":"<p>\u201cJoaquim Roque: O \u00daltimo Gaiteiro Tradicional de Torres Vedras\u201d \u00e9 um livro \u00fanico em Portugal, da autoria da Associa\u00e7\u00e3o Portuguesa para o Estudo e Divulga\u00e7\u00e3o da Gaita-de-Foles (Lisboa), sendo assinado por Francisco Pimenta e Henrique Oliveira, numa edi\u00e7\u00e3o da Tradisom.<\/p>\n<p>Joaquim Roque, de 72 anos, \u00e9 o \u00faltimo guardi\u00e3o de uma estirpe de antigos gaiteiros estremenhos. Este livro relata as suas mem\u00f3rias de vida: desde a sua aprendizagem com os velhos mestres gaiteiros da Estremadura, \u00e0 sua liga\u00e7\u00e3o duradoura e ininterrupta \u00e0s importantes romarias da regi\u00e3o, n\u00e3o esquecendo a presen\u00e7a frequente no Carnaval de Torres Vedras. A figura de Joaquim Roque torna-se tamb\u00e9m especial por ser dos mais ex\u00edmios gaiteiros de tradi\u00e7\u00e3o oral actualmente em actividade em Portugal.<\/p>\n<p>A obra, de imagem cuidada, \u00e9 ilustrada por uma fotobiografia deste tocador,<\/p>\n<p>conseguindo reunir imagens in\u00e9ditas de investigadores de refer\u00eancia como Michel Giacometti, Ernesto Veiga de Oliveira \/ Benjamim Pereira e Jos\u00e9 Alberto Sardinha finalmente dadas a conhecer.<\/p>\n<p>Com Pref\u00e1cio deste \u00faltimo investigador, o livro inclui um cap\u00edtulo introdut\u00f3rio que a Associa\u00e7\u00e3o autora da obra dedica \u00e0 Hist\u00f3ria da gaita-de-fole em Portugal, com a publica\u00e7\u00e3o de imagens de iconografia in\u00e9dita por si realizadas ou especialmente cedidas por Museus Nacionais e Municipais, Arquivos Municipais e outras entidades, fruto da pesquisa da pr\u00f3pria Associa\u00e7\u00e3o.<\/p>\n<p>O livro \u00e9 acompanhado por um CD contendo registos sonoros realizados a Joaquim Roque pela Associa\u00e7\u00e3o Gaita-de-Foles e por Jos\u00e9 A. Sardinha, cujos fonogramas s\u00e3o assim tornados p\u00fablicos ao fim de 30 anos.<\/p>\n<p>A obra cont\u00e9m ainda um DVD com document\u00e1rio sobre a vida e a import\u00e2ncia de Joaquim Roque como um dos derradeiros gaiteiros da Estremadura.<\/p>\n<p>Entre as principais entidades que apoiam esta edi\u00e7\u00e3o contam-se a C\u00e2mara Municipal de Torres Vedras e a Caixa Agr\u00edcola da mesma cidade.<\/p>\n<p>&nbsp;<\/p>\n","protected":false},"excerpt":{"rendered":"<p><strong>S\u00f3 em MP3<\/strong><\/p>\n<p><iframe loading=\"lazy\" src=\"https:\/\/w.soundcloud.com\/player\/?url=https%3A\/\/api.soundcloud.com\/playlists\/1378282117&amp;color=%2354541b&amp;auto_play=false&amp;hide_related=false&amp;show_comments=false&amp;show_user=false&amp;show_reposts=false&amp;show_teaser=false\" width=\"100%\" height=\"450\" frameborder=\"no\" scrolling=\"no\"><\/iframe><\/p>\n<div style=\"font-size: 10px; color: #cccccc; line-break: anywhere; word-break: normal; overflow: hidden; white-space: nowrap; text-overflow: ellipsis; font-family: Interstate,Lucida Grande,Lucida Sans Unicode,Lucida Sans,Garuda,Verdana,Tahoma,sans-serif; font-weight: 100;\"><a style=\"color: #cccccc; text-decoration: none;\" title=\"Tradisom\" href=\"https:\/\/soundcloud.com\/tradisom\" target=\"_blank\" rel=\"noopener\">Tradisom<\/a> \u00b7 <a style=\"color: #cccccc; text-decoration: none;\" title=\"O \u00daltimo Gatieiro de Torres Vedras - JOAQUIM ROQUE\" href=\"https:\/\/soundcloud.com\/tradisom\/sets\/o-ultimo-gatieiro-de-torres-vedras-joaquim-roque\" target=\"_blank\" rel=\"noopener\">O \u00daltimo Gatieiro de Torres Vedras &#8211; JOAQUIM ROQUE<\/a><\/div>\n","protected":false},"featured_media":16671,"template":"","meta":[],"product_brand":[],"product_cat":[380,315],"product_tag":[],"class_list":{"0":"post-640","1":"product","2":"type-product","3":"status-publish","4":"has-post-thumbnail","6":"product_cat-mp3","7":"product_cat-tradisom","9":"first","10":"instock","11":"downloadable","12":"virtual","13":"purchasable","14":"product-type-simple"},"_links":{"self":[{"href":"https:\/\/tradisom.com\/en\/wp-json\/wp\/v2\/product\/640","targetHints":{"allow":["GET"]}}],"collection":[{"href":"https:\/\/tradisom.com\/en\/wp-json\/wp\/v2\/product"}],"about":[{"href":"https:\/\/tradisom.com\/en\/wp-json\/wp\/v2\/types\/product"}],"wp:featuredmedia":[{"embeddable":true,"href":"https:\/\/tradisom.com\/en\/wp-json\/wp\/v2\/media\/16671"}],"wp:attachment":[{"href":"https:\/\/tradisom.com\/en\/wp-json\/wp\/v2\/media?parent=640"}],"wp:term":[{"taxonomy":"product_brand","embeddable":true,"href":"https:\/\/tradisom.com\/en\/wp-json\/wp\/v2\/product_brand?post=640"},{"taxonomy":"product_cat","embeddable":true,"href":"https:\/\/tradisom.com\/en\/wp-json\/wp\/v2\/product_cat?post=640"},{"taxonomy":"product_tag","embeddable":true,"href":"https:\/\/tradisom.com\/en\/wp-json\/wp\/v2\/product_tag?post=640"}],"curies":[{"name":"wp","href":"https:\/\/api.w.org\/{rel}","templated":true}]}}