{"id":638,"date":"2018-04-02T17:17:53","date_gmt":"2018-04-02T17:17:53","guid":{"rendered":"https:\/\/tradisom.com\/\/?post_type=product&#038;p=638"},"modified":"2025-09-01T18:24:49","modified_gmt":"2025-09-01T17:24:49","slug":"maio-moco-cantomaior","status":"publish","type":"product","link":"https:\/\/tradisom.com\/en\/product\/maio-moco-cantomaior\/","title":{"rendered":"Maio Mo\u00e7o \u2013 CantoMaior"},"content":{"rendered":"<p>CantoMaior n\u00e3o \u00e9 apenas mais um disco &#8211; o s\u00e9timo &#8211; na j\u00e1 longa carreira dos Maio Mo\u00e7o, nem t\u00e3o-pouco mais um trabalho de M\u00fasica Tradicional Portuguesa: \u00e9 um aut\u00eantico salto para a frente, um momento de consagra\u00e7\u00e3o, maturidade e plena afirma\u00e7\u00e3o art\u00edstica de um grupo que sempre revelou uma forma muito pr\u00f3pria de encarar a nossa tradi\u00e7\u00e3o musical.<\/p>\n<p>Inova\u00e7\u00e3o, experimentalismo, arrojo, tudo q.b., \u00e0 mistura com uma invulgar frescura e um rigor e autenticidade que n\u00e3o caem em qualquer esp\u00e9cie de intelectualismo elitista nem de pretensiosismo gratuito, mas tornam o disco aberto a in\u00fameras camadas de p\u00fablico, tudo isso encontramos nesta nova obra da banda que muitos consideram a &#8220;mais portuguesa das bandas portuguesas&#8221;.<br \/>\nCantoMaior traz-nos ambi\u00eancias sonoras pouco habituais em que se casam contributos de diferentes \u00e1reas musicais. N\u00e3o se trata de m\u00fasica de fus\u00e3o, pelo simples facto de n\u00e3o existir aqui nenhum esfor\u00e7o intencional de fundir seja o que for: os timbres cl\u00e1ssicos do obo\u00e9 e da orquestra de cordas surgem com a mesma naturalidade com que se perfilam os sons claros e vibrantes do cavaquinho e da gaita-de-foles, ou as sonoridades mais raras, ancestrais e quase desconhecidas do raj\u00e3o, da viola de arame e da velha viola toeira. A par de uma enorme riqueza instrumental, deparamos com um aproveitamento vocal talvez in\u00e9dito na M\u00fasica Tradicional Portuguesa, com um trabalho de vozes digno de nota que se traduz em harmonias plenas de vigor e expressividade.<br \/>\nIncluindo can\u00e7\u00f5es de uma espantosa diversidade e prodigiosa riqueza, de que n\u00e3o podemos deixar de salientar &#8220;Deita pra c\u00e1 esse adufe&#8221;, &#8220;Cantiga da volta da segada&#8221;, &#8220;En el palacio del rey&#8221; e &#8220;Vimos dar as Boas Festas&#8221; CantoMaior desvenda-nos alguns preciosos exemplos das nossas mais profundas ra\u00edzes e da inesgot\u00e1vel variedade e for\u00e7a criadora do nosso cancioneiro tradicional, desde uma interessante e saborosa cantiga infantil e dois fascinantes temas de inspira\u00e7\u00e3o natal\u00edcia, at\u00e9 extraordin\u00e1rios romances como &#8220;Estava a bela infanta&#8221; e &#8220;Romance da donzela guerreira&#8221;, passando por velhas dan\u00e7as como o curios\u00edssimo &#8220;Sericot\u00e3o&#8221; e por valiosas can\u00e7\u00f5es de amor transbordantes de sentimento e emo\u00e7\u00e3o como o inesquec\u00edvel &#8220;Meu Bem&#8221;.<\/p>\n","protected":false},"excerpt":{"rendered":"<p><strong>S\u00f3 em MP3<\/strong><\/p>\n<p><iframe loading=\"lazy\" src=\"https:\/\/w.soundcloud.com\/player\/?url=https%3A\/\/api.soundcloud.com\/playlists\/1367979478&amp;color=%2354541b&amp;auto_play=false&amp;hide_related=false&amp;show_comments=false&amp;show_user=false&amp;show_reposts=false&amp;show_teaser=false\" width=\"100%\" height=\"450\" frameborder=\"no\" scrolling=\"no\"><\/iframe><\/p>\n<div style=\"font-size: 10px; color: #cccccc; line-break: anywhere; word-break: normal; overflow: hidden; white-space: nowrap; text-overflow: ellipsis; font-family: Interstate,Lucida Grande,Lucida Sans Unicode,Lucida Sans,Garuda,Verdana,Tahoma,sans-serif; font-weight: 100;\"><a style=\"color: #cccccc; text-decoration: none;\" title=\"Tradisom\" href=\"https:\/\/soundcloud.com\/tradisom\" target=\"_blank\" rel=\"noopener\">Tradisom<\/a> \u00b7 <a style=\"color: #cccccc; text-decoration: none;\" title=\"Maio Mo\u00e7o\" href=\"https:\/\/soundcloud.com\/tradisom\/sets\/maio-moco\" target=\"_blank\" rel=\"noopener\">Maio Mo\u00e7o<\/a><\/div>\n","protected":false},"featured_media":16669,"template":"","meta":[],"product_brand":[],"product_cat":[380,315],"product_tag":[],"class_list":{"0":"post-638","1":"product","2":"type-product","3":"status-publish","4":"has-post-thumbnail","6":"product_cat-mp3","7":"product_cat-tradisom","9":"first","10":"instock","11":"shipping-taxable","12":"purchasable","13":"product-type-simple"},"_links":{"self":[{"href":"https:\/\/tradisom.com\/en\/wp-json\/wp\/v2\/product\/638","targetHints":{"allow":["GET"]}}],"collection":[{"href":"https:\/\/tradisom.com\/en\/wp-json\/wp\/v2\/product"}],"about":[{"href":"https:\/\/tradisom.com\/en\/wp-json\/wp\/v2\/types\/product"}],"wp:featuredmedia":[{"embeddable":true,"href":"https:\/\/tradisom.com\/en\/wp-json\/wp\/v2\/media\/16669"}],"wp:attachment":[{"href":"https:\/\/tradisom.com\/en\/wp-json\/wp\/v2\/media?parent=638"}],"wp:term":[{"taxonomy":"product_brand","embeddable":true,"href":"https:\/\/tradisom.com\/en\/wp-json\/wp\/v2\/product_brand?post=638"},{"taxonomy":"product_cat","embeddable":true,"href":"https:\/\/tradisom.com\/en\/wp-json\/wp\/v2\/product_cat?post=638"},{"taxonomy":"product_tag","embeddable":true,"href":"https:\/\/tradisom.com\/en\/wp-json\/wp\/v2\/product_tag?post=638"}],"curies":[{"name":"wp","href":"https:\/\/api.w.org\/{rel}","templated":true}]}}