{"id":636,"date":"2018-04-02T17:16:10","date_gmt":"2018-04-02T17:16:10","guid":{"rendered":"https:\/\/tradisom.com\/\/?post_type=product&#038;p=636"},"modified":"2025-09-01T18:24:55","modified_gmt":"2025-09-01T17:24:55","slug":"manuel-dias-nunes-obra-completa-volume-1","status":"publish","type":"product","link":"https:\/\/tradisom.com\/en\/product\/manuel-dias-nunes-obra-completa-volume-1\/","title":{"rendered":"Manuel Dias Nunes &#8211; Obra Completa, Volume 1"},"content":{"rendered":"<p>LILIANA CL\u00c1UDIA (voz)<\/p>\n<p>NUNO ALEXANDRINO e MAURO DILEMA (piano)<\/p>\n<p>sob a dire\u00e7\u00e3o de ROBERTO PEREZ<\/p>\n<p>Perante um texto musical onde a simplicidade \u00e9 regra, as decis\u00f5es de ordem art\u00edstica s\u00e3o bem mais dif\u00edceis de tomar que se estiv\u00e9ssemos perante um texto bem mais complexo. A magra partitura (apresentada como se para piano se tratasse), onde figuram a melodia original (na pauta correspondente \u00e0 m\u00e3o direita) e uma textura que resume a harmonia b\u00e1sica (na pauta correspondente \u00e0 m\u00e3o esquerda), parece ser s\u00f3 uma guia para uma realiza\u00e7\u00e3o mais vital a cargo do(s) m\u00fasico(s) intervenientes. A realiza\u00e7\u00e3o a cargo de Liliana e Nuno parece transportar-nos musicalmente (n\u00e3o musicologicamente) para algum sal\u00e3o de Serpa nos in\u00edcios do s\u00e9culo XX em. A sonoridade do piano, propositadamente escolhida, pode assemelhar-se \u00e0 sonoridade dum piano com alguns respeit\u00e1veis anos de idade. As improvisa\u00e7\u00f5es sobre o texto original a cargo de Nuno Alexandrino ornamentam delicada e graciosamente o gesto b\u00e1sico, logrando um resultado com real charme e beleza. A voz limpa e jovem de Liliana traduz com eleg\u00e2ncia, ingenuidade, humor e profundidade o car\u00e1cter de cada texto aqui presente. Vale dizer que algumas inconsist\u00eancias harm\u00f3nicas observadas nos originais foram substitu\u00eddas por solu\u00e7\u00f5es mais correctas desde o ponto de vista da harmonia cl\u00e1ssica.<\/p>\n","protected":false},"excerpt":{"rendered":"<p><strong>S\u00f3 em MP3<\/strong><\/p>\n<p><iframe loading=\"lazy\" src=\"https:\/\/w.soundcloud.com\/player\/?url=https%3A\/\/api.soundcloud.com\/playlists\/1455822517&amp;color=%23ff5500&amp;auto_play=false&amp;hide_related=false&amp;show_comments=true&amp;show_user=true&amp;show_reposts=false&amp;show_teaser=true\" width=\"100%\" height=\"450\" frameborder=\"no\" scrolling=\"no\"><\/iframe><\/p>\n<div style=\"font-size: 10px; color: #cccccc; line-break: anywhere; word-break: normal; overflow: hidden; white-space: nowrap; text-overflow: ellipsis; font-family: Interstate,Lucida Grande,Lucida Sans Unicode,Lucida Sans,Garuda,Verdana,Tahoma,sans-serif; font-weight: 100;\"><a style=\"color: #cccccc; text-decoration: none;\" title=\"Tradisom\" href=\"https:\/\/soundcloud.com\/tradisom\" target=\"_blank\" rel=\"noopener\">Tradisom<\/a> \u00b7 <a style=\"color: #cccccc; text-decoration: none;\" title=\"Manuel Dias Nunes: Obra Completa (Vol. 1)\" href=\"https:\/\/soundcloud.com\/tradisom\/sets\/manuel-dias-nunes-obra-completa-vol-1\" target=\"_blank\" rel=\"noopener\">Manuel Dias Nunes: Obra Completa (Vol. 1)<\/a><\/div>\n","protected":false},"featured_media":25549,"template":"","meta":[],"product_brand":[],"product_cat":[380,315],"product_tag":[],"class_list":{"0":"post-636","1":"product","2":"type-product","3":"status-publish","4":"has-post-thumbnail","6":"product_cat-mp3","7":"product_cat-tradisom","9":"first","10":"instock","11":"downloadable","12":"virtual","13":"purchasable","14":"product-type-simple"},"_links":{"self":[{"href":"https:\/\/tradisom.com\/en\/wp-json\/wp\/v2\/product\/636","targetHints":{"allow":["GET"]}}],"collection":[{"href":"https:\/\/tradisom.com\/en\/wp-json\/wp\/v2\/product"}],"about":[{"href":"https:\/\/tradisom.com\/en\/wp-json\/wp\/v2\/types\/product"}],"wp:featuredmedia":[{"embeddable":true,"href":"https:\/\/tradisom.com\/en\/wp-json\/wp\/v2\/media\/25549"}],"wp:attachment":[{"href":"https:\/\/tradisom.com\/en\/wp-json\/wp\/v2\/media?parent=636"}],"wp:term":[{"taxonomy":"product_brand","embeddable":true,"href":"https:\/\/tradisom.com\/en\/wp-json\/wp\/v2\/product_brand?post=636"},{"taxonomy":"product_cat","embeddable":true,"href":"https:\/\/tradisom.com\/en\/wp-json\/wp\/v2\/product_cat?post=636"},{"taxonomy":"product_tag","embeddable":true,"href":"https:\/\/tradisom.com\/en\/wp-json\/wp\/v2\/product_tag?post=636"}],"curies":[{"name":"wp","href":"https:\/\/api.w.org\/{rel}","templated":true}]}}