{"id":614,"date":"2018-04-01T22:33:02","date_gmt":"2018-04-01T22:33:02","guid":{"rendered":"https:\/\/tradisom.com\/\/?post_type=product&#038;p=614"},"modified":"2025-09-01T18:27:56","modified_gmt":"2025-09-01T17:27:56","slug":"tunas-do-marao-cd-2","status":"publish","type":"product","link":"https:\/\/tradisom.com\/en\/product\/tunas-do-marao-cd-2\/","title":{"rendered":"Tunas do Mar\u00e3o &#8211; Cd 2"},"content":{"rendered":"<p>CD 2 extra\u00eddo do volume\u00a0 3 da colec\u00e7\u00e3o SONS DA TRADI\u00c7\u00c3O com recolhas de Jos\u00e9 Alberto Sardinha<\/p>\n<p>As m\u00fasicas deste disco s\u00e3o interpretadas por:<\/p>\n<p>TUNA DE ANSI\u00c3ES (Amarante) \u2013 Faixas 1 a 10<\/p>\n<p>TUNA DE GONDAR (Amarante) \u2013 Faixas 11 a 14<\/p>\n<p>TUNA DE FOLHADELA (Vila Real) \u2013 Faixas 15 e 16<\/p>\n<p>TUNA DE MOSTEIR\u00d3 (Bai\u00e3o) \u2013 Faixas 17 e 18<\/p>\n<p>Tem o fen\u00f3meno das tunas sido alvo de pouca aten\u00e7\u00e3o por parte dos estudos etnogr\u00e1fico-musicais em Portugal. Nas grava\u00e7\u00f5es e nos escritos de Armando Le\u00e7a n\u00e3o encontramos refer\u00eancia a tunas, o mesmo se podendo dizer das obras de Artur Santos e de Michel Giacometti\/Fernando Lopes Gra\u00e7a.<\/p>\n<p>Com a cria\u00e7\u00e3o da colec\u00e7\u00e3o\u00a0Sons da Tradi\u00e7\u00e3o<em>\u00a0<\/em>, tornou-se finalmente vi\u00e1vel publicar um estudo profundo sobre as tunas rurais e come\u00e7\u00e1mos ent\u00e3o a ordenar as grava\u00e7\u00f5es que hav\u00edamos feito no passado, a efectuar mais profunda pesquisa no terreno, com novas grava\u00e7\u00f5es e entrevistas. Pudemos, assim, chegar a este momento e, desta vez, optar, de entre os diversos g\u00e9neros que comp\u00f5em o nosso arquivo etnomusical, por dedicar um estudo espec\u00edfico sobre a m\u00fasica das tunas rurais.<\/p>\n<p>At\u00e9 um pouco al\u00e9m do meado do s\u00e9c.XX, viveu-se por todo o pa\u00eds um furor, uma paix\u00e3o pelos agrupamentos instrumentais de cordas, tanto nas vilas e cidades, como nas mais rec\u00f4nditas aldeias. Quase n\u00e3o haveria uma freguesia do pa\u00eds onde n\u00e3o tivesse existido uma tuna. Assim sendo, n\u00e3o \u00e9 poss\u00edvel ignorar a import\u00e2ncia deste movimento musical, como n\u00e3o \u00e9 tamb\u00e9m poss\u00edvel negar que os g\u00e9neros musicais por ele interpretados tenham exercido influ\u00eancia sobre a m\u00fasica rural. \u00c9 igualmente mat\u00e9ria que adiante desenvolveremos.<\/p>\n<p>A escolha da regi\u00e3o maronesa n\u00e3o obedeceu a qualquer crit\u00e9rio de relev\u00e2ncia ou especificidade. O fen\u00f3meno das tunas abrangia todo o territ\u00f3rio nacional e ainda hoje apresenta forte enraizamento por muitas outras regi\u00f5es, como nalgumas ilhas a\u00e7oreanas, em Terras da Feira e certas manchas da Beira Alta ao redor de Viseu, donde ali\u00e1s possu\u00edmos tamb\u00e9m interessantes registos sonoros. Foi, por isso, um pouco casual esta escolha, fruto das vicissitudes da investiga\u00e7\u00e3o no terreno, talvez mesmo de uma atrac\u00e7\u00e3o especial exercida pela impon\u00eancia da Serra do Mar\u00e3o e das particularidades do povoamento ao seu redor, ou at\u00e9 de uma simpatia particular pelas caracter\u00edsticas de uma tuna, ou dos seus elementos em concreto, como \u00e9 o caso da Tuna de Carvalhais e do seu actual dirigente Ant\u00f3nio Louren\u00e7o.<\/p>\n<p>Desde o momento em que resolvemos dedicar um estudo circunscrito \u00e0s tunas do Mar\u00e3o, definimos como territ\u00f3rio a pesquisar os aros concelhios de Amarante, Vila Real, Mes\u00e3o Frio, Bai\u00e3o, Peso da R\u00e9gua, Santa Marta de Penagui\u00e3o e tamb\u00e9m um pouco de Mondim de Basto (aqui consideramos esta banda do Alv\u00e3o como um prolongamento do Mar\u00e3o). As grava\u00e7\u00f5es mais importantes j\u00e1 estavam feitas nas d\u00e9cadas de oitenta e noventa, e conservadas em arquivo, mas foi necess\u00e1rio realizar muitas outras nos anos de 2001, 2002 e 2003, sobretudo para abranger toda a referida mancha territorial e registar os \u00faltimos tocadores vivos de tunas que j\u00e1 haviam cessado actividade. Das tunas de que n\u00e3o colhemos quaisquer testemunhos musicais, damos tamb\u00e9m not\u00edcia, se ela nos chegou. \u00c9 prov\u00e1vel que algumas tunas outrora existentes na regi\u00e3o n\u00e3o estejam mencionadas, mas tal omiss\u00e3o dever\u00e1 ser relevada por ser imposs\u00edvel obtermos refer\u00eancia de todas elas, atendendo \u00e0 surpreendente quantidade de tunas que proliferavam por toda esta corda de povos em redor do Mar\u00e3o.<\/p>\n","protected":false},"excerpt":{"rendered":"<p><strong>S\u00f3 em MP3<\/strong><\/p>\n<p><iframe loading=\"lazy\" src=\"https:\/\/w.soundcloud.com\/player\/?url=https%3A\/\/api.soundcloud.com\/playlists\/1381424005&amp;color=%2354541b&amp;auto_play=false&amp;hide_related=false&amp;show_comments=false&amp;show_user=false&amp;show_reposts=false&amp;show_teaser=false\" width=\"100%\" height=\"450\" frameborder=\"no\" scrolling=\"no\"><\/iframe><\/p>\n<div style=\"font-size: 10px; color: #cccccc; line-break: anywhere; word-break: normal; overflow: hidden; white-space: nowrap; text-overflow: ellipsis; font-family: Interstate,Lucida Grande,Lucida Sans Unicode,Lucida Sans,Garuda,Verdana,Tahoma,sans-serif; font-weight: 100;\"><a style=\"color: #cccccc; text-decoration: none;\" title=\"Tradisom\" href=\"https:\/\/soundcloud.com\/tradisom\" target=\"_blank\" rel=\"noopener\">Tradisom<\/a> \u00b7 <a style=\"color: #cccccc; text-decoration: none;\" title=\"TUNAS DO MAR\u00c3O - CD2\" href=\"https:\/\/soundcloud.com\/tradisom\/sets\/tunas-do-marao-cd2\" target=\"_blank\" rel=\"noopener\">TUNAS DO MAR\u00c3O &#8211; CD2<\/a><\/div>\n","protected":false},"featured_media":16653,"template":"","meta":[],"product_brand":[],"product_cat":[380,315],"product_tag":[],"class_list":{"0":"post-614","1":"product","2":"type-product","3":"status-publish","4":"has-post-thumbnail","6":"product_cat-mp3","7":"product_cat-tradisom","9":"first","10":"instock","11":"downloadable","12":"virtual","13":"purchasable","14":"product-type-simple"},"_links":{"self":[{"href":"https:\/\/tradisom.com\/en\/wp-json\/wp\/v2\/product\/614","targetHints":{"allow":["GET"]}}],"collection":[{"href":"https:\/\/tradisom.com\/en\/wp-json\/wp\/v2\/product"}],"about":[{"href":"https:\/\/tradisom.com\/en\/wp-json\/wp\/v2\/types\/product"}],"wp:featuredmedia":[{"embeddable":true,"href":"https:\/\/tradisom.com\/en\/wp-json\/wp\/v2\/media\/16653"}],"wp:attachment":[{"href":"https:\/\/tradisom.com\/en\/wp-json\/wp\/v2\/media?parent=614"}],"wp:term":[{"taxonomy":"product_brand","embeddable":true,"href":"https:\/\/tradisom.com\/en\/wp-json\/wp\/v2\/product_brand?post=614"},{"taxonomy":"product_cat","embeddable":true,"href":"https:\/\/tradisom.com\/en\/wp-json\/wp\/v2\/product_cat?post=614"},{"taxonomy":"product_tag","embeddable":true,"href":"https:\/\/tradisom.com\/en\/wp-json\/wp\/v2\/product_tag?post=614"}],"curies":[{"name":"wp","href":"https:\/\/api.w.org\/{rel}","templated":true}]}}