{"id":605,"date":"2018-04-01T22:22:13","date_gmt":"2018-04-01T22:22:13","guid":{"rendered":"https:\/\/tradisom.com\/\/?post_type=product&#038;p=605"},"modified":"2023-11-29T13:52:15","modified_gmt":"2023-11-29T12:52:15","slug":"portuguese-sound-archives-popular-1","status":"publish","type":"product","link":"https:\/\/tradisom.com\/en\/product\/portuguese-sound-archives-popular-1\/","title":{"rendered":"Popular Music 1"},"content":{"rendered":"<p>Esta s\u00e9rie de edi\u00e7\u00f5es a que demos o t\u00edtulo de &#8220;ARQUIVOS SONOROS PORTUGUESES &#8211; FADO&#8221; tem como principal objectivo dar a conhecer as grava\u00e7\u00f5es contidas na colec\u00e7\u00e3o de Jos\u00e9 Mo\u00e7as, um arquivo constitu\u00eddo por cerca de 6700 discos de 78 rota\u00e7\u00f5es.<\/p>\n<p>Com a edi\u00e7\u00e3o destes sons abrimos um pouco a curiosidade de muitos f\u00e3s que regularmente nos v\u00e3o questionando sobre os conte\u00fados desta cole\u00e7\u00e3o.<\/p>\n<p>Para mais tarde fica a promessa de uma s\u00e9rie de discos que ir\u00e3o conter estudos cient\u00edficos e detalhados sobre esta \u00e9poca ainda t\u00e3o pouco conhecida da nossa hist\u00f3ria musical.<\/p>\n<p>Mas para j\u00e1 estas grava\u00e7\u00f5es permitam ouvir pela primeira vez alguns nomes, pequenos segredos guardados naqueles preciosos discos.<\/p>\n<p>01.ALBERTO RIBEIRO-Adeus Lisboa<\/p>\n<p>02.ADELINA FERNANDES-A Senhora da Saude<\/p>\n<p>03.TOMAZ ALCAIDE-Beira mar<\/p>\n<p>04.FRANCISCO JOS\u00c9-Deixa falar o mundo<\/p>\n<p>05.ALDINA DE SOUZA-Bilhas (revista P\u00f3 de Maio)<\/p>\n<p>06.ADELINA SILVA-Gente Tripeira<\/p>\n<p>07.ALFRED ARNOLD e HOST\u00cdLIO SALGADO-Padeirada<\/p>\n<p>08.ARMINDA FALC\u00c3O e ALICE SILVA-Alegres raparigas<\/p>\n<p>09.ARTUR RIBEIRO-Barqueiro do Douro<\/p>\n<p>10.ARMINDA VITAL-A Mouraria somos n\u00f3s<\/p>\n<p>11.AUGUSTO COSTA (COSTINHA)- O apreciador de m\u00fasica<\/p>\n<p>12.C\u00c9LIA BASTOS-Can\u00e7\u00e3o do Nicola<\/p>\n<p>13.CHABY PINHEIRO-O dinheiro-A cabra o carneiro e o cevado<\/p>\n<p>14.CID\u00c1LIA MEIRELES-A Casinha pequenina<\/p>\n<p>15.EST\u00caV\u00c3O AMARANTE-\u00d3 ai \u00f3 Linda<\/p>\n<p>16.DINA CARDOSO-O mar enrola-se na areia<\/p>\n<p>17.FRANCISCO COUTINHO E MARIA FARIA-Um vira minhoto<\/p>\n<p>18.DINA TEREZA-Feira D&#8217;alcantara<\/p>\n<p>19.ALMEIDA CRUZ-Noite Serena<\/p>\n<p>20.DORES GRA\u00c7A e HENRIQUE LIMA-Cana verde<\/p>\n","protected":false},"excerpt":{"rendered":"<p><iframe loading=\"lazy\" src=\"https:\/\/w.soundcloud.com\/player\/?url=https%3A\/\/api.soundcloud.com\/playlists\/1389193942&amp;color=%2354541b&amp;auto_play=false&amp;hide_related=false&amp;show_comments=true&amp;show_user=true&amp;show_reposts=false&amp;show_teaser=true&amp;visual=true\" width=\"100%\" height=\"300\" frameborder=\"no\" scrolling=\"no\"><\/iframe><\/p>\n<div style=\"font-size: 10px; color: #cccccc; line-break: anywhere; word-break: normal; overflow: hidden; white-space: nowrap; text-overflow: ellipsis; font-family: Interstate,Lucida Grande,Lucida Sans Unicode,Lucida Sans,Garuda,Verdana,Tahoma,sans-serif; font-weight: 100;\"><a style=\"color: #cccccc; text-decoration: none;\" title=\"Tradisom\" href=\"https:\/\/soundcloud.com\/tradisom\" target=\"_blank\" rel=\"noopener\">Tradisom<\/a> \u00b7 <a style=\"color: #cccccc; text-decoration: none;\" title=\"PORTUGUESE SOUND ARCHIVES: Popular Music Vol.1\" href=\"https:\/\/soundcloud.com\/tradisom\/sets\/portuguese-sound-archives-popular-music-vol1\" target=\"_blank\" rel=\"noopener\">PORTUGUESE SOUND ARCHIVES: Popular Music Vol.1<\/a><\/div>\n","protected":false},"featured_media":16645,"template":"","meta":[],"product_brand":[],"product_cat":[380,315],"product_tag":[395],"class_list":{"0":"post-605","1":"product","2":"type-product","3":"status-publish","4":"has-post-thumbnail","6":"product_cat-mp3","7":"product_cat-tradisom","8":"product_tag-popular-music","10":"first","11":"instock","12":"downloadable","13":"virtual","14":"purchasable","15":"product-type-simple"},"_links":{"self":[{"href":"https:\/\/tradisom.com\/en\/wp-json\/wp\/v2\/product\/605","targetHints":{"allow":["GET"]}}],"collection":[{"href":"https:\/\/tradisom.com\/en\/wp-json\/wp\/v2\/product"}],"about":[{"href":"https:\/\/tradisom.com\/en\/wp-json\/wp\/v2\/types\/product"}],"wp:featuredmedia":[{"embeddable":true,"href":"https:\/\/tradisom.com\/en\/wp-json\/wp\/v2\/media\/16645"}],"wp:attachment":[{"href":"https:\/\/tradisom.com\/en\/wp-json\/wp\/v2\/media?parent=605"}],"wp:term":[{"taxonomy":"product_brand","embeddable":true,"href":"https:\/\/tradisom.com\/en\/wp-json\/wp\/v2\/product_brand?post=605"},{"taxonomy":"product_cat","embeddable":true,"href":"https:\/\/tradisom.com\/en\/wp-json\/wp\/v2\/product_cat?post=605"},{"taxonomy":"product_tag","embeddable":true,"href":"https:\/\/tradisom.com\/en\/wp-json\/wp\/v2\/product_tag?post=605"}],"curies":[{"name":"wp","href":"https:\/\/api.w.org\/{rel}","templated":true}]}}