{"id":603,"date":"2018-04-01T22:21:08","date_gmt":"2018-04-01T22:21:08","guid":{"rendered":"https:\/\/tradisom.com\/\/?post_type=product&#038;p=603"},"modified":"2023-11-29T13:52:36","modified_gmt":"2023-11-29T12:52:36","slug":"portuguese-sound-archives-popular-2","status":"publish","type":"product","link":"https:\/\/tradisom.com\/en\/product\/portuguese-sound-archives-popular-2\/","title":{"rendered":"Popular Music 2"},"content":{"rendered":"<p>Esta s\u00e9rie de edi\u00e7\u00f5es a que demos o t\u00edtulo de &#8220;ARQUIVOS SONOROS PORTUGUESES &#8211; FADO&#8221; tem como principal objectivo dar a conhecer as grava\u00e7\u00f5es contidas na colec\u00e7\u00e3o de Jos\u00e9 Mo\u00e7as, um arquivo constitu\u00eddo por cerca de 6700 discos de 78 rota\u00e7\u00f5es.<\/p>\n<p>Com a edi\u00e7\u00e3o destes sons abrimos um pouco a curiosidade de muitos f\u00e3s que regularmente nos v\u00e3o questionando sobre os conte\u00fados desta cole\u00e7\u00e3o.<\/p>\n<p>Para mais tarde fica a promessa de uma s\u00e9rie de discos que ir\u00e3o conter estudos cient\u00edficos e detalhados sobre esta \u00e9poca ainda t\u00e3o pouco conhecida da nossa hist\u00f3ria musical.<\/p>\n<p>Mas para j\u00e1 estas grava\u00e7\u00f5es permitam ouvir pela primeira vez alguns nomes, pequenos segredos guardados naqueles preciosos discos.<\/p>\n<p>01.FRANCISCO JOS\u00c9-Desprendimento<\/p>\n<p>02.GILDA VALEN\u00c7A-Alfama<\/p>\n<p>03.GUSTAVO LEAL-O&#8217; ai, o&#8217; Linda!&#8230;<\/p>\n<p>04.IRM\u00c3S MARTINEZ-Vira viradinho<\/p>\n<p>05.JOS\u00c9 ANT\u00d3NIO-Folha Desgarrada<\/p>\n<p>06.JO\u00c3O VILLARET-Rosa Araujo<\/p>\n<p>07.ISALINDA SERAMOTA-Can\u00e7\u00e3o das lavadeiras<\/p>\n<p>08.JOS\u00c9 LEMOS-Aldeias de Portugal<\/p>\n<p>09.IRM\u00c3S MEIRELES-Minha linda Lusitana<\/p>\n<p>10.JOS\u00c9 LUSO-Aquarela de Lisboa<\/p>\n<p>11.LAURA SANTOS, EDUARDO BATISTA DINIZ-Oliveirinha e Loureiro<\/p>\n<p>12.MANOEL MONTEIRO-Ceifeira<\/p>\n<p>13.LE\u00d3NIA MENDES-Marcha nova de Alfama<\/p>\n<p>14.LUIZ ESCOBAR-Andorinha<\/p>\n<p>15.L\u00cdLIA BRAND\u00c3O, JOS\u00c9 ROSA-O vira de Nazareth<\/p>\n<p>16.LUIZ PI\u00c7ARRA-Caminho errado<\/p>\n<p>17.LINA DEMOEL-Cavaquinho<\/p>\n<p>18.MANUEL JOAQUIM CARVALHO-Fado do P\u00e3o de l\u00f3<\/p>\n<p>19.LOLITA RODRIGUES-Saudade, vai-te embora<\/p>\n<p>20.LUISA SATANELA-A Rapariga dos tremo\u00e7os<\/p>\n","protected":false},"excerpt":{"rendered":"<p><iframe loading=\"lazy\" src=\"https:\/\/w.soundcloud.com\/player\/?url=https%3A\/\/api.soundcloud.com\/playlists\/1389196084&amp;color=%2354541b&amp;auto_play=false&amp;hide_related=false&amp;show_comments=true&amp;show_user=true&amp;show_reposts=false&amp;show_teaser=true&amp;visual=true\" width=\"100%\" height=\"300\" frameborder=\"no\" scrolling=\"no\"><\/iframe><\/p>\n<div style=\"font-size: 10px; color: #cccccc; line-break: anywhere; word-break: normal; overflow: hidden; white-space: nowrap; text-overflow: ellipsis; font-family: Interstate,Lucida Grande,Lucida Sans Unicode,Lucida Sans,Garuda,Verdana,Tahoma,sans-serif; font-weight: 100;\"><a style=\"color: #cccccc; text-decoration: none;\" title=\"Tradisom\" href=\"https:\/\/soundcloud.com\/tradisom\" target=\"_blank\" rel=\"noopener\">Tradisom<\/a> \u00b7 <a style=\"color: #cccccc; text-decoration: none;\" title=\"PORTUGUESE SOUND ARCHIVES: Popular Music Vol.2\" href=\"https:\/\/soundcloud.com\/tradisom\/sets\/portuguese-sound-archives-popular-music-vol2\" target=\"_blank\" rel=\"noopener\">PORTUGUESE SOUND ARCHIVES: Popular Music Vol.2<\/a><\/div>\n","protected":false},"featured_media":16643,"template":"","meta":[],"product_brand":[],"product_cat":[380,315],"product_tag":[395],"class_list":{"0":"post-603","1":"product","2":"type-product","3":"status-publish","4":"has-post-thumbnail","6":"product_cat-mp3","7":"product_cat-tradisom","8":"product_tag-popular-music","10":"first","11":"instock","12":"downloadable","13":"virtual","14":"purchasable","15":"product-type-simple"},"_links":{"self":[{"href":"https:\/\/tradisom.com\/en\/wp-json\/wp\/v2\/product\/603","targetHints":{"allow":["GET"]}}],"collection":[{"href":"https:\/\/tradisom.com\/en\/wp-json\/wp\/v2\/product"}],"about":[{"href":"https:\/\/tradisom.com\/en\/wp-json\/wp\/v2\/types\/product"}],"wp:featuredmedia":[{"embeddable":true,"href":"https:\/\/tradisom.com\/en\/wp-json\/wp\/v2\/media\/16643"}],"wp:attachment":[{"href":"https:\/\/tradisom.com\/en\/wp-json\/wp\/v2\/media?parent=603"}],"wp:term":[{"taxonomy":"product_brand","embeddable":true,"href":"https:\/\/tradisom.com\/en\/wp-json\/wp\/v2\/product_brand?post=603"},{"taxonomy":"product_cat","embeddable":true,"href":"https:\/\/tradisom.com\/en\/wp-json\/wp\/v2\/product_cat?post=603"},{"taxonomy":"product_tag","embeddable":true,"href":"https:\/\/tradisom.com\/en\/wp-json\/wp\/v2\/product_tag?post=603"}],"curies":[{"name":"wp","href":"https:\/\/api.w.org\/{rel}","templated":true}]}}