{"id":601,"date":"2018-04-01T22:20:27","date_gmt":"2018-04-01T22:20:27","guid":{"rendered":"https:\/\/tradisom.com\/\/?post_type=product&#038;p=601"},"modified":"2023-11-29T13:51:46","modified_gmt":"2023-11-29T12:51:46","slug":"portuguese-sound-archives-popular-3","status":"publish","type":"product","link":"https:\/\/tradisom.com\/en\/product\/portuguese-sound-archives-popular-3\/","title":{"rendered":"Popular Music 3"},"content":{"rendered":"<p>Esta s\u00e9rie de edi\u00e7\u00f5es a que demos o t\u00edtulo de &#8220;ARQUIVOS SONOROS PORTUGUESES &#8211; FADO&#8221; tem como principal objectivo dar a conhecer as grava\u00e7\u00f5es contidas na colec\u00e7\u00e3o de Jos\u00e9 Mo\u00e7as, um arquivo constitu\u00eddo por cerca de 6700 discos de 78 rota\u00e7\u00f5es.<\/p>\n<p>Com a edi\u00e7\u00e3o destes sons abrimos um pouco a curiosidade de muitos f\u00e3s que regularmente nos v\u00e3o questionando sobre os conte\u00fados desta cole\u00e7\u00e3o.<\/p>\n<p>Para mais tarde fica a promessa de uma s\u00e9rie de discos que ir\u00e3o conter estudos cient\u00edficos e detalhados sobre esta \u00e9poca ainda t\u00e3o pouco conhecida da nossa hist\u00f3ria musical.<\/p>\n<p>Mas para j\u00e1 estas grava\u00e7\u00f5es permitam ouvir pela primeira vez alguns nomes, pequenos segredos guardados naqueles preciosos discos.<\/p>\n<p>01.MARIA ANTONIETA-Descamisada<\/p>\n<p>02.MARIA CLARA-amor n\u00e3o digas n\u00e3o<\/p>\n<p>03.MARIA DA GRA\u00c7A-Cantando tudo<\/p>\n<p>04.MARIA DA LUZ-Saudades<\/p>\n<p>05.MARIA DE LOURDES-Alcoba\u00e7a<\/p>\n<p>06.MARIA MANUELA-O amor \u00e9 mesmo assim<\/p>\n<p>07.ORQUESTRA E CORO-Marcha dos Marinheiros<\/p>\n<p>08.MARIA SAMPAIO-Arraial de Santo Antonio<\/p>\n<p>09.ORQUESTRA POPULAR CASANOVA-Meia volta p&#8217;ra direita<\/p>\n<p>10.OLIVINHA CARVALHO-A fonte das sete bicas<\/p>\n<p>11.RAUL MOTA-Ai!, ai!,menina<\/p>\n<p>12.ORQUESTRA SARRBLO E CLAVERO-Caldo verde (revista Arraial)<\/p>\n<p>13.M\u00c1RIO SIM\u00d5ES-Viva o Benfica<\/p>\n<p>14.MIL\u00da-A minha casinha<\/p>\n<p>15.MARIA DA GRA\u00c7A-Rosmaninho<\/p>\n<p>16.ORQUESTRA T\u00cdPICA PORTUGUESA-Est\u00e1 tudo as escuras<\/p>\n<p>17.MAX-Noites da Madeira<\/p>\n<p>18.NOVA ORQUESTRA LIGEIRA-Can\u00e7\u00e3o das Vindimas<\/p>\n<p>19.ORQUESTRA T\u00cdPICA-Rumba del Matador (filme portugu\u00eas \u201cTrevo de quatro folhas\u201d)<\/p>\n<p>20.MARIA SID\u00d3NIO-L\u00e1 vem a Maria Rosa<\/p>\n","protected":false},"excerpt":{"rendered":"<p><iframe loading=\"lazy\" src=\"https:\/\/w.soundcloud.com\/player\/?url=https%3A\/\/api.soundcloud.com\/playlists\/1389197551&amp;color=%2354541b&amp;auto_play=false&amp;hide_related=false&amp;show_comments=true&amp;show_user=true&amp;show_reposts=false&amp;show_teaser=true&amp;visual=true\" width=\"100%\" height=\"300\" frameborder=\"no\" scrolling=\"no\"><\/iframe><\/p>\n<div style=\"font-size: 10px; color: #cccccc; line-break: anywhere; word-break: normal; overflow: hidden; white-space: nowrap; text-overflow: ellipsis; font-family: Interstate,Lucida Grande,Lucida Sans Unicode,Lucida Sans,Garuda,Verdana,Tahoma,sans-serif; font-weight: 100;\"><a style=\"color: #cccccc; text-decoration: none;\" title=\"Tradisom\" href=\"https:\/\/soundcloud.com\/tradisom\" target=\"_blank\" rel=\"noopener\">Tradisom<\/a> \u00b7 <a style=\"color: #cccccc; text-decoration: none;\" title=\"PORTUGUESE SOUND ARCHIVES: Popular Music Vol.3\" href=\"https:\/\/soundcloud.com\/tradisom\/sets\/portuguese-sound-archives-popular-music-vol3\" target=\"_blank\" rel=\"noopener\">PORTUGUESE SOUND ARCHIVES: Popular Music Vol.3<\/a><\/div>\n","protected":false},"featured_media":16641,"template":"","meta":[],"product_brand":[],"product_cat":[380,315],"product_tag":[395],"class_list":{"0":"post-601","1":"product","2":"type-product","3":"status-publish","4":"has-post-thumbnail","6":"product_cat-mp3","7":"product_cat-tradisom","8":"product_tag-popular-music","10":"first","11":"instock","12":"downloadable","13":"virtual","14":"purchasable","15":"product-type-simple"},"_links":{"self":[{"href":"https:\/\/tradisom.com\/en\/wp-json\/wp\/v2\/product\/601","targetHints":{"allow":["GET"]}}],"collection":[{"href":"https:\/\/tradisom.com\/en\/wp-json\/wp\/v2\/product"}],"about":[{"href":"https:\/\/tradisom.com\/en\/wp-json\/wp\/v2\/types\/product"}],"wp:featuredmedia":[{"embeddable":true,"href":"https:\/\/tradisom.com\/en\/wp-json\/wp\/v2\/media\/16641"}],"wp:attachment":[{"href":"https:\/\/tradisom.com\/en\/wp-json\/wp\/v2\/media?parent=601"}],"wp:term":[{"taxonomy":"product_brand","embeddable":true,"href":"https:\/\/tradisom.com\/en\/wp-json\/wp\/v2\/product_brand?post=601"},{"taxonomy":"product_cat","embeddable":true,"href":"https:\/\/tradisom.com\/en\/wp-json\/wp\/v2\/product_cat?post=601"},{"taxonomy":"product_tag","embeddable":true,"href":"https:\/\/tradisom.com\/en\/wp-json\/wp\/v2\/product_tag?post=601"}],"curies":[{"name":"wp","href":"https:\/\/api.w.org\/{rel}","templated":true}]}}