{"id":599,"date":"2018-04-01T22:19:40","date_gmt":"2018-04-01T22:19:40","guid":{"rendered":"https:\/\/tradisom.com\/\/?post_type=product&#038;p=599"},"modified":"2023-11-29T13:53:33","modified_gmt":"2023-11-29T12:53:33","slug":"portuguese-sound-archives-popular-4","status":"publish","type":"product","link":"https:\/\/tradisom.com\/en\/product\/portuguese-sound-archives-popular-4\/","title":{"rendered":"Popular Music 4"},"content":{"rendered":"<p>Esta s\u00e9rie de edi\u00e7\u00f5es a que demos o t\u00edtulo de &#8220;ARQUIVOS SONOROS PORTUGUESES &#8211; FADO&#8221; tem como principal objectivo dar a conhecer as grava\u00e7\u00f5es contidas na colec\u00e7\u00e3o de Jos\u00e9 Mo\u00e7as, um arquivo constitu\u00eddo por cerca de 6700 discos de 78 rota\u00e7\u00f5es.<\/p>\n<p>Com a edi\u00e7\u00e3o destes sons abrimos um pouco a curiosidade de muitos f\u00e3s que regularmente nos v\u00e3o questionando sobre os conte\u00fados desta cole\u00e7\u00e3o.<\/p>\n<p>Para mais tarde fica a promessa de uma s\u00e9rie de discos que ir\u00e3o conter estudos cient\u00edficos e detalhados sobre esta \u00e9poca ainda t\u00e3o pouco conhecida da nossa hist\u00f3ria musical.<\/p>\n<p>Mas para j\u00e1 estas grava\u00e7\u00f5es permitam ouvir pela primeira vez alguns nomes, pequenos segredos guardados naqueles preciosos discos.<\/p>\n<p>01.TOMAZ ALCAIDE-Amor \u00e9 c\u00e9go e v\u00ea<\/p>\n<p>02.MILU-Boa noite, Lisboa<\/p>\n<p>03.M\u00c1RIO SIM\u00d5ES-BENFICA-O melhor do mundo<\/p>\n<p>04.NOVA ORQUESTRA LIGEIRA-O rio das aguas claras<\/p>\n<p>05.ZULMIRA MIRANDASanto Antoninho<\/p>\n<p>06.VIRGINIA SOLER-O Manel da av\u00f3<\/p>\n<p>07.OLIVINHA CARVALHO-Lar Portugu\u00eas<\/p>\n<p>08.RAUL MOTA-Can\u00e7\u00e3o do Oeste<\/p>\n<p>09.ROSA GON\u00c7ALVES-Uma desgarrada<\/p>\n<p>10.ORQUESTRA E CORO-Tiro Liro (de O Penitente)<\/p>\n<p>11.SANTOS CARVALHO-a ceia dos fadistas<\/p>\n<p>12.SILVESTRE ALEGRIM-Solid\u00f3 dos Bolieiros<\/p>\n<p>13ORQUESTRA POPULAR CASANOVA-Vira Malmequer<\/p>\n<p>14.ZURITA DE OLIVEIRA-Vira da minha rua<\/p>\n<p>15.ORQUESTRA SARRBLO E CLAVERO-O Vira (revista Arraial)<\/p>\n<p>16.VIRGINIA SOLER-Corridinho do Manecas<\/p>\n<p>17.ZULMIRA MIRANDA-Porque choras!<\/p>\n<p>18.ORQUESTRA T\u00cdPICA PORTUGUESA-Vamos bailar, Maria!<\/p>\n<p>19.SOLISTAS DAS PRINCIPAIS BANDAS MILITARES-Hymno do Minho<\/p>\n<p>20.ZURITA DE OLIVEIRA-Romarias<\/p>\n","protected":false},"excerpt":{"rendered":"<p><iframe loading=\"lazy\" src=\"https:\/\/w.soundcloud.com\/player\/?url=https%3A\/\/api.soundcloud.com\/playlists\/1389198553&amp;color=%2354541b&amp;auto_play=false&amp;hide_related=false&amp;show_comments=true&amp;show_user=true&amp;show_reposts=false&amp;show_teaser=true&amp;visual=true\" width=\"100%\" height=\"300\" frameborder=\"no\" scrolling=\"no\"><\/iframe><\/p>\n<div style=\"font-size: 10px; color: #cccccc; line-break: anywhere; word-break: normal; overflow: hidden; white-space: nowrap; text-overflow: ellipsis; font-family: Interstate,Lucida Grande,Lucida Sans Unicode,Lucida Sans,Garuda,Verdana,Tahoma,sans-serif; font-weight: 100;\"><a style=\"color: #cccccc; text-decoration: none;\" title=\"Tradisom\" href=\"https:\/\/soundcloud.com\/tradisom\" target=\"_blank\" rel=\"noopener\">Tradisom<\/a> \u00b7 <a style=\"color: #cccccc; text-decoration: none;\" title=\"PORTUGUESE SOUND ARCHIVES: Popular Music Vol.4\" href=\"https:\/\/soundcloud.com\/tradisom\/sets\/portuguese-sound-archives-popular-music-vol4\" target=\"_blank\" rel=\"noopener\">PORTUGUESE SOUND ARCHIVES: Popular Music Vol.4<\/a><\/div>\n","protected":false},"featured_media":16639,"template":"","meta":[],"product_brand":[],"product_cat":[380,315],"product_tag":[],"class_list":{"0":"post-599","1":"product","2":"type-product","3":"status-publish","4":"has-post-thumbnail","6":"product_cat-mp3","7":"product_cat-tradisom","9":"first","10":"instock","11":"downloadable","12":"virtual","13":"purchasable","14":"product-type-simple"},"_links":{"self":[{"href":"https:\/\/tradisom.com\/en\/wp-json\/wp\/v2\/product\/599","targetHints":{"allow":["GET"]}}],"collection":[{"href":"https:\/\/tradisom.com\/en\/wp-json\/wp\/v2\/product"}],"about":[{"href":"https:\/\/tradisom.com\/en\/wp-json\/wp\/v2\/types\/product"}],"wp:featuredmedia":[{"embeddable":true,"href":"https:\/\/tradisom.com\/en\/wp-json\/wp\/v2\/media\/16639"}],"wp:attachment":[{"href":"https:\/\/tradisom.com\/en\/wp-json\/wp\/v2\/media?parent=599"}],"wp:term":[{"taxonomy":"product_brand","embeddable":true,"href":"https:\/\/tradisom.com\/en\/wp-json\/wp\/v2\/product_brand?post=599"},{"taxonomy":"product_cat","embeddable":true,"href":"https:\/\/tradisom.com\/en\/wp-json\/wp\/v2\/product_cat?post=599"},{"taxonomy":"product_tag","embeddable":true,"href":"https:\/\/tradisom.com\/en\/wp-json\/wp\/v2\/product_tag?post=599"}],"curies":[{"name":"wp","href":"https:\/\/api.w.org\/{rel}","templated":true}]}}