{"id":597,"date":"2018-04-01T22:18:52","date_gmt":"2018-04-01T22:18:52","guid":{"rendered":"https:\/\/tradisom.com\/\/?post_type=product&#038;p=597"},"modified":"2023-11-29T13:53:43","modified_gmt":"2023-11-29T12:53:43","slug":"portuguese-sound-archives-popular-5","status":"publish","type":"product","link":"https:\/\/tradisom.com\/en\/product\/portuguese-sound-archives-popular-5\/","title":{"rendered":"Popular Music 5"},"content":{"rendered":"<p>Esta s\u00e9rie de edi\u00e7\u00f5es a que demos o t\u00edtulo de &#8220;ARQUIVOS SONOROS PORTUGUESES &#8211; FADO&#8221; tem como principal objectivo dar a conhecer as grava\u00e7\u00f5es contidas na colec\u00e7\u00e3o de Jos\u00e9 Mo\u00e7as, um arquivo constitu\u00eddo por cerca de 6700 discos de 78 rota\u00e7\u00f5es.<\/p>\n<p>Com a edi\u00e7\u00e3o destes sons abrimos um pouco a curiosidade de muitos f\u00e3s que regularmente nos v\u00e3o questionando sobre os conte\u00fados desta cole\u00e7\u00e3o.<\/p>\n<p>Para mais tarde fica a promessa de uma s\u00e9rie de discos que ir\u00e3o conter estudos cient\u00edficos e detalhados sobre esta \u00e9poca ainda t\u00e3o pouco conhecida da nossa hist\u00f3ria musical.<\/p>\n<p>Mas para j\u00e1 estas grava\u00e7\u00f5es permitam ouvir pela primeira vez alguns nomes, pequenos segredos guardados naqueles preciosos discos.<\/p>\n<p>01.\u00c1LVARO PEREIRA-fado culin\u00e1rio<\/p>\n<p>02.ADELINA FERNANDES-can\u00e7\u00e3o de Portugal<\/p>\n<p>03.CHABY PINHEIRO-o mineiro alsaciano<\/p>\n<p>04.DELPHINA VICTOR,DUARTE SILVA, JORGE BASTOS-num caf\u00e9 refil\u00e3o<\/p>\n<p>05.DIVERSOS-a nova feira de agosto<\/p>\n<p>06.DUARTE SILVA e outros-conquista de um estudante a Lisboa<\/p>\n<p>07.F. R\u00c9ZIO, GUSTAVO LEAL-a peixeira e o pol\u00edcia<\/p>\n<p>08.FLORA DYSON,ANT\u00d3NIO GOMES-a varina e o marinheiro americano<\/p>\n<p>09.J. BASTOS, ALICE, ASSALTADA-o s\u00e3o jo\u00e3o<\/p>\n<p>10.JORGE BASTOS-s\u00f3, s\u00f3 cegarrega popular<\/p>\n<p>11.JORGE BASTOS, ALICE-s\u00f3 d\u00b4uma banda<\/p>\n<p>12.MARIA ASSALTADA-caninha verde do norte<\/p>\n<p>13.MEDINA DE SOUSA-can\u00e7\u00e3o da cega<\/p>\n<p>14.QUINTETTO SERRA E MOURA-cantos populares e marcha<\/p>\n<p>15.RODRIGUES VIEIRA, ISABEL COSTA-o grande annibal<\/p>\n<p>16.J\u00daLIA MENDES-p\u00b4r\u00e1 frente-a hortaliceira<\/p>\n<p>17.ADELINA FERNANDES-o garoto da rua<\/p>\n<p>18.BANDA DA GUARDA REPUBLICANA DE LISBOA-raps\u00f3dia de preg\u00f5es de Lisboa<\/p>\n<p>19.ANTHERO RAMALHO-guarda fiscal<\/p>\n<p>20.JORGE BASTOS, ASSALTADA-cana verde de Porto<\/p>\n","protected":false},"excerpt":{"rendered":"<p><iframe loading=\"lazy\" src=\"https:\/\/w.soundcloud.com\/player\/?url=https%3A\/\/api.soundcloud.com\/playlists\/1389205345&amp;color=%2354541b&amp;auto_play=false&amp;hide_related=false&amp;show_comments=true&amp;show_user=true&amp;show_reposts=false&amp;show_teaser=true\" width=\"100%\" height=\"450\" frameborder=\"no\" scrolling=\"no\"><\/iframe><\/p>\n<div style=\"font-size: 10px; color: #cccccc; line-break: anywhere; word-break: normal; overflow: hidden; white-space: nowrap; text-overflow: ellipsis; font-family: Interstate,Lucida Grande,Lucida Sans Unicode,Lucida Sans,Garuda,Verdana,Tahoma,sans-serif; font-weight: 100;\"><a style=\"color: #cccccc; text-decoration: none;\" title=\"Tradisom\" href=\"https:\/\/soundcloud.com\/tradisom\" target=\"_blank\" rel=\"noopener\">Tradisom<\/a> \u00b7 <a style=\"color: #cccccc; text-decoration: none;\" title=\"PORTUGUESE SOUND ARCHIVES: Popular Music Vol.5\" href=\"https:\/\/soundcloud.com\/tradisom\/sets\/portuguese-sound-archives-popular-music-vol5\" target=\"_blank\" rel=\"noopener\">PORTUGUESE SOUND ARCHIVES: Popular Music Vol.5<\/a><\/div>\n","protected":false},"featured_media":16637,"template":"","meta":[],"product_brand":[],"product_cat":[380,315],"product_tag":[],"class_list":{"0":"post-597","1":"product","2":"type-product","3":"status-publish","4":"has-post-thumbnail","6":"product_cat-mp3","7":"product_cat-tradisom","9":"first","10":"instock","11":"downloadable","12":"virtual","13":"purchasable","14":"product-type-simple"},"_links":{"self":[{"href":"https:\/\/tradisom.com\/en\/wp-json\/wp\/v2\/product\/597","targetHints":{"allow":["GET"]}}],"collection":[{"href":"https:\/\/tradisom.com\/en\/wp-json\/wp\/v2\/product"}],"about":[{"href":"https:\/\/tradisom.com\/en\/wp-json\/wp\/v2\/types\/product"}],"wp:featuredmedia":[{"embeddable":true,"href":"https:\/\/tradisom.com\/en\/wp-json\/wp\/v2\/media\/16637"}],"wp:attachment":[{"href":"https:\/\/tradisom.com\/en\/wp-json\/wp\/v2\/media?parent=597"}],"wp:term":[{"taxonomy":"product_brand","embeddable":true,"href":"https:\/\/tradisom.com\/en\/wp-json\/wp\/v2\/product_brand?post=597"},{"taxonomy":"product_cat","embeddable":true,"href":"https:\/\/tradisom.com\/en\/wp-json\/wp\/v2\/product_cat?post=597"},{"taxonomy":"product_tag","embeddable":true,"href":"https:\/\/tradisom.com\/en\/wp-json\/wp\/v2\/product_tag?post=597"}],"curies":[{"name":"wp","href":"https:\/\/api.w.org\/{rel}","templated":true}]}}