{"id":595,"date":"2018-04-01T22:17:21","date_gmt":"2018-04-01T22:17:21","guid":{"rendered":"https:\/\/tradisom.com\/\/?post_type=product&#038;p=595"},"modified":"2025-09-01T18:28:51","modified_gmt":"2025-09-01T17:28:51","slug":"novas-vos-trago","status":"publish","type":"product","link":"https:\/\/tradisom.com\/en\/product\/novas-vos-trago\/","title":{"rendered":"Novas Vos Trago"},"content":{"rendered":"<p>Novas Vos Trago \u00e9 um disco de romances compostos e interpretados por Am\u00e9lia Muge, Brigada Victor Jara, Gaiteiros de Lisboa, Jo\u00e3o Afonso e S\u00e9rgio Godinho, a partir de um convite da Comiss\u00e3o Nacional para as Comemora\u00e7\u00f5es dos Descobrimentos Portugueses (CNCDP) , produzido e editado pela TRADISOM, em co-produ\u00e7\u00e3o com aquela entidade (CNCDP) e a Universidade de Aveiro.<br \/>\nA escolha do &#8220;Romance&#8221; como g\u00e9nero ao qual se dedica integralmente este disco prende-se com o facto de ele ter cruzado os caminhos da expans\u00e3o e ser, talvez, um dos mais viajados g\u00e9neros da m\u00fasica portuguesa de transmiss\u00e3o exclusivamente oral, sendo poss\u00edvel encontrar os mesmos temas ou vers\u00f5es diferentes dos mesmos &#8220;romances&#8221; em espa\u00e7os t\u00e3o long\u00ednquos como o Brasil ou Goa.<br \/>\nEste disco tem um livreto (portugu\u00eas e ingl\u00eas) de 68 p\u00e1ginas.<\/p>\n<p>Devia dar um bocadinho que pensar o motivo pelo qual t\u00e3o poucas vezes aos m\u00fasicos portugueses s\u00e3o colocados desafios como \u00e9, agora, este NOVAS VOS TRAGO . Isto \u00e9, propostas em que, independentemente das suas carreiras e projectos individuais, eles s\u00e3o convidados para abordar outros report\u00f3rios, confrontados com ideias e conceitos exteriores e, eventualmente, seduzidos a trabalhar com colegas de of\u00edcio com quem, de outro modo, dificilmente colaborariam.<\/p>\n<p>E devia dar tanto mais que pensar quanto aqueles quej\u00e1 aconteceram \u2013 FILHOS DA MADRUGADA, ESPANTA ESP\u00cdRITOS, VOZ E GUITARRA, MAIO MADURO MAIO, a homenagem a Ant\u00f3nio Varia\u00e7\u00f5es, o ciclo \u00abAfinidades\u00bb da Expo 98 ou o pr\u00f3prio projecto Resist\u00eancia -, embora com graus diferentes de sucesso art\u00edstico e comercial, provocaram as previs\u00edveis e saud\u00e1veis ondas no panorama musical portugu\u00eas.<\/p>\n<p>S\u00f3 por isso, NOVAS VOS TRAGO j\u00e1 mereceria ser louvado. Partindo de uma iniciativa da Comiss\u00e3o dos Descobrimentos integrada no ciclo \u00abMem\u00f3rias do Oriente\u00bb e incluindo uma s\u00e9rie de espect\u00e1culos e iniciativas musicais designado como \u00abMar\u00e9s do Som\u00bb, convidou Am\u00e9lia Muge, S\u00e9rgio Godinho, Jo\u00e3o Afonso, os Gaiteiros de Lisboa e a Brigada Victor Jara (os Vai de Roda tamb\u00e9m constavam do elenco inicialmente previsto &#8211; \u00e9 a sua desist\u00eancia que explica a reduzida dura\u00e7\u00e3o do CD) para musicarem e interpretarem (dois cada um) um conjunto de romances tradicionais, g\u00e9nero liter\u00e1rio-musical que acompanhou as viagens das descobertas mar\u00edtimas e foi deixando vest\u00edgios e sementes nas diversas col\u00f3nias do imp\u00e9rio. O objectivo, segundo Susana Sardo, comiss\u00e1ria do projecto, era \u201c<strong>reconstituir um projecto tantas vezes repetido ao<\/strong><\/p>\n<p><strong>longo da Hist\u00f3ria: o mesmo tema e o mesmo texto reanimados por<\/strong><\/p>\n<p><strong>uma nova organiza\u00e7\u00e3o musical\u201d.<\/strong><\/p>\n<p>E reanimados, sem d\u00favida, eles foram. Especialmente pelos Gaiteiros de Lisboa e por Am\u00e9lia Muge (a qual, ali\u00e1s, nos seus dois temas, convida v\u00e1rios dos Gaiteiros para a acompanharem) que em \u00abFloresvento\u00bb, \u00abO Falso Cego\u00bb, \u00abDonzela Guerreira\u00bb e \u00abDona Ol\u00edvia\u00bb praticam aquele tipo<\/p>\n<p>de espiritismo musical futurista que permite convocar as almas do passado para as projectar no universo paralelo de uma nov\u00edssima tradi\u00e7\u00e3o para cuja inven\u00e7\u00e3o eles est\u00e3o a contribuir como poucos. Se reunidos em EP, estes quatro temas iriam travar, at\u00e9 ao fim do ano, uma renhid\u00edssima batalha com <strong>Sexto Sentido<\/strong>, da S\u00e9tima Legi\u00e3o e (tenhamos f\u00e9) o novo \u00e1lbum de N\u00e9 Ladeiras produzido por Hector Zazou pelo t\u00edtulo de melhor disco portugu\u00eas de 99.<\/p>\n<p>O resto n\u00e3o \u00e9 todo t\u00e3o bom mas h\u00e1 quem se aproxime. Por exemplo, S\u00e9rgio Godinho que, at\u00e9 nova audi\u00e7\u00e3o, me deixa os ouvidos divididos: as suas melodias e os arranjos de Tom\u00e1s Pimentel para \u00abO Rei e a Virgem Romeira\u00bb e \u00abAs Bodas em Paris\u00bb s\u00e3o indiscutivelmente bonitos, complexos e sofisticados mas n\u00e3o sei se demasiado complexos e sofisticados (se calhar, a palavra de que eu ando \u00e0 procura \u00e9 \u00aberuditos\u00bb) para um material liter\u00e1rio de \u00edndole mais tradicional e popular.<\/p>\n<p>Especula\u00e7\u00f5es \u00e0 parte, s\u00e3o duas \u00f3ptimas pe\u00e7as sergianas. A Brigada Victor Jara, nas duas vers\u00f5es de \u00abParto em Terras Distantes\u00bb, ajusta-se bem \u00e0 atmosfera do \u00e1lbum e, acima de tudo na segunda vers\u00e3o, recupera milagrosamente a voz de Lena d&#8217;\u00c1gua que, por uma vez, aparenta ser capaz de se dedicar a mat\u00e9ria musical um bocadinho mais interessante do que o habitual. Sem fazer descer demasiado a m\u00e9dia mas tamb\u00e9m sem deslumbrar, fica Jo\u00e3o Afonso que, t\u00e3o cedo ap\u00f3s o \u00e1lbum de estreia, parece perigosamente pr\u00f3ximo da cristaliza\u00e7\u00e3o numa f\u00f3rmula \u00abafonsina\u00bb que aqui aplica sem grandes rasgos de imagina\u00e7\u00e3o.<\/p>\n<p><em>JO\u00c3O LISBOA, in Expresso<\/em><\/p>\n","protected":false},"excerpt":{"rendered":"<p><strong>S\u00f3 em MP3<\/strong><\/p>\n<p><iframe loading=\"lazy\" src=\"https:\/\/w.soundcloud.com\/player\/?url=https%3A\/\/api.soundcloud.com\/playlists\/1377283726&amp;color=%2354541b&amp;auto_play=false&amp;hide_related=false&amp;show_comments=false&amp;show_user=false&amp;show_reposts=false&amp;show_teaser=false\" width=\"100%\" height=\"450\" frameborder=\"no\" scrolling=\"no\"><\/iframe><\/p>\n<div style=\"font-size: 10px; color: #cccccc; line-break: anywhere; word-break: normal; overflow: hidden; white-space: nowrap; text-overflow: ellipsis; font-family: Interstate,Lucida Grande,Lucida Sans Unicode,Lucida Sans,Garuda,Verdana,Tahoma,sans-serif; font-weight: 100;\"><a style=\"color: #cccccc; text-decoration: none;\" title=\"Tradisom\" href=\"https:\/\/soundcloud.com\/tradisom\" target=\"_blank\" rel=\"noopener\">Tradisom<\/a> \u00b7 <a style=\"color: #cccccc; text-decoration: none;\" title=\"NOVAS VOS TRAGO\" href=\"https:\/\/soundcloud.com\/tradisom\/sets\/novas-vos-trago\" target=\"_blank\" rel=\"noopener\">NOVAS VOS TRAGO<\/a><\/div>\n","protected":false},"featured_media":16593,"template":"","meta":[],"product_brand":[],"product_cat":[380,315],"product_tag":[],"class_list":{"0":"post-595","1":"product","2":"type-product","3":"status-publish","4":"has-post-thumbnail","6":"product_cat-mp3","7":"product_cat-tradisom","9":"first","10":"instock","11":"shipping-taxable","12":"purchasable","13":"product-type-variable"},"_links":{"self":[{"href":"https:\/\/tradisom.com\/en\/wp-json\/wp\/v2\/product\/595","targetHints":{"allow":["GET"]}}],"collection":[{"href":"https:\/\/tradisom.com\/en\/wp-json\/wp\/v2\/product"}],"about":[{"href":"https:\/\/tradisom.com\/en\/wp-json\/wp\/v2\/types\/product"}],"wp:featuredmedia":[{"embeddable":true,"href":"https:\/\/tradisom.com\/en\/wp-json\/wp\/v2\/media\/16593"}],"wp:attachment":[{"href":"https:\/\/tradisom.com\/en\/wp-json\/wp\/v2\/media?parent=595"}],"wp:term":[{"taxonomy":"product_brand","embeddable":true,"href":"https:\/\/tradisom.com\/en\/wp-json\/wp\/v2\/product_brand?post=595"},{"taxonomy":"product_cat","embeddable":true,"href":"https:\/\/tradisom.com\/en\/wp-json\/wp\/v2\/product_cat?post=595"},{"taxonomy":"product_tag","embeddable":true,"href":"https:\/\/tradisom.com\/en\/wp-json\/wp\/v2\/product_tag?post=595"}],"curies":[{"name":"wp","href":"https:\/\/api.w.org\/{rel}","templated":true}]}}