{"id":5940,"date":"2018-05-03T22:59:09","date_gmt":"2018-05-03T22:59:09","guid":{"rendered":"https:\/\/tradisom.com\/\/?post_type=product&#038;p=5940"},"modified":"2025-09-01T18:06:34","modified_gmt":"2025-09-01T17:06:34","slug":"discografia-completa-brigada-victor-jara","status":"publish","type":"product","link":"https:\/\/tradisom.com\/en\/product\/discografia-completa-brigada-victor-jara\/","title":{"rendered":"Discografia Completa da Brigada Victor Jara"},"content":{"rendered":"<p>Ao longo destes 40 anos a Brigada Victor Jara editou dez trabalhos discogr\u00e1ficos que est\u00e3o agora reunidos numa edi\u00e7\u00e3o especial e comemorativa.<\/p>\n<p>A caixa cont\u00e9m os 10 discos editados ao longo dos seus agora 45 anos de exist\u00eancia, bem como um livreto com as letras de todas as can\u00e7\u00f5es contidas nesses discos.<\/p>\n<p>A Brigada Victor Jara comemorou em 2015 os seus 40 anos de carreira.<br \/>\nA Brigada Victor Jara, fundada em 1975, exerceu ac\u00e7\u00e3o de ineg\u00e1vel pioneirismo no labor de recria\u00e7\u00e3o da m\u00fasica tradicional portuguesa, a qual constituiu ponto de partida e de refer\u00eancia para o aparecimento de outras forma\u00e7\u00f5es inseridas na mesma ou em id\u00eantica \u00e1rea de ac\u00e7\u00e3o musical.<br \/>\nAo longo destes 40 anos editou dez trabalhos discogr\u00e1ficos, que agora ficam dispon\u00edveis numa edi\u00e7\u00e3o especial e comemorativa.<\/p>\n<p>Esta edi\u00e7\u00e3o \u00e9 composta por uma caixa, que contem os dez discos e ainda um livreto com as letras de todas as m\u00fasicas cantadas nos dez discos da Discografia pelo grupo.<br \/>\nEsta edi\u00e7\u00e3o \u00e9 principalmente uma comemora\u00e7\u00e3o dos 40 anos da BRIGADA VICTOR JARA, permitindo que os seus in\u00fameros f\u00e3s tenham acesso \u00e0 mesma.<\/p>\n<p>Membros actuais da banda Brigada Victor Jara:<br \/>\nAur\u00e9lio Malva; Luis Gar\u00e7\u00e3o Nunes; Miguel Moita; Manuel Rocha; Arnaldo Carvalho; Catarina Moura; Rui Curto; Jos\u00e9 Tovim; Quin\u00e9 Teles<\/p>\n","protected":false},"excerpt":{"rendered":"<p>Ao longo destes 40 anos a Brigada Victor Jara editou dez trabalhos discogr\u00e1ficos que est\u00e3o agora reunidos numa edi\u00e7\u00e3o especial e comemorativa. A caixa cont\u00e9m os 10 discos editados ao longo dos seus agora 45 anos de exist\u00eancia, bem como um livreto com as letras de todas as can\u00e7\u00f5es contidas nesses discos. A Brigada Victor [&#8230;]\n","protected":false},"featured_media":30138,"template":"","meta":[],"product_brand":[],"product_cat":[325,315],"product_tag":[],"class_list":{"0":"post-5940","1":"product","2":"type-product","3":"status-publish","4":"has-post-thumbnail","6":"product_cat-coleccoes-tradisom","7":"product_cat-tradisom","9":"first","10":"outofstock","11":"shipping-taxable","12":"purchasable","13":"product-type-simple"},"_links":{"self":[{"href":"https:\/\/tradisom.com\/en\/wp-json\/wp\/v2\/product\/5940","targetHints":{"allow":["GET"]}}],"collection":[{"href":"https:\/\/tradisom.com\/en\/wp-json\/wp\/v2\/product"}],"about":[{"href":"https:\/\/tradisom.com\/en\/wp-json\/wp\/v2\/types\/product"}],"wp:featuredmedia":[{"embeddable":true,"href":"https:\/\/tradisom.com\/en\/wp-json\/wp\/v2\/media\/30138"}],"wp:attachment":[{"href":"https:\/\/tradisom.com\/en\/wp-json\/wp\/v2\/media?parent=5940"}],"wp:term":[{"taxonomy":"product_brand","embeddable":true,"href":"https:\/\/tradisom.com\/en\/wp-json\/wp\/v2\/product_brand?post=5940"},{"taxonomy":"product_cat","embeddable":true,"href":"https:\/\/tradisom.com\/en\/wp-json\/wp\/v2\/product_cat?post=5940"},{"taxonomy":"product_tag","embeddable":true,"href":"https:\/\/tradisom.com\/en\/wp-json\/wp\/v2\/product_tag?post=5940"}],"curies":[{"name":"wp","href":"https:\/\/api.w.org\/{rel}","templated":true}]}}