{"id":5938,"date":"2018-05-03T22:53:01","date_gmt":"2018-05-03T22:53:01","guid":{"rendered":"https:\/\/tradisom.com\/\/?post_type=product&#038;p=5938"},"modified":"2025-09-01T18:06:39","modified_gmt":"2025-09-01T17:06:39","slug":"rare-recordings","status":"publish","type":"product","link":"https:\/\/tradisom.com\/en\/product\/rare-recordings\/","title":{"rendered":"Rare Recordings"},"content":{"rendered":"<p>Esta s\u00e9rie de edi\u00e7\u00f5es a que demos o t\u00edtulo de &#8220;PORTUGUESE SOUND ARCHIVES &#8211; GRAVA\u00c7\u00d5ES RARAS&#8221; tem como principal objectivo dar a conhecer as grava\u00e7\u00f5es contidas na colec\u00e7\u00e3o de Jos\u00e9 Mo\u00e7as (um esp\u00f3lio constitu\u00eddo por cerca de 6500 discos de 78 rota\u00e7\u00f5es) recentemente doado \u00e0 Universidade de Aveiro, em protocolo assinado com aquela institui\u00e7\u00e3o. Com a edi\u00e7\u00e3o destes sons abrimos um pouco a curiosidade de muitos amigos da Tradisom que regularmente nos v\u00e3o questionando &#8220;para quando a edi\u00e7\u00e3o das grava\u00e7\u00f5es do esp\u00f3lio?&#8221;. Para mais tarde fica a promessa de uma s\u00e9rie de livros que ir\u00e3o conter estudos cient\u00edficos e detalhados sobre esta \u00e9poca ainda t\u00e3o pouco conhecida da nossa hist\u00f3ria musical. Mas para j\u00e1 estas grava\u00e7\u00f5es permitam ouvir pela primeira vez alguns nomes, pequenos segredos guardados naqueles preciosos discos.<\/p>\n<p>VOLUME 1 &#8211; 26 Faixas da BANDA DOS MARINHEIROS DA ARMADA de 1903<\/p>\n<p>VOLUME 2 &#8211; 20 Faixas com diversos artistas, entre eles:<\/p>\n<p>Adelaide Silva<br \/>\nAvelino Baptista<br \/>\nC\u00e9sar Nunes<br \/>\nDuarte Silva<br \/>\nFernanda Couto<br \/>\nGuilhermina Anjos<br \/>\nIsabel Costa<br \/>\nJorge Bastos<br \/>\nReynaldo Varella<\/p>\n<p>VOLUME 3 &#8211; 20 Faixas com diversos artistas, entre eles:<\/p>\n<p>Duarte Silva<br \/>\nJoaquim Ramos<br \/>\nJorge Bastos<br \/>\nManuel J. Carvalho<br \/>\nMaria Lilaty<br \/>\nMartins J\u00fanior<br \/>\nMedina de Sousa<br \/>\nPepa Delgado<\/p>\n<p>&nbsp;<\/p>\n<p>CD1<br \/>\nBANDA DOS MARINHEIROS DA ARMADA<\/p>\n<p>1.BANDA DOS MARINHEIROS DA ARMADA-passo dobrado (1903)<br \/>\n2 BANDA DOS MARINHEIROS DA ARMADA-rigoleto (1903)<br \/>\n3.BANDA DOS MARINHEIROS DA ARMADA-passe calle revertito (1903)<br \/>\n4.BANDA DOS MARINHEIROS DA ARMADA-Paris-Londres (1903)<br \/>\n5.BANDA DOS MARINHEIROS DA ARMADA-serra de Cintra (1903)<br \/>\n6.BANDA DOS MARINHEIROS DA ARMADA-seu Anastacio-tango brazileiro (1903)<br \/>\n07.BANDA DOS MARINHEIROS DA ARMADA-cantos populares portugueses n.\u00ba 1 (1903)<br \/>\n08.BANDA DOS MARINHEIROS DA ARMADA-cantos populares portugueses n.\u00ba 2 (1903)<br \/>\n09.BANDA DOS MARINHEIROS DA ARMADA-cantos populares portugueses n.\u00ba 3 (1903)<br \/>\n10.BANDA DOS MARINHEIROS DA ARMADA-boneca (1903)<br \/>\n11.BANDA DOS MARINHEIROS DA ARMADA-don godide (1903)<br \/>\n12.BANDA DOS MARINHEIROS DA ARMADA-marcha de guerra (1903)<br \/>\n13.BANDA DOS MARINHEIROS DA ARMADA-a vontade (1903)<br \/>\n14.BANDA DOS MARINHEIROS DA ARMADA-o soldado portuguez (1903)<br \/>\n15.BANDA DOS MARINHEIROS DA ARMADA-anglo-luzo (1903)<br \/>\n16.BANDA DOS MARINHEIROS DA ARMADA-Guanito passe calle (1903)<br \/>\n17.BANDA DOS MARINHEIROS DA ARMADA-el morenito (1903)<br \/>\n18.BANDA DOS MARINHEIROS DA ARMADA-cavalleria rusticana (1903)<br \/>\n19.BANDA DOS MARINHEIROS DA ARMADA-rigoletto (n.\u00ba 2) (1903)<br \/>\n20.BANDA DOS MARINHEIROS DA ARMADA-rigoletto (n.\u00ba 3) (1903)<br \/>\n21.BANDA DOS MARINHEIROS DA ARMADA-las zapatillas (1903)<br \/>\n22.BANDA DOS MARINHEIROS DA ARMADA-gigantes e cabezudos (1903)<br \/>\n23.BANDA DOS MARINHEIROS DA ARMADA-Torres Branco (1903)<br \/>\n24.BANDA DOS MARINHEIROS DA ARMADA-gramophono (1903)<br \/>\n25.BANDA DOS MARINHEIROS DA ARMADA-saludade (1903)<br \/>\n26.BANDA DOS MARINHEIROS DA ARMADA-hymno portuguez (1903)<\/p>\n<p>CD2<br \/>\n01.ISABEL COSTA-a varina<br \/>\n02.J. BASTOS, ASSALTADA-cana verde de oporto<br \/>\n03.REYNALDO VARELLA-fado dos alfayates<br \/>\n04.ADELAIDE SILVA, RODRIGUES VIEIRA-despedida dum recruta<br \/>\n05.J. BASTOS, ALICE CARVALHO (do Porto)-o estalado de Coimbra<br \/>\n06.AVELINO BAPTISTA-o guerrilheiro<br \/>\n07.BASTOS e ALICE-o senhor da serra<br \/>\n08.DUARTE SILVA e outros-scena passada nun animatographo<br \/>\n09.DUARTE SILVA-a filha do feiticeiro-o pucarinho<br \/>\n10.DUARTE SILVA-lamenta\u00e7ao de 2 gallegos<br \/>\n11.DUARTE SILVA-noivado do sepulcro<br \/>\n12.ACTOR QUEIROZ-intrigas do bairro<br \/>\n13.C\u00c9SAR NUNES-fado dos fadistas<br \/>\n14.FERNANDA COUTINHO-Margarida vai \u00e0 fonte (1929)<br \/>\n15.GUILHERMINA ANJOS-fado da navalha na liga<br \/>\n16.ISABEL COSTA-o toque das av\u00e9 marias<br \/>\n17.DUARTE SILVA-tudo cresce!<br \/>\n18.DUARTE, ROQUE e outros-assalto a um convento<br \/>\n19.ISABEL COSTA, DUARTE SILVA-scenas nocturnas<br \/>\n20.ISABEL COSTA, DUARTE SILVA-uma reuni\u00e3o em casa das Lucas<\/p>\n<p>CD3<br \/>\n01.DUARTE SILVA-o novo surdo-mudo<br \/>\n02.DUARTE SILVA-a feira d\u00b4alcantara<br \/>\n03.DUARTE SILVA e outros-uma taberna de gallegos<br \/>\n04.DUARTE SILVA-a brincadeira do frade<br \/>\n05.DUARTE SILVA-uma garraiada em alges<br \/>\n06.DUARTE SILVA-uma procissao em lisboa<br \/>\n07.JOAQUIM RAMOS-a portugueza<br \/>\n08.JOAQUIM RAMOS, MEDINA DE SOUSA-a cegada<br \/>\n09.JOAQUIM RAMOS, MEDINA DE SOUSA-cyrio arraial e romaria<br \/>\n10.JORGE BASTOS &amp; ASSALTADA-o regadinho (can\u00e7\u00e3o do norte)<br \/>\n11.JORGE BASTOS e outros-fado da carestia dos generosos<br \/>\n12.JORGE BASTOS e outros-fado do 5 ano<br \/>\n13.JORGE BASTOS-as freiras de santa clara<br \/>\n14.JOS\u00c9 DE BASTOS-preg\u00f5es do porto<br \/>\n15.KEIL-cantiga do desafio de opera serrana<br \/>\n16.MANUEL J. CARVALHO-dona ign\u00eas (parte 1)<br \/>\n17.MANUEL J. CARVALHO-Dona Ign\u00eas (parte 2)<br \/>\n18.MARIA LITALY-o fado do 31<br \/>\n19.MARTINS J\u00daNIOR-os tyhographos<br \/>\n20.PEPA DELGADO-fado portugu\u00eas (1904)<\/p>\n","protected":false},"excerpt":{"rendered":"<p>Cole\u00e7\u00e3o composta por 3 albuns digitais<\/p>\n","protected":false},"featured_media":16763,"template":"","meta":[],"product_brand":[],"product_cat":[325,315],"product_tag":[],"class_list":{"0":"post-5938","1":"product","2":"type-product","3":"status-publish","4":"has-post-thumbnail","6":"product_cat-coleccoes-tradisom","7":"product_cat-tradisom","9":"first","10":"instock","11":"downloadable","12":"virtual","13":"purchasable","14":"product-type-simple"},"_links":{"self":[{"href":"https:\/\/tradisom.com\/en\/wp-json\/wp\/v2\/product\/5938","targetHints":{"allow":["GET"]}}],"collection":[{"href":"https:\/\/tradisom.com\/en\/wp-json\/wp\/v2\/product"}],"about":[{"href":"https:\/\/tradisom.com\/en\/wp-json\/wp\/v2\/types\/product"}],"wp:featuredmedia":[{"embeddable":true,"href":"https:\/\/tradisom.com\/en\/wp-json\/wp\/v2\/media\/16763"}],"wp:attachment":[{"href":"https:\/\/tradisom.com\/en\/wp-json\/wp\/v2\/media?parent=5938"}],"wp:term":[{"taxonomy":"product_brand","embeddable":true,"href":"https:\/\/tradisom.com\/en\/wp-json\/wp\/v2\/product_brand?post=5938"},{"taxonomy":"product_cat","embeddable":true,"href":"https:\/\/tradisom.com\/en\/wp-json\/wp\/v2\/product_cat?post=5938"},{"taxonomy":"product_tag","embeddable":true,"href":"https:\/\/tradisom.com\/en\/wp-json\/wp\/v2\/product_tag?post=5938"}],"curies":[{"name":"wp","href":"https:\/\/api.w.org\/{rel}","templated":true}]}}