{"id":5933,"date":"2018-05-03T22:47:01","date_gmt":"2018-05-03T22:47:01","guid":{"rendered":"https:\/\/tradisom.com\/\/?post_type=product&#038;p=5933"},"modified":"2025-09-01T18:06:54","modified_gmt":"2025-09-01T17:06:54","slug":"popular-music","status":"publish","type":"product","link":"https:\/\/tradisom.com\/en\/product\/popular-music\/","title":{"rendered":"Portuguese Sound Archives &#8211; Popular Music"},"content":{"rendered":"<p>Esta s\u00e9rie de edi\u00e7\u00f5es a que demos o t\u00edtulo de PORTUGUESE SOUND ARCHIVES &#8211; POPULAR MUSIC tem como principal objectivo dar a conhecer as grava\u00e7\u00f5es contidas na colec\u00e7\u00e3o de Jos\u00e9 Mo\u00e7as (um esp\u00f3lio constitu\u00eddo por cerca de 6500 discos de 78 rota\u00e7\u00f5es) recentemente doado \u00e0 Universidade de Aveiro, em protocolo assinado com aquela institui\u00e7\u00e3o. Com a edi\u00e7\u00e3o destes sons abrimos um pouco a curiosidade de muitos amigos da Tradisom que regularmente nos v\u00e3o questionando &#8220;para quando a edi\u00e7\u00e3o das grava\u00e7\u00f5es do esp\u00f3lio?&#8221;. Para mais tarde fica a promessa de uma s\u00e9rie de livros que ir\u00e3o conter estudos cient\u00edficos e detalhados sobre esta \u00e9poca ainda t\u00e3o pouco conhecida da nossa hist\u00f3ria musical. Aqui publicamos estas grava\u00e7\u00f5es, que nos permitem ouvir pela primeira vez alguns nomes ainda desconhecidos, pequenos segredos guardados naqueles preciosos discos.<\/p>\n<p>VOLUME 1<\/p>\n<p>01.ALBERTO RIBEIRO-Adeus Lisboa<\/p>\n<p>02.ADELINA FERNANDES-A Senhora da Saude<\/p>\n<p>03.TOMAZ ALCAIDE-Beira mar<\/p>\n<p>04.FRANCISCO JOS\u00c9-Deixa falar o mundo<\/p>\n<p>05.ALDINA DE SOUZA-Bilhas (revista P\u00f3 de Maio)<\/p>\n<p>06.ADELINA SILVA-Gente Tripeira<\/p>\n<p>07.ALFRED ARNOLD e HOST\u00cdLIO SALGADO-Padeirada<\/p>\n<p>08.ARMINDA FALC\u00c3O e ALICE SILVA-Alegres raparigas<\/p>\n<p>09.ARTUR RIBEIRO-Barqueiro do Douro<\/p>\n<p>10.ARMINDA VITAL-A Mouraria somos n\u00f3s<\/p>\n<p>11.AUGUSTO COSTA (COSTINHA)- O apreciador de m\u00fasica<\/p>\n<p>12.C\u00c9LIA BASTOS-Can\u00e7\u00e3o do Nicola<\/p>\n<p>13.CHABY PINHEIRO-O dinheiro-A cabra o carneiro e o cevado<\/p>\n<p>14.CID\u00c1LIA MEIRELES-A Casinha pequenina<\/p>\n<p>15.EST\u00caV\u00c3O AMARANTE-\u00d3 ai \u00f3 Linda<\/p>\n<p>16.DINA CARDOSO-O mar enrola-se na areia<\/p>\n<p>17.FRANCISCO COUTINHO E MARIA FARIA-Um vira minhoto<\/p>\n<p>18.DINA TEREZA-Feira D&#8217;alcantara<\/p>\n<p>19.ALMEIDA CRUZ-Noite Serena<\/p>\n<p>20.DORES GRA\u00c7A e HENRIQUE LIMA-Cana verde<\/p>\n<p>VOLUME 2<\/p>\n<p>01.FRANCISCO JOS\u00c9-Desprendimento<\/p>\n<p>02.GILDA VALEN\u00c7A-Alfama<\/p>\n<p>03.GUSTAVO LEAL-O&#8217; ai, o&#8217; Linda!&#8230;<\/p>\n<p>04.IRM\u00c3S MARTINEZ-Vira viradinho<\/p>\n<p>05.JOS\u00c9 ANT\u00d3NIO-Folha Desgarrada<\/p>\n<p>06.JO\u00c3O VILLARET-Rosa Araujo<\/p>\n<p>07.ISALINDA SERAMOTA-Can\u00e7\u00e3o das lavadeiras<\/p>\n<p>08.JOS\u00c9 LEMOS-Aldeias de Portugal<\/p>\n<p>09.IRM\u00c3S MEIRELES-Minha linda Lusitana<\/p>\n<p>10.JOS\u00c9 LUSO-Aquarela de Lisboa<\/p>\n<p>11.LAURA SANTOS, EDUARDO BATISTA DINIZ-Oliveirinha e Loureiro<\/p>\n<p>12.MANOEL MONTEIRO-Ceifeira<\/p>\n<p>13.LE\u00d3NIA MENDES-Marcha nova de Alfama<\/p>\n<p>14.LUIZ ESCOBAR-Andorinha<\/p>\n<p>15.L\u00cdLIA BRAND\u00c3O, JOS\u00c9 ROSA-O vira de Nazareth<\/p>\n<p>16.LUIZ PI\u00c7ARRA-Caminho errado<\/p>\n<p>17.LINA DEMOEL-Cavaquinho<\/p>\n<p>18.MANUEL JOAQUIM CARVALHO-Fado do P\u00e3o de l\u00f3<\/p>\n<p>19.LOLITA RODRIGUES-Saudade, vai-te embora<\/p>\n<p>20.LUISA SATANELA-A Rapariga dos tremo\u00e7os<\/p>\n<p>VOLUME 3<\/p>\n<p>01.MARIA ANTONIETA-Descamisada<\/p>\n<p>02.MARIA CLARA-amor n\u00e3o digas n\u00e3o<\/p>\n<p>03.MARIA DA GRA\u00c7A-Cantando tudo<\/p>\n<p>04.MARIA DA LUZ-Saudades<\/p>\n<p>05.MARIA DE LOURDES-Alcoba\u00e7a<\/p>\n<p>06.MARIA MANUELA-O amor \u00e9 mesmo assim<\/p>\n<p>07.ORQUESTRA E CORO-Marcha dos Marinheiros<\/p>\n<p>08.MARIA SAMPAIO-Arraial de Santo Antonio<\/p>\n<p>09.ORQUESTRA POPULAR CASANOVA-Meia volta p&#8217;ra direita<\/p>\n<p>10.OLIVINHA CARVALHO-A fonte das sete bicas<\/p>\n<p>11.RAUL MOTA-Ai!, ai!,menina<\/p>\n<p>12.ORQUESTRA SARRBLO E CLAVERO-Caldo verde (revista Arraial)<\/p>\n<p>13.M\u00c1RIO SIM\u00d5ES-Viva o Benfica<\/p>\n<p>14.MILU-A minha casinha<\/p>\n<p>15.MARIA DA GRA\u00c7A-Rosmaninho<\/p>\n<p>16.ORQUESTRA T\u00cdPICA PORTUGUESA-Est\u00e1 tudo as escuras<\/p>\n<p>17.MAX-Noites da Madeira<\/p>\n<p>18.NOVA ORQUESTRA LIGEIRA-Can\u00e7\u00e3o das Vindimas<\/p>\n<p>19.ORQUESTRA T\u00cdPICA-Rumba del Matador (filme portugu\u00eas \u201cTrevo de quatro folhas\u201d)<\/p>\n<p>20.MARIA SID\u00d3NIO-L\u00e1 vem a Maria Rosa<\/p>\n<p>VOLUME 4<\/p>\n<p>01.TOMAZ ALCAIDE-Amor \u00e9 c\u00e9go e v\u00ea<\/p>\n<p>02.MILU-Boa noite, Lisboa<\/p>\n<p>03.M\u00c1RIO SIM\u00d5ES-BENFICA-O melhor do mundo<\/p>\n<p>04.NOVA ORQUESTRA LIGEIRA-O rio das aguas claras<\/p>\n<p>05.ZULMIRA MIRANDASanto Antoninho<\/p>\n<p>06.VIRGINIA SOLER-O Manel da av\u00f3<\/p>\n<p>07.OLIVINHA CARVALHO-Lar Portugu\u00eas<\/p>\n<p>08.RAUL MOTA-Can\u00e7\u00e3o do Oeste<\/p>\n<p>09.ROSA GON\u00c7ALVES-Uma desgarrada<\/p>\n<p>10.ORQUESTRA E CORO-Tiro Liro (de O Penitente)<\/p>\n<p>11.SANTOS CARVALHO-a ceia dos fadistas<\/p>\n<p>12.SILVESTRE ALEGRIM-Solid\u00f3 dos Bolieiros<\/p>\n<p>13ORQUESTRA POPULAR CASANOVA-Vira Malmequer<\/p>\n<p>14.ZURITA DE OLIVEIRA-Vira da minha rua<\/p>\n<p>15.ORQUESTRA SARRBLO E CLAVERO-O Vira (revista Arraial)<\/p>\n<p>16.VIRGINIA SOLER-Corridinho do Manecas<\/p>\n<p>17.ZULMIRA MIRANDA-Porque choras!<\/p>\n<p>18.ORQUESTRA T\u00cdPICA PORTUGUESA-Vamos bailar, Maria!<\/p>\n<p>19.SOLISTAS DAS PRINCIPAIS BANDAS MILITARES-Hymno do Minho<\/p>\n<p>20.ZURITA DE OLIVEIRA-Romarias<\/p>\n<p>VOLUME 5<\/p>\n<p>01.\u00c1LVARO PEREIRA-fado culin\u00e1rio<\/p>\n<p>02.ADELINA FERNANDES-can\u00e7\u00e3o de Portugal<\/p>\n<p>03.CHABY PINHEIRO-o mineiro alsaciano<\/p>\n<p>04.DELPHINA VICTOR,DUARTE SILVA, JORGE BASTOS-num caf\u00e9 refil\u00e3o<\/p>\n<p>05.DIVERSOS-a nova feira de agosto<\/p>\n<p>06.DUARTE SILVA e outros-conquista de um estudante a Lisboa<\/p>\n<p>07.F. R\u00c9ZIO, GUSTAVO LEAL-a peixeira e o pol\u00edcia<\/p>\n<p>08.FLORA DYSON,ANT\u00d3NIO GOMES-a varina e o marinheiro americano<\/p>\n<p>09.J. BASTOS, ALICE, ASSALTADA-o s\u00e3o jo\u00e3o<\/p>\n<p>10.JORGE BASTOS-s\u00f3, s\u00f3 cegarrega popular<\/p>\n<p>11.JORGE BASTOS, ALICE-s\u00f3 d\u00b4uma banda<\/p>\n<p>12.MARIA ASSALTADA-caninha verde do norte<\/p>\n<p>13.MEDINA DE SOUSA-can\u00e7\u00e3o da cega<\/p>\n<p>14.QUINTETTO SERRA E MOURA-cantos populares e marcha<\/p>\n<p>15.RODRIGUES VIEIRA, ISABEL COSTA-o grande annibal<\/p>\n<p>16.J\u00daLIA MENDES-p\u00b4r\u00e1 frente-a hortaliceira<\/p>\n<p>17.ADELINA FERNANDES-o garoto da rua<\/p>\n<p>18.BANDA DA GUARDA REPUBLICANA DE LISBOA-raps\u00f3dia de preg\u00f5es de Lisboa<\/p>\n<p>19.ANTHERO RAMALHO-guarda fiscal<\/p>\n<p>20.JORGE BASTOS, ASSALTADA-cana verde de Porto<\/p>\n","protected":false},"excerpt":{"rendered":"<p>Cole\u00e7\u00e3o composta por 5 albuns digitais<\/p>\n","protected":false},"featured_media":16759,"template":"","meta":[],"product_brand":[],"product_cat":[325,315],"product_tag":[],"class_list":{"0":"post-5933","1":"product","2":"type-product","3":"status-publish","4":"has-post-thumbnail","6":"product_cat-coleccoes-tradisom","7":"product_cat-tradisom","9":"first","10":"instock","11":"downloadable","12":"virtual","13":"purchasable","14":"product-type-simple"},"_links":{"self":[{"href":"https:\/\/tradisom.com\/en\/wp-json\/wp\/v2\/product\/5933","targetHints":{"allow":["GET"]}}],"collection":[{"href":"https:\/\/tradisom.com\/en\/wp-json\/wp\/v2\/product"}],"about":[{"href":"https:\/\/tradisom.com\/en\/wp-json\/wp\/v2\/types\/product"}],"wp:featuredmedia":[{"embeddable":true,"href":"https:\/\/tradisom.com\/en\/wp-json\/wp\/v2\/media\/16759"}],"wp:attachment":[{"href":"https:\/\/tradisom.com\/en\/wp-json\/wp\/v2\/media?parent=5933"}],"wp:term":[{"taxonomy":"product_brand","embeddable":true,"href":"https:\/\/tradisom.com\/en\/wp-json\/wp\/v2\/product_brand?post=5933"},{"taxonomy":"product_cat","embeddable":true,"href":"https:\/\/tradisom.com\/en\/wp-json\/wp\/v2\/product_cat?post=5933"},{"taxonomy":"product_tag","embeddable":true,"href":"https:\/\/tradisom.com\/en\/wp-json\/wp\/v2\/product_tag?post=5933"}],"curies":[{"name":"wp","href":"https:\/\/api.w.org\/{rel}","templated":true}]}}