{"id":5930,"date":"2018-05-03T20:20:32","date_gmt":"2018-05-03T19:20:32","guid":{"rendered":"https:\/\/tradisom.com\/\/?post_type=product&#038;p=5930"},"modified":"2023-05-20T15:48:57","modified_gmt":"2023-05-20T14:48:57","slug":"fado","status":"publish","type":"product","link":"https:\/\/tradisom.com\/en\/product\/fado\/","title":{"rendered":"Portuguese Sound Archives &#8211; Fado"},"content":{"rendered":"<p>Esta s\u00e9rie de edi\u00e7\u00f5es a que demos o t\u00edtulo de &#8220;PORTUGUESE SOUND ARCHIVES &#8211; FADO&#8221; tem como principal objectivo dar a conhecer as grava\u00e7\u00f5es contidas na colec\u00e7\u00e3o de Jos\u00e9 Mo\u00e7as (um esp\u00f3lio constitu\u00eddo por cerca de 6500 discos de 78 rota\u00e7\u00f5es) recentemente doado \u00e0 Universidade de Aveiro, em protocolo assinado com aquela institui\u00e7\u00e3o. Com a edi\u00e7\u00e3o destes sons abrimos um pouco a curiosidade de muitos amigos da Tradisom que regularmente nos v\u00e3o questionando &#8220;para quando a edi\u00e7\u00e3o das grava\u00e7\u00f5es do esp\u00f3lio?&#8221;. Para mais tarde fica a promessa de uma s\u00e9rie de livros que ir\u00e3o conter estudos cient\u00edficos e detalhados sobre esta \u00e9poca ainda t\u00e3o pouco conhecida da nossa hist\u00f3ria musical. Mas para j\u00e1 estas grava\u00e7\u00f5es permitam ouvir pela primeira vez alguns nomes, pequenos segredos guardados naqueles preciosos discos.<\/p>\n<p>VOLUME 1<br \/>\n01.AM\u00c1LIA RODRIGUES-Ai, ai, ai, mau irm\u00e3o<br \/>\n02.ALBERTO RIBEIRO-Fado Hilario<br \/>\n03.ADELINA FERNANDES-Andorinhas<br \/>\n04.CARLOS RAMOS-Chinelas da Mouraria<br \/>\n05.A.F.da CONCEI\u00c7\u00c3O-Elza<br \/>\n06.ALICE DO PORTO-As lavadeiras de Coimbra<br \/>\n07.ALFREDO MARCENEIRO-A Orfasita<br \/>\n08.AURA RIBEIRO-\u00c9 sempre assim<br \/>\n09.ALMEIDA CRUZ-Fado do cora\u00e7\u00e3o<br \/>\n10.CID\u00c1LIA MEIRELES-Fado da alma<br \/>\n11.ARTUR RIBEIRO-Adeus Mouraria<br \/>\n12.D. LUIZA BAHAREM-Fado Hespanhol<br \/>\n13.DR. EDMUNDO BETTENCOURT-Alegria dos C\u00e9us<br \/>\n14.FERNANDA ABRANCHES-Canta tu cantarei eu<br \/>\n15.AB\u00cdLIO MONTEIRO e GL\u00d3RIA FERREIRA-Desgarrada<br \/>\n16.D. MARGARIDA D\u00b4OLIVEIRA-Fado da Maria Vitoria<br \/>\n17.ALBERTO XAVIER PINTO-Fado do Paraizo<br \/>\n18.DINA TEREZA-Velho fado da Severa<br \/>\n19.AMILCAR NOGUEIRA-Fado Amilcar<br \/>\n20.EST\u00caV\u00c3O AMARANTE-Fado Tango<\/p>\n<p>VOLUME 2<br \/>\n01.ALBERTO RIBEIRO-Fado Hilario<br \/>\n02.AM\u00c1LIA RODRIGUES-Amantes separados<br \/>\n03.ALFREDO MARCENEIRO-Amor pungente<br \/>\n04.ARMINDA FALC\u00c3O e ALICE SILVA-Fado do 31<br \/>\n05.ALBERTO XAVIER PINTO-Fado dos Sonhos<br \/>\n06.AURA RIBEIRO-Janelas da Mouraria<br \/>\n07.CARLOS RAMOS-Despeito<br \/>\n08.CID\u00c1LIA MEIRELES-Biografia do fado<br \/>\n09.AMILCAR NOGUEIRA-O menino rico<br \/>\n10.D. LUIZA BAHAREM-Fado Mondego<br \/>\n11.DR. EDMUNDO BETTENCOURT-Balada do encantamento<br \/>\n12.D. MARGARIDA D\u00b4OLIVEIRA-Fado dos Passarinhos<br \/>\n13.EST\u00caV\u00c3O AMARANTE-Fado do Cauteleiro<br \/>\n14.ESTER DE ABREU-M\u00e3e Preta<br \/>\n15.FERNANDO FARINHA-A vida<br \/>\n16.FERNANDA ABRANCHES-Fado da minha M\u00e3e<br \/>\n17.FRUTUOSO FRAN\u00c7A-Alma de crian\u00e7a<br \/>\n18.FERNANDA BATISTA-Desventura<br \/>\n19.GILDA VALEN\u00c7A-Ai ! Mouraria<br \/>\n20.HERM\u00cdNIA SILVA-A rua mais Lisboeta<\/p>\n<p>VOLUME 3<br \/>\n01.JOS\u00c9 AFONSO-Fado das \u00e1guias<br \/>\n02.FERNANDA BATISTA-Joia Sagrada<br \/>\n03.FERNANDO FARINHA-Sonho de amor<br \/>\n04.HERM\u00cdNIA SILVA-A tendinha<br \/>\n05.JO\u00c3O ROCHA-Giga de Coimbra<br \/>\n06.ISABEL NOVO-Mulher que passa<br \/>\n07.JOAQUIM SEABRA-Minha av\u00f3zinha<br \/>\n08.MARIA ALICE-A Senhora do Pilar<br \/>\n09.FRUTUOSO FRAN\u00c7A-Anabela<br \/>\n10.JOAQUIM SILVEIRINHA-A minha tip\u00f3ia<br \/>\n11.LUC\u00cdLIA DO CARMO-Can\u00e7\u00e3o ciume<br \/>\n12.JOS\u00c9 LEMOS-Alma de Portugal<br \/>\n13.J\u00daLIO CORREIA e ABEL NEGR\u00c3O-Fado menor<br \/>\n14.MARIA CARMEN-Isto que sinto<br \/>\n15.LINO TEIXEIRA-A minha Santa Rosinha<br \/>\n16.MANOEL MONTEIRO-Fado do destino<br \/>\n17.LEONOR MARQUES-Fado da Idanha<br \/>\n18.MANUEL JOAQUIM CARVALHO-Fado da madrugada<br \/>\n19.MARIA CLARA-Fado de Lisboa<br \/>\n20.MANUEL TAVEIRA-Chico do cachin\u00ea<\/p>\n<p>VOLUME 4<br \/>\n01.JOS\u00c9 AFONSO-O sol anda l\u00e1 no c\u00e9u<br \/>\n02.LUC\u00cdLIA DO CARMO-N\u00e3o voltes<br \/>\n03.JO\u00c3O ROCHA-Fado Rocha<br \/>\n04.ISABEL NOVO-Fado das lagrimas<br \/>\n05.JOAQUIM SEABRA-Campino<br \/>\n06.L\u00cdLIA BRAND\u00c3O, JOS\u00c9 ROSA-Maria do mar<br \/>\n07.JOAQUIM SILVEIRINHA-Cuidado com ele<br \/>\n08.MARIA ALICE-Amei-te tanto<br \/>\n09.JOS\u00c9 LEMOS-Amor de perdi\u00e7\u00e3o<br \/>\n10.MARIA CARMEN-Podes mentir a vontade<br \/>\n11.J\u00daLIO CORREIA e ABEL NEGR\u00c3O-Fado Robles<br \/>\n12.MARIA DA CONCEI\u00c7\u00c3O-M\u00e3e preta<br \/>\n13.LINO TEIXEIRA-Mas que triste sorte a minha<br \/>\n14.MARIA DA GRA\u00c7A-Fl\u00f4res da Mouraria<br \/>\n15.MANOEL MONTEIRO-Fado do Marinheiro<br \/>\n16.MARIA DA LUZ-Fado Hilario<br \/>\n17.MANUEL JOAQUIM CARVALHO-Pinheiros da minha terra<br \/>\n18.MARIA GUERREIRO-Meu Portugal<br \/>\n19.MANUEL TAVEIRA-Cruel desilus\u00e3o<br \/>\n20.MARIA MANUELA-Historia de bairros<\/p>\n<p>VOLUME 5<br \/>\n01.DELPHINA VICTOR, ISABEL COSTA-senhora da alta<br \/>\n02.SANTOS CARVALHO-a resposta de D. Maria Varina<br \/>\n03.ELVIRA COSTA-fado da navalha na liga<br \/>\n04.ALMEIDA CRUZ-fado dos cegos<br \/>\n05.GUILHERMINA ANJOS-fado da orph\u00e3<br \/>\n06.CARVALHO DE OLIVEIRA-fado do mutilado (1.a parte)<br \/>\n07.CARVALHO DE OLIVEIRA-fado do mutilado (2.a parte)<br \/>\n08.MARIA DA CONCEI\u00c7\u00c3O-ai mouraria c\u00f3pia<br \/>\n09.CARLOS SANTOS-estampilha d\u00b4assistencia<br \/>\n10.MARIA DA LUZ-falsas paix\u00f5es<br \/>\n11.BANDA DA GUARDA REPUBLICANA DE LISBOA-raps\u00f3dia de fados<br \/>\n12.ISABEL COSTA-fado do crime<br \/>\n13.GUSTAVO LEAL-fado do c\u00edvico<br \/>\n14.MARIA DA GRA\u00c7A-o meu bairro<br \/>\n15.NECA RAFAEL-\u00e0 moda c\u00f3pia<br \/>\n16.MARIA GUERREIRO-perdi a partida<br \/>\n17.PINTO RAMOS-fado lir\u00f3 (revista ABC)<br \/>\n18.NAT\u00c1LIA DOS ANJOS-maldade<br \/>\n19.RAUL MOTA-hist\u00f3ria do fado<br \/>\n20.ORQ. SINF\u00d3NICA dir. por JOAQUIM CLEMENTE-fado blanquita<\/p>\n<p>VOLUME 6<br \/>\n01.JORGE BASTOS-as freiras de santa clara<br \/>\n02.DELPHINA VICTOR-can\u00e7\u00e3o da cega<br \/>\n03.JOS\u00c9 BACALHAU-fado bacalhau<br \/>\n04.ANT\u00d3NIO COELHO e ANT\u00f3NIO MARTINS-fado em r\u00e9 menor<br \/>\n05.ANT\u00d3NIO RODRIGUES-saudades d\u00b4al\u00e9m mar<br \/>\n06.MARIANNA F. ALVES-fado z\u00e9 povinho<br \/>\n07.CARLOS SANTOS-fado dos tiros<br \/>\n08.JOAQUIM RAMOS e MEDINA DE SOUSA-a cegada<br \/>\n09.JORGE BASTOS-balada acad\u00e9mica de coimbra<br \/>\n10.JORGE BASTOS-fado dos preg\u00f5es do porto<br \/>\n11.ARMANDO GOES-fado da vida<br \/>\n12.JORGE BASTOS, ALICE-o senhor da serra<br \/>\n13.JOS\u00c9 TAVEIRA-carta 9 de abril (1.\u00aa parte)<br \/>\n14.MANUEL JOAQUIM CARVALHO-terra amada<br \/>\n15.NECA RAFAEL-casa importante<br \/>\n16.ANT\u00d3NIO COELHO e ANT\u00d3NIO MARTINS-selec\u00e7\u00e3o de fados<br \/>\n17.ANT\u00d3NIO RODRIGUES-marcha portuense<br \/>\n18.NAT\u00c1LIA DOS ANJOS-n\u00e3o voltou<br \/>\n19.PINTO RAMOS-fado pobre z\u00e9<br \/>\n20.REYNALDO VARELLA-em pleno tribunal<\/p>\n<p>VOLUME 7<br \/>\n01.ALFREDO MARQUES-can\u00e7\u00e3o boh\u00e9mia<br \/>\n02.CARLOS SANTOS-fado do Z\u00e9 povo<br \/>\n03.JORGE BASTOS-fado raps\u00f3dia<br \/>\n04.MARIANNA F. ALVES-os pobresinhos<br \/>\n05.Almeida Cruz-fado da senhora de pedra<br \/>\n06.AM\u00c1LIA RODRIGUES-d\u00e1-me um beijo (1952)<br \/>\n07.ARMANDO GOES-fado espanhol<br \/>\n08.JOAQUIM RAMOS e VIRG\u00cdNIA A\u00c7O-fado da taberna<br \/>\n09.ADELINA FERNANDES-can\u00e7\u00e3o das perdidas<br \/>\n10.\u00c1LVARO PEREIRA-fado da trolha<br \/>\n11.ANT\u00d3NIO FRANCISCO DA CONCEI\u00c7\u00c3O-Alice (1930)<br \/>\n12.JOSE TAVEIRA-carta 9 de abril (2.a parte)<br \/>\n13.JOS\u00c9 CUTILEIRO-os olhos da Marianita<br \/>\n14.MANUEL JOAQUIM CARVALHO-o canto do prisioneiro<br \/>\n15.ALBERTO RIBEIRO-len\u00e7os brancos (1949)<br \/>\n16.MAXIM\u00b4S JAZZ-fado Alfredo Marceneiro<br \/>\n17.ALFREDO MARCENEIRO-amor pungente<br \/>\n18.\u00c1LVARO BARRADAS-o garoto da rua<br \/>\n19.JOS\u00c9 BACALHAU-Fado Franklim<br \/>\n20.MAXIM\u00b4S JAZZ-Fado Maria Alice<\/p>\n<p>VOLUME 8<br \/>\n01.ALBERTO RIBEIRO-linhas trocadas (1949)<br \/>\n02.AM\u00c1LIA RODRIGUES-duas luzes (1945)<br \/>\n03.ANT\u00d3NIO COELHO-fado em r\u00e9 menor<br \/>\n04.ANT\u00d3NIO MENANO-a maior dor<br \/>\n05.CARLOS CAMPOS-A NOITE (1932)<br \/>\n06.DELPHINA VICTOR-fado dos desejos (1912)<br \/>\n07.ALFREDO MARCENEIRO-ironia<br \/>\n08.EM\u00cdLIA DE OLIVEIRA-Conde Anadia (1906)<br \/>\n09.FERNANDO FARINHA-adeus Mouraria<br \/>\n10.ALFREDO MARQUES-can\u00e7\u00e3o do sobreiro<br \/>\n11.AM\u00c1LIA RODRIGUES-passei por voc\u00ea (1945)<br \/>\n12.SALVADOR FREIRE e GEORGINO DE SOUSA-fado Armandinho<br \/>\n13.FABIA GIL-meu penar (1936)<br \/>\n14.ANT\u00d3NIO COELHO-selec\u00e7\u00e3o de fados<br \/>\n15.ANT\u00d3NIO FRANCISCO DA CONCEI\u00c7\u00c3O-Elsa (1929)<br \/>\n16.EDUARDO DAS NEVES-fado do cora\u00e7\u00e3o (1913)<br \/>\n17.ANT\u00d3NIO RODRIGUES-marcha portuense<br \/>\n18.ANT\u00d3NIO RODRIGUES-o mundo somos n\u00f3s dois<br \/>\n19.ESTER DE ABREU-fado das Caldas (1955)<br \/>\n20.SALVADOR FREIRE e GEORGINO DE SOUSA-varia\u00e7\u00f5es em mi menor<\/p>\n<p>VOLUME 9<br \/>\n01.J\u00daLIA MENDES-fado corridinho<br \/>\n02.AM\u00c1LIA RODRIGUES-saudades de ti (1945)<br \/>\n03.ANT\u00d3NIO MENANO-fado das 3 horas<br \/>\n04.CARLOS CAMPOS-varia\u00e7\u00f5es em r\u00e9 maior (1931)<br \/>\n05.FRANCISCO JOS\u00c9-olhos castanhos (1957)<br \/>\n06.GUILHERMINA ANJOS-fado da formiga<br \/>\n07.ALFREDO MARCENEIRO-no cabaret<br \/>\n08.ALFREDO MARQUES-fado do amor<br \/>\n09.JOAQUIM CORDEIRO-toma l\u00e1 que \u00e9 para saberes!<br \/>\n10.LEONOR MARQUES-fado da mouraria<br \/>\n11.LUIS MACIEIRA-fado trovadores<br \/>\n12.GUSTAVO LEAL-fado do c\u00edvico<br \/>\n13.JO\u00c3O DO CARMO-fado em mi menor<br \/>\n14.JOAQUIM CAVALHEIRO-fado robles<br \/>\n15.JOS\u00c9 LEMOS-guitarra amiga (1935)<br \/>\n16.LEONOR MARQUES-fado da saudade<br \/>\n17.CAUBY PEIXOTO-Lisboa antiga (1956)<br \/>\n18.JO\u00c3O DO CARMO-malmequer pequenino<br \/>\n19.JOAQUIM CAVALHEIRO-varia\u00e7\u00f5es em sol menor<br \/>\n20.J\u00daLIA MENDES-fado corrido<\/p>\n<p>VOLUME 10<br \/>\n01.ALFREDO MARCENEIRO-\u00faltima carta<br \/>\n02.AM\u00c1LIA RODRIGUES-sei finalmente (1945)<br \/>\n03.ALFREDO MARQUES-fado do beijo<br \/>\n04.FRANCISCO JOS\u00c9-olhos castanhos (1960)<br \/>\n05.LEONOR MARQUES-fado do malmequer<br \/>\n06.LEONOR MARQUES-fado dois tons<br \/>\n07.MANOEL MONTEIRO-beijos (1934)<br \/>\n08.MANOEL MONTEIRO-canto do ceguinho (1933)<br \/>\n09.MANOEL MONTEIRO-chorando baixinho (1935)<br \/>\n10.MANOEL MONTEIRO-duas cartas (1951)<br \/>\n11.MANOEL MONTEIRO-nem \u00e0s paredes confesso (1955)<br \/>\n12.MANOEL MONTEIRO-perjura (1934)<br \/>\n13.MANOEL MONTEIRO-rosas de Portugal (1940)<br \/>\n14.MANOEL MONTEIRO-Santa Cruz (1933)<br \/>\n15.MANOEL MONTEIRO-saudades (1941)<br \/>\n16.MANUEL J. CARVALHO-o canto do prisioneirto<br \/>\n17.MANUEL J. CARVALHO-o fado portuguez<br \/>\n18.MARIA ALICE-lembran\u00e7a triste<br \/>\n19.MARIA ALICE-quando o filho adormece<br \/>\n20.MARIA DA GRA\u00c7A-evolu\u00e7\u00e3o do fado<\/p>\n","protected":false},"excerpt":{"rendered":"<p>Cole\u00e7\u00e3o composta por 10 albuns digitais em mp3.<\/p>\n","protected":false},"featured_media":16757,"template":"","meta":[],"product_brand":[],"product_cat":[325,315],"product_tag":[],"class_list":{"0":"post-5930","1":"product","2":"type-product","3":"status-publish","4":"has-post-thumbnail","6":"product_cat-coleccoes-tradisom","7":"product_cat-tradisom","9":"first","10":"instock","11":"downloadable","12":"virtual","13":"purchasable","14":"product-type-simple"},"_links":{"self":[{"href":"https:\/\/tradisom.com\/en\/wp-json\/wp\/v2\/product\/5930","targetHints":{"allow":["GET"]}}],"collection":[{"href":"https:\/\/tradisom.com\/en\/wp-json\/wp\/v2\/product"}],"about":[{"href":"https:\/\/tradisom.com\/en\/wp-json\/wp\/v2\/types\/product"}],"wp:featuredmedia":[{"embeddable":true,"href":"https:\/\/tradisom.com\/en\/wp-json\/wp\/v2\/media\/16757"}],"wp:attachment":[{"href":"https:\/\/tradisom.com\/en\/wp-json\/wp\/v2\/media?parent=5930"}],"wp:term":[{"taxonomy":"product_brand","embeddable":true,"href":"https:\/\/tradisom.com\/en\/wp-json\/wp\/v2\/product_brand?post=5930"},{"taxonomy":"product_cat","embeddable":true,"href":"https:\/\/tradisom.com\/en\/wp-json\/wp\/v2\/product_cat?post=5930"},{"taxonomy":"product_tag","embeddable":true,"href":"https:\/\/tradisom.com\/en\/wp-json\/wp\/v2\/product_tag?post=5930"}],"curies":[{"name":"wp","href":"https:\/\/api.w.org\/{rel}","templated":true}]}}