{"id":593,"date":"2018-04-01T22:16:07","date_gmt":"2018-04-01T22:16:07","guid":{"rendered":"https:\/\/tradisom.com\/\/?post_type=product&#038;p=593"},"modified":"2025-09-01T18:29:07","modified_gmt":"2025-09-01T17:29:07","slug":"navegante-meu-bem-meu-mal","status":"publish","type":"product","link":"https:\/\/tradisom.com\/en\/product\/navegante-meu-bem-meu-mal\/","title":{"rendered":"Navegante \u2013 Meu Bem Meu Mal"},"content":{"rendered":"<p>M\u00fasica tradicional portuguesa<\/p>\n<p>O Navegante \u00e9 um projecto pessoal de Jos\u00e9 Barros, que, com a sua teimosia conseguiu, ao longo de duas d\u00e9cadas, criar uma forma de estar na m\u00fasica muito pr\u00f3pria.<\/p>\n<p>Tendo como um dos objectivos principais e divulga\u00e7\u00e3o da m\u00fasica tradicional portuguesa, chamou at\u00e9 si a colabora\u00e7\u00e3o de grandes nomes do panorama musical do nossos pa\u00eds, de que podemos destacar Jos\u00e9 Manuel David (Gaiteiros de Lisboa), Am\u00e9lia Muge, Janita, Jo\u00e3o Afonso, Rui J\u00fanior, Rui Vaz (Gaiteiros de Lisboa) e muitos outros.<\/p>\n<p>Nasceu em 1993, de um projecto pessoal de Jos\u00e9 Barros, e funde-se com o curr\u00edculo do seu l\u00edder e fundador.\u2028De Jos\u00e9 Barros e Navegante se poder\u00e1 dizer que nasce na sequ\u00eancia de um trabalho que contou com a funda\u00e7\u00e3o do grupo Bago de Milho (1983\/86 \u2014 quatro anos de exist\u00eancia e um disco), do grupo Roman\u00e7as (seis anos e dois discos), e colabora\u00e7\u00f5es v\u00e1rias com outros grupos e projectos como por exemplo, Ronda dos Quatro Caminhos, Isabel Silvestre etc. \u2026.<\/p>\n<p>Tendo como elo comum a m\u00fasica tradicional portuguesa.\u2028Ao Jos\u00e9 Barros e Navegante junta-se Rui J\u00fanior, Carlos Passos, Jorge Cruz, Jos\u00e9 Martins e Quim Correia, nomes bem conhecidos na \u00e1rea da m\u00fasica popular, cl\u00e1ssica e jazz, espelhando influ\u00eancias v\u00e1rias num projecto que ao longo dos seus 15 anos de exist\u00eancia tem j\u00e1 6 discos gravados.<\/p>\n<p>A liga\u00e7\u00e3o de Jos\u00e9 Barros aos instrumentos de corda, ao canto e \u00e0 m\u00fasica tradicional portuguesa em geral, seja em cursos de instrumentos tradicionais que tem dado por todo o pa\u00eds, ou em grava\u00e7\u00f5es e espect\u00e1culos no pa\u00eds e estrangeiro, feita atrav\u00e9s de grupos por si fundados (&#8220;Bago de Milho&#8221;, &#8220;Roman\u00e7as&#8221;) ou na produ\u00e7\u00e3o musical de outros grupos desde 1983, d\u00e3o a este projecto o enriquecimento e uma sonoridade que identifica a m\u00fasica portuguesa e o pr\u00f3prio grupo. Para isso muito contribuiu a passagem de todos os m\u00fasicos que, com Jos\u00e9 Barros, t\u00eam trabalhado neste projecto.<\/p>\n<p>Em 1998 entram para o grupo Vasco Sousa e Jo\u00e3o Lu\u00eds Lobo, bem como Hugo Tapadas, Miguel Catal\u00e3o e Miguel Tapadas, coincidindo com a grava\u00e7\u00e3o do terceiro CD, forma\u00e7\u00e3o essa que, conjuntamente com Jos\u00e9 Barros e Carlos Passos colaboraram tamb\u00e9m na sa\u00edda do disco Vivos E Ao Vivo, duplo CD de comemora\u00e7\u00e3o dos 10 anos, gravado ao vivo no Centro Cultural Olga Cadaval em Sintra em Novembro de 2002.<\/p>\n<p>A edi\u00e7\u00e3o do 3\u00ba CD Rimances editado pela L\u2019EmpreinteDigitale em Fran\u00e7a, com distribui\u00e7\u00e3o mundial, no dia 14 de Fevereiro de 2003 marca o inicio de uma nova etapa para o grupo.\u2028Em 2008, e com um novo disco Meu Bem Meu Mal editado em Maio, comemoram 15 anos.<\/p>\n","protected":false},"excerpt":{"rendered":"<p><strong>S\u00f3 em MP3<\/strong><\/p>\n<p><iframe loading=\"lazy\" src=\"https:\/\/w.soundcloud.com\/player\/?url=https%3A\/\/api.soundcloud.com\/playlists\/1377265780&amp;color=%2354541b&amp;auto_play=false&amp;hide_related=false&amp;show_comments=false&amp;show_user=false&amp;show_reposts=false&amp;show_teaser=false\" width=\"100%\" height=\"450\" frameborder=\"no\" scrolling=\"no\"><\/iframe><\/p>\n<div style=\"font-size: 10px; color: #cccccc; line-break: anywhere; word-break: normal; overflow: hidden; white-space: nowrap; text-overflow: ellipsis; font-family: Interstate,Lucida Grande,Lucida Sans Unicode,Lucida Sans,Garuda,Verdana,Tahoma,sans-serif; font-weight: 100;\"><a style=\"color: #cccccc; text-decoration: none;\" title=\"Tradisom\" href=\"https:\/\/soundcloud.com\/tradisom\" target=\"_blank\" rel=\"noopener\">Tradisom<\/a> \u00b7 <a style=\"color: #cccccc; text-decoration: none;\" title=\"NAVEGANTE - MEU BEM MEU MAL\" href=\"https:\/\/soundcloud.com\/tradisom\/sets\/navegante-meu-bem-meu-mal\" target=\"_blank\" rel=\"noopener\">NAVEGANTE &#8211; MEU BEM MEU MAL<\/a><\/div>\n","protected":false},"featured_media":16635,"template":"","meta":[],"product_brand":[],"product_cat":[380,315],"product_tag":[],"class_list":{"0":"post-593","1":"product","2":"type-product","3":"status-publish","4":"has-post-thumbnail","6":"product_cat-mp3","7":"product_cat-tradisom","9":"first","10":"outofstock","11":"downloadable","12":"virtual","13":"purchasable","14":"product-type-simple"},"_links":{"self":[{"href":"https:\/\/tradisom.com\/en\/wp-json\/wp\/v2\/product\/593","targetHints":{"allow":["GET"]}}],"collection":[{"href":"https:\/\/tradisom.com\/en\/wp-json\/wp\/v2\/product"}],"about":[{"href":"https:\/\/tradisom.com\/en\/wp-json\/wp\/v2\/types\/product"}],"wp:featuredmedia":[{"embeddable":true,"href":"https:\/\/tradisom.com\/en\/wp-json\/wp\/v2\/media\/16635"}],"wp:attachment":[{"href":"https:\/\/tradisom.com\/en\/wp-json\/wp\/v2\/media?parent=593"}],"wp:term":[{"taxonomy":"product_brand","embeddable":true,"href":"https:\/\/tradisom.com\/en\/wp-json\/wp\/v2\/product_brand?post=593"},{"taxonomy":"product_cat","embeddable":true,"href":"https:\/\/tradisom.com\/en\/wp-json\/wp\/v2\/product_cat?post=593"},{"taxonomy":"product_tag","embeddable":true,"href":"https:\/\/tradisom.com\/en\/wp-json\/wp\/v2\/product_tag?post=593"}],"curies":[{"name":"wp","href":"https:\/\/api.w.org\/{rel}","templated":true}]}}