{"id":589,"date":"2018-04-01T22:14:12","date_gmt":"2018-04-01T22:14:12","guid":{"rendered":"https:\/\/tradisom.com\/\/?post_type=product&#038;p=589"},"modified":"2025-09-01T18:29:21","modified_gmt":"2025-09-01T17:29:21","slug":"lacre","status":"publish","type":"product","link":"https:\/\/tradisom.com\/en\/product\/lacre\/","title":{"rendered":"Lacre &#8211; Opus 0"},"content":{"rendered":"<p>De Tr\u00e1s-os-Montes, \u00a0chega um som, uma op\u00e7\u00e3o est\u00e9tica, uma qualidade e um rigor que n\u00e3o conhece dist\u00e2ncias nem barreiras : chamam-se \u201cLACRE\u201d.<\/p>\n<p>\u201cOde a Deus\u201d e \u201cPosas Mordazes\u201d, por exemplo, s\u00e3o vers\u00f5es belas amostras de um som intimista, plenamente ac\u00fastico, de sabor erudito e levemente temperado com a tristeza e a melancolia do Fado.<\/p>\n<p>Para encher a alma e deixar no ar uma calma inquietante, que faz pensar, sentir e levitar.<\/p>\n<p>Mas quem s\u00e3o, afinal, os \u201cLACRE\u201d?<\/p>\n<p>Nasceram da cumplicidade de Miguel Moita-Fernandes e Yazalde Afonso, amigos de inf\u00e2ncia e companheiros de outros projectos musicais, partilhada com a excel\u00eancia musical dos irm\u00e3os R\u00f3mulo e Igor Ferreira e a l\u00edmpida e melodiosa voz de Carolina Vieira.<\/p>\n<p>Provenientes de Bragan\u00e7a, de Mirandela e de Povoa\u00e7\u00e3o (A\u00e7ores), juntaram diferentes viv\u00eancias e uma vontade comum para conseguir um trabalho cheio de inspira\u00e7\u00e3o.<\/p>\n<p>O \u201ccart\u00e3o de visita\u201d \u00e9 \u201cOpus 0\u201d, \u00e1lbum primeiro, feito com a for\u00e7a dos sonhos de quem se estreia e produzido com a tranquilidade, a experi\u00eancia e o saber do mestre Ant\u00f3nio Pinheiro da Silva.<\/p>\n<p>Vem, ent\u00e3o, de longe a m\u00fasica que vos propomos. Longe dos grandes centros de decis\u00e3o, das grandes salas de espect\u00e1culos, dos fortes apoios, mas \u2013 por for\u00e7a da vossa vontade \u2013 acreditamos que n\u00e3o ficar\u00e1 longe do p\u00fablico.<\/p>\n<p>Convidamo-los a ver estes dois videos:<\/p>\n<p><a href=\"https:\/\/www.youtube.com\/watch?v=z5DS96erq_I\" rel=\"nofollow noopener\" target=\"_blank\">https:\/\/www.youtube.com\/watch?v=z5DS96erq_I<\/a><\/p>\n<p><a href=\"https:\/\/www.youtube.com\/watch?v=IzWmnwUNk3s\" rel=\"nofollow noopener\" target=\"_blank\">https:\/\/www.youtube.com\/watch?v=IzWmnwUNk3s<\/a><\/p>\n","protected":false},"excerpt":{"rendered":"<p><iframe loading=\"lazy\" src=\"https:\/\/w.soundcloud.com\/player\/?url=https%3A\/\/api.soundcloud.com\/playlists\/1456319776&amp;color=%23ff5500&amp;auto_play=false&amp;hide_related=false&amp;show_comments=true&amp;show_user=false&amp;show_reposts=false&amp;show_teaser=true\" width=\"100%\" height=\"450\" frameborder=\"no\" scrolling=\"no\"><\/iframe><\/p>\n<div style=\"font-size: 10px; color: #cccccc; line-break: anywhere; word-break: normal; overflow: hidden; white-space: nowrap; text-overflow: ellipsis; font-family: Interstate,Lucida Grande,Lucida Sans Unicode,Lucida Sans,Garuda,Verdana,Tahoma,sans-serif; font-weight: 100;\"><a style=\"color: #cccccc; text-decoration: none;\" title=\"Tradisom\" href=\"https:\/\/soundcloud.com\/tradisom\" target=\"_blank\" rel=\"noopener\">Tradisom<\/a> \u00b7 <a style=\"color: #cccccc; text-decoration: none;\" title=\"Lacre - Opus 0\" href=\"https:\/\/soundcloud.com\/tradisom\/sets\/lacre-opus-0\" target=\"_blank\" rel=\"noopener\">Lacre &#8211; Opus 0<\/a><\/div>\n","protected":false},"featured_media":16631,"template":"","meta":[],"product_brand":[],"product_cat":[316,323,315],"product_tag":[],"class_list":{"0":"post-589","1":"product","2":"type-product","3":"status-publish","4":"has-post-thumbnail","6":"product_cat-discos-tradisom","7":"product_cat-popular-discos-tradisom","8":"product_cat-tradisom","10":"first","11":"instock","12":"sale","13":"shipping-taxable","14":"purchasable","15":"product-type-variable"},"_links":{"self":[{"href":"https:\/\/tradisom.com\/en\/wp-json\/wp\/v2\/product\/589","targetHints":{"allow":["GET"]}}],"collection":[{"href":"https:\/\/tradisom.com\/en\/wp-json\/wp\/v2\/product"}],"about":[{"href":"https:\/\/tradisom.com\/en\/wp-json\/wp\/v2\/types\/product"}],"wp:featuredmedia":[{"embeddable":true,"href":"https:\/\/tradisom.com\/en\/wp-json\/wp\/v2\/media\/16631"}],"wp:attachment":[{"href":"https:\/\/tradisom.com\/en\/wp-json\/wp\/v2\/media?parent=589"}],"wp:term":[{"taxonomy":"product_brand","embeddable":true,"href":"https:\/\/tradisom.com\/en\/wp-json\/wp\/v2\/product_brand?post=589"},{"taxonomy":"product_cat","embeddable":true,"href":"https:\/\/tradisom.com\/en\/wp-json\/wp\/v2\/product_cat?post=589"},{"taxonomy":"product_tag","embeddable":true,"href":"https:\/\/tradisom.com\/en\/wp-json\/wp\/v2\/product_tag?post=589"}],"curies":[{"name":"wp","href":"https:\/\/api.w.org\/{rel}","templated":true}]}}