{"id":587,"date":"2018-04-01T22:12:53","date_gmt":"2018-04-01T21:12:53","guid":{"rendered":"https:\/\/tradisom.com\/\/?post_type=product&#038;p=587"},"modified":"2025-09-01T18:29:28","modified_gmt":"2025-09-01T17:29:28","slug":"abaladica","status":"publish","type":"product","link":"https:\/\/tradisom.com\/en\/product\/abaladica\/","title":{"rendered":"\u00c0\u00b4Baladi\u00e7a"},"content":{"rendered":"<p>Mestre na arte de tocar v\u00e1rios instrumentos de corda portugueses tais como cavaquinho, viola campani\u00e7a, guitarra e braguesa, Jos\u00e9 Barros assina aqui o melhor e mais belo e coeso disco da sua carreira, acompanhado por um quinteto de m\u00fasicos de inquestion\u00e1vel qualidade e, como se isso n\u00e3o bastasse, ainda esteve rodeado de ilustres convidados tais como o citado Mimo Epifani, Jos\u00e9 Manuel David e Rui Vaz (ambos ex-Gaiteiros de Lisboa), Armindo Neves, M\u00e1rio Salvi, Miguel Veras, Jo\u00e3o Frade, R\u00e3o Kyao, Rui Junior, Samuel, Carlos Alberto Moniz e o Grupo de Cantadores da Aldeia de S.Bento que em conjunto, como uma verdadeira orquestra, lhe proporcionaram uma cama musical de grande requinte e excel\u00eancia, \u00fanica e surpreendente, que a sua voz agradeceu e a que deu o \u00eanfase mais perfeito.<\/p>\n<p>A cantar melhor que nunca e a compor, inspirad\u00edssimo, em pleno auge das suas ineg\u00e1veis capacidades criativas (assina sozinho em sete e em quatro parcerias os 11 temas do projecto ), o \u201cnavegante\u201d construiu aqui uma obra genial, ao n\u00edvel dos grandes discos dos mais conceituados cantautores portugueses&#8230;<\/p>\n<p>Recheado de inspiradas melodias \u201c\u00c1\u00b4baladi\u00e7a\u201d (em alentejano significa para um grupo de amigos a \u00faltima rodada de bebidas antes da partida e equivale ao famoso \u201csa\u00eddeira\u201d no Brasil) \u00e9 um trabalho, est\u00e9tica, musical e tematicamente brilhante que tem, em minha opini\u00e3o, em \u201cM\u00fasicos, Cravos e Flores\u201d o seu momento mais alto e orelhudo (que prazer ouvir aqui o sublime desempenho do grande Jos\u00e9 Manuel<\/p>\n<p>David) a lembrar o som dos irlandeses Chieftains ou dos gaiteiros galegos Carlos Nu\u00f1ez e Suzana Seivane; hoje a m\u00fasica em portugu\u00eas est\u00e1 de parab\u00e9ns por esta viagem musical inolvid\u00e1vel pelos meandros da MPP num barco chamado \u201cNavegante\u201d capitaneado pelo marinheiro encartado \u2013 Jos\u00e9 Barros !!!<\/p>\n","protected":false},"excerpt":{"rendered":"<p><iframe loading=\"lazy\" src=\"https:\/\/w.soundcloud.com\/player\/?url=https%3A\/\/api.soundcloud.com\/playlists\/1360940602&amp;color=%23ff5500&amp;auto_play=true&amp;hide_related=false&amp;show_comments=false&amp;show_user=false&amp;show_reposts=false&amp;show_teaser=false&amp;visual=true\" width=\"100%\" height=\"300\" frameborder=\"no\" scrolling=\"no\"><\/iframe><\/p>\n<div style=\"font-size: 10px; color: #cccccc; line-break: anywhere; word-break: normal; overflow: hidden; white-space: nowrap; text-overflow: ellipsis; font-family: Interstate,Lucida Grande,Lucida Sans Unicode,Lucida Sans,Garuda,Verdana,Tahoma,sans-serif; font-weight: 100;\"><a style=\"color: #cccccc; text-decoration: none;\" title=\"Tradisom\" href=\"https:\/\/soundcloud.com\/tradisom\" target=\"_blank\" rel=\"noopener\">Tradisom<\/a> \u00b7 <a style=\"color: #cccccc; text-decoration: none;\" title=\"Jos\u00e9 Barros - \u00c0'Baladi\u00e7a\" href=\"https:\/\/soundcloud.com\/tradisom\/sets\/jose-barros-abaladica\" target=\"_blank\" rel=\"noopener\">Jos\u00e9 Barros &#8211; \u00c0&#8217;Baladi\u00e7a<\/a><\/div>\n","protected":false},"featured_media":34993,"template":"","meta":[],"product_brand":[],"product_cat":[316,322,315],"product_tag":[],"class_list":{"0":"post-587","1":"product","2":"type-product","3":"status-publish","4":"has-post-thumbnail","6":"product_cat-discos-tradisom","7":"product_cat-tradicional-discos-tradisom","8":"product_cat-tradisom","10":"first","11":"instock","12":"sale","13":"shipping-taxable","14":"purchasable","15":"product-type-simple"},"_links":{"self":[{"href":"https:\/\/tradisom.com\/en\/wp-json\/wp\/v2\/product\/587","targetHints":{"allow":["GET"]}}],"collection":[{"href":"https:\/\/tradisom.com\/en\/wp-json\/wp\/v2\/product"}],"about":[{"href":"https:\/\/tradisom.com\/en\/wp-json\/wp\/v2\/types\/product"}],"wp:featuredmedia":[{"embeddable":true,"href":"https:\/\/tradisom.com\/en\/wp-json\/wp\/v2\/media\/34993"}],"wp:attachment":[{"href":"https:\/\/tradisom.com\/en\/wp-json\/wp\/v2\/media?parent=587"}],"wp:term":[{"taxonomy":"product_brand","embeddable":true,"href":"https:\/\/tradisom.com\/en\/wp-json\/wp\/v2\/product_brand?post=587"},{"taxonomy":"product_cat","embeddable":true,"href":"https:\/\/tradisom.com\/en\/wp-json\/wp\/v2\/product_cat?post=587"},{"taxonomy":"product_tag","embeddable":true,"href":"https:\/\/tradisom.com\/en\/wp-json\/wp\/v2\/product_tag?post=587"}],"curies":[{"name":"wp","href":"https:\/\/api.w.org\/{rel}","templated":true}]}}