{"id":585,"date":"2018-04-01T22:11:25","date_gmt":"2018-04-01T22:11:25","guid":{"rendered":"https:\/\/tradisom.com\/\/?post_type=product&#038;p=585"},"modified":"2025-09-01T18:29:37","modified_gmt":"2025-09-01T17:29:37","slug":"joao-gomes-e-o-grupo-de-ligacao","status":"publish","type":"product","link":"https:\/\/tradisom.com\/en\/product\/joao-gomes-e-o-grupo-de-ligacao\/","title":{"rendered":"Jo\u00e3o Gomes e o Grupo de Liga\u00e7\u00e3o &#8211; Assuntos C\u00ednicos"},"content":{"rendered":"<p>As viv\u00eancias de Macau<\/p>\n<p>Mais um disco que pretende captar e registar a inspira\u00e7\u00e3o dos poetas e m\u00fasicos de Macau. As letras s\u00e3o de Jo\u00e3o Amorim e as m\u00fasicas de Jo\u00e3o Gomes, um dos elementos de &#8220;A Outra Banda&#8221;. Os temas versam mais uma vez Macau, mas com a mordaz sagacidade liter\u00e1ria do Jo\u00e3o Amorim. Uma edi\u00e7\u00e3o que conta com in\u00fameras colabora\u00e7\u00f5es musicais, de origens e estilos bem diversos.<br \/>\nEste disco cont\u00e9m um livreto de 28 p\u00e1ginas.<\/p>\n<p>Em termos gerais os temas deste disco nasceram todos da realidade vivida em Macau pelo autor ao longo dos j\u00e1 largos anos de perman\u00eancia no territ\u00f3rio de Macau, durante a administra\u00e7\u00e3o portuguesa, hoje pertencente \u00e1 Rep\u00fablica Popular da China.<\/p>\n<p>A m\u00fasica do Jo\u00e3o Gomes e os arranjos do Miguel Meneses tentaram, e julgamos que conseguiram, vestir as palavras de Jo\u00e3o Amorim com uma roupa de som actual, bebendo aqui e acol\u00e1, criando uma rela\u00e7\u00e3o igual entre o sentido da escrita e dos sons, sem grandes preocupa\u00e7\u00f5es de encontrar um padr\u00e3o preponderante.<\/p>\n<p>O Grupo chama-se de Liga\u00e7\u00e3o para sublinhar a amizade consolidada entre toso ao longo do projecto e com todos aqueles que trabalharam de mais perto.<\/p>\n<p>O disco intitula-se Assuntos C\u00ednicos. Por duas raz\u00f5es: em primeiro lugar porque a ironia, e talvez mesmo algum cinismo ben\u00e9volo, foram a mola da escrita, porque entenderam que o humor da caricatura, com o seu natural exagero, fazem compreender melhor o que se pretende dizer, neste caso cantar. Como se estava a Oriente dir-se-ia que esta escrita foi desenhada com uma caligrafia de tintas fortes, a tinta da china. Em segundo lugar, em sentido d\u00faplice ou obliterado, pretendeu-se sublinhar o incontorn\u00e1vel facto de Macau estar \u00e0 beira-china, que Macau \u00e9 China \u2013 e que o per\u00edodo de transi\u00e7\u00e3o que se viveu at\u00e9 1999, ali\u00e1s ficado nalguns dos temas \u2013 por diferente que Macau possa ser nalguns aspectos ap\u00f3s 450 anos de presen\u00e7a portuguesa e abertura ao exterior.<\/p>\n<p>\u00c9 que, para quem n\u00e3o saiba, existiu em Macau uma Reparti\u00e7\u00e3o dos Assuntos S\u00ednicos (com s em portugu\u00eas arcaico), atrav\u00e9s da qual se tratavam das mat\u00e9rias que implicavam rela\u00e7\u00f5es com a China (mais tarde passou a chamar-se de Assuntos Chineses).<\/p>\n","protected":false},"excerpt":{"rendered":"<p><iframe loading=\"lazy\" src=\"https:\/\/w.soundcloud.com\/player\/?url=https%3A\/\/api.soundcloud.com\/playlists\/1456301113&amp;color=%23ff5500&amp;auto_play=false&amp;hide_related=false&amp;show_comments=true&amp;show_user=false&amp;show_reposts=false&amp;show_teaser=true\" width=\"100%\" height=\"450\" frameborder=\"no\" scrolling=\"no\"><\/iframe><\/p>\n<div style=\"font-size: 10px; color: #cccccc; line-break: anywhere; word-break: normal; overflow: hidden; white-space: nowrap; text-overflow: ellipsis; font-family: Interstate,Lucida Grande,Lucida Sans Unicode,Lucida Sans,Garuda,Verdana,Tahoma,sans-serif; font-weight: 100;\"><a style=\"color: #cccccc; text-decoration: none;\" title=\"Tradisom\" href=\"https:\/\/soundcloud.com\/tradisom\" target=\"_blank\" rel=\"noopener\">Tradisom<\/a> \u00b7 <a style=\"color: #cccccc; text-decoration: none;\" title=\"Jo\u00e3o Gomes e o Grupo de Liga\u00e7\u00e3o - Assuntos C\u00ednicos\" href=\"https:\/\/soundcloud.com\/tradisom\/sets\/joao-gomes-e-o-grupo-de-ligacao-assuntos-cinicos\" target=\"_blank\" rel=\"noopener\">Jo\u00e3o Gomes e o Grupo de Liga\u00e7\u00e3o &#8211; Assuntos C\u00ednicos<\/a><\/div>\n","protected":false},"featured_media":16627,"template":"","meta":[],"product_brand":[],"product_cat":[316,323,315],"product_tag":[],"class_list":{"0":"post-585","1":"product","2":"type-product","3":"status-publish","4":"has-post-thumbnail","6":"product_cat-discos-tradisom","7":"product_cat-popular-discos-tradisom","8":"product_cat-tradisom","10":"first","11":"instock","12":"sale","13":"shipping-taxable","14":"purchasable","15":"product-type-variable"},"_links":{"self":[{"href":"https:\/\/tradisom.com\/en\/wp-json\/wp\/v2\/product\/585","targetHints":{"allow":["GET"]}}],"collection":[{"href":"https:\/\/tradisom.com\/en\/wp-json\/wp\/v2\/product"}],"about":[{"href":"https:\/\/tradisom.com\/en\/wp-json\/wp\/v2\/types\/product"}],"wp:featuredmedia":[{"embeddable":true,"href":"https:\/\/tradisom.com\/en\/wp-json\/wp\/v2\/media\/16627"}],"wp:attachment":[{"href":"https:\/\/tradisom.com\/en\/wp-json\/wp\/v2\/media?parent=585"}],"wp:term":[{"taxonomy":"product_brand","embeddable":true,"href":"https:\/\/tradisom.com\/en\/wp-json\/wp\/v2\/product_brand?post=585"},{"taxonomy":"product_cat","embeddable":true,"href":"https:\/\/tradisom.com\/en\/wp-json\/wp\/v2\/product_cat?post=585"},{"taxonomy":"product_tag","embeddable":true,"href":"https:\/\/tradisom.com\/en\/wp-json\/wp\/v2\/product_tag?post=585"}],"curies":[{"name":"wp","href":"https:\/\/api.w.org\/{rel}","templated":true}]}}