{"id":583,"date":"2018-04-01T22:09:49","date_gmt":"2018-04-01T22:09:49","guid":{"rendered":"https:\/\/tradisom.com\/\/?post_type=product&#038;p=583"},"modified":"2025-09-01T18:29:47","modified_gmt":"2025-09-01T17:29:47","slug":"ao-vivo-em-macau","status":"publish","type":"product","link":"https:\/\/tradisom.com\/en\/product\/ao-vivo-em-macau\/","title":{"rendered":"Conjunto Jo\u00e3o Domingos \u2013 Ao vivo em Macau"},"content":{"rendered":"<p>M\u00daSICA DE MO\u00c7AMBIQUE<\/p>\n<p>PRIMEIRA EDI\u00c7\u00c3O EM CD<\/p>\n<p>O Conjunto Jo\u00e3o Domingos, com quatro d\u00e9cadas de exist\u00eancia tem neste disco a sua primeira edi\u00e7\u00e3o em CD!<\/p>\n<p>Este grupo procura com a sua m\u00fasica trazer para a ribalta, ao som dos instrumentos contempor\u00e2neos, os ritmos outrora tocados com antiqu\u00edssimos instrumentos artesanais, dos quais se destacam o batuque e a timbila.<\/p>\n<p>Introduziram igualmente a dan\u00e7a nas suas actua\u00e7\u00f5es, inicialmente em 1957, um ano depois da sua funda\u00e7\u00e3o, contando hoje com v\u00e1rios bailarinos e bailarinas na sua forma\u00e7\u00e3o habitual.<\/p>\n<p>Em janeiro de 1956, mais propriamente no primeiro dia desse m\u00eas, tr\u00eas jovens mo\u00e7ambicanos, de seus nomes art\u00edsticos Young Issufo (24 anos),\u00a0 Gonzaga (23 anos) e Jo\u00e3o Domingos (23 anos) influenciados com os ritmos da m\u00fasica \u201cpop\u201d, e sentindo os sons quentes e sensuais do folclore popular correndo pelas suas veias, decidem formar um grupo musical que procurar\u00e1, atrav\u00e9s de uma pesquisa etnogr\u00e1fica reavivar a mem\u00f3ria de velhos ritmos, que nas noites c\u00e1lidas de \u00c1frica produziam efeitos inebriantes, e obrigavam os corpos que deles se enchiam a um balan\u00e7o sensual e provocat\u00f3rio, que permitiam aos seus executantes exorcisarem todos os males e darem azo ao extravasamento de emo\u00e7\u00f5es e sentimentos at\u00e9 a\u00ed contidos.<\/p>\n<p>O Conjunto Jo\u00e3o Domingos tornou-se ao longo dos anos um caso muito s\u00e9rio na divulga\u00e7\u00e3o da m\u00fasica tradicional do seu pa\u00eds, mais propiramente da regi\u00e3o sul.<\/p>\n<p>Em Portugal nos anos de 1981 e 1982, participaram em dois festivais de \u201cM\u00fasica Negra\u201d, arrebatando nessas duas oportunidades o 1.\u00ba lugar, um festival que contava com a presen\u00e7a de conjuntos de Cabo Verde, Angola, Guin\u00e9-Bissau, S. Tom\u00e9, Nig\u00e9ria e outros grupos constitu\u00eddos por m\u00fasicos franceses e brasileiros.<\/p>\n<p>Macau foi o territ\u00f3rio mais distante que o grupo teve a honrta e o privil\u00e9gio de visitar.<\/p>\n<p>E foi l\u00e1 que surgiu a possibilidade de gravar este disco, o primeiro da sua longa carreira de quatro d\u00e9cadas.<\/p>\n","protected":false},"excerpt":{"rendered":"<p><iframe loading=\"lazy\" src=\"https:\/\/w.soundcloud.com\/player\/?url=https%3A\/\/api.soundcloud.com\/playlists\/1373566114&amp;color=%2354541b&amp;auto_play=false&amp;hide_related=false&amp;show_comments=false&amp;show_user=false&amp;show_reposts=false&amp;show_teaser=false\" width=\"100%\" height=\"450\" frameborder=\"no\" scrolling=\"no\"><\/iframe><\/p>\n<div style=\"font-size: 10px; color: #cccccc; line-break: anywhere; word-break: normal; overflow: hidden; white-space: nowrap; text-overflow: ellipsis; font-family: Interstate,Lucida Grande,Lucida Sans Unicode,Lucida Sans,Garuda,Verdana,Tahoma,sans-serif; font-weight: 100;\"><a style=\"color: #cccccc; text-decoration: none;\" title=\"Tradisom\" href=\"https:\/\/soundcloud.com\/tradisom\" target=\"_blank\" rel=\"noopener\">Tradisom<\/a> \u00b7 <a style=\"color: #cccccc; text-decoration: none;\" title=\"Ao Vivo em Macau - Conjunto Jo\u00e3o Domingos\" href=\"https:\/\/soundcloud.com\/tradisom\/sets\/ao-vivo-em-macau-conjunto-joao-domingos\" target=\"_blank\" rel=\"noopener\">Ao Vivo em Macau &#8211; Conjunto Jo\u00e3o Domingos<\/a><\/div>\n","protected":false},"featured_media":16625,"template":"","meta":[],"product_brand":[],"product_cat":[316,322,315],"product_tag":[],"class_list":{"0":"post-583","1":"product","2":"type-product","3":"status-publish","4":"has-post-thumbnail","6":"product_cat-discos-tradisom","7":"product_cat-tradicional-discos-tradisom","8":"product_cat-tradisom","10":"first","11":"instock","12":"sale","13":"shipping-taxable","14":"purchasable","15":"product-type-variable"},"_links":{"self":[{"href":"https:\/\/tradisom.com\/en\/wp-json\/wp\/v2\/product\/583","targetHints":{"allow":["GET"]}}],"collection":[{"href":"https:\/\/tradisom.com\/en\/wp-json\/wp\/v2\/product"}],"about":[{"href":"https:\/\/tradisom.com\/en\/wp-json\/wp\/v2\/types\/product"}],"wp:featuredmedia":[{"embeddable":true,"href":"https:\/\/tradisom.com\/en\/wp-json\/wp\/v2\/media\/16625"}],"wp:attachment":[{"href":"https:\/\/tradisom.com\/en\/wp-json\/wp\/v2\/media?parent=583"}],"wp:term":[{"taxonomy":"product_brand","embeddable":true,"href":"https:\/\/tradisom.com\/en\/wp-json\/wp\/v2\/product_brand?post=583"},{"taxonomy":"product_cat","embeddable":true,"href":"https:\/\/tradisom.com\/en\/wp-json\/wp\/v2\/product_cat?post=583"},{"taxonomy":"product_tag","embeddable":true,"href":"https:\/\/tradisom.com\/en\/wp-json\/wp\/v2\/product_tag?post=583"}],"curies":[{"name":"wp","href":"https:\/\/api.w.org\/{rel}","templated":true}]}}