{"id":568,"date":"2018-04-01T21:54:50","date_gmt":"2018-04-01T21:54:50","guid":{"rendered":"https:\/\/tradisom.com\/\/?post_type=product&#038;p=568"},"modified":"2025-09-01T18:30:32","modified_gmt":"2025-09-01T17:30:32","slug":"portuguese-sound-archives-historic-and-rare-3","status":"publish","type":"product","link":"https:\/\/tradisom.com\/en\/product\/portuguese-sound-archives-historic-and-rare-3\/","title":{"rendered":"Hist\u00f3ricos e Raros 3"},"content":{"rendered":"<p>Esta s\u00e9rie de edi\u00e7\u00f5es a que demos o t\u00edtulo de &#8220;ARQUIVOS SONOROS PORTUGUESES &#8211; FADO&#8221; tem como principal objectivo dar a conhecer as grava\u00e7\u00f5es contidas na colec\u00e7\u00e3o de Jos\u00e9 Mo\u00e7as, um arquivo constitu\u00eddo por cerca de 6700 discos de 78 rota\u00e7\u00f5es.<\/p>\n<p>Com a edi\u00e7\u00e3o destes sons abrimos um pouco a curiosidade de muitos f\u00e3s que regularmente nos v\u00e3o questionando sobre os conte\u00fados desta cole\u00e7\u00e3o.<\/p>\n<p>Para mais tarde fica a promessa de uma s\u00e9rie de discos que ir\u00e3o conter estudos cient\u00edficos e detalhados sobre esta \u00e9poca ainda t\u00e3o pouco conhecida da nossa hist\u00f3ria musical.<\/p>\n<p>Mas para j\u00e1 estas grava\u00e7\u00f5es permitam ouvir pela primeira vez alguns nomes, pequenos segredos guardados naqueles preciosos discos.<\/p>\n<p>TERCEIRO VOLUME<\/p>\n<p>Torna-se importante deixar aqui mencionadas as datas em que se realizaram as grava\u00e7\u00f5es das m\u00fasicas seleccionadas para esta primeira compila\u00e7\u00e3o.<\/p>\n<p>Nos casos em que n\u00e3o conseguimos identificar com rigor, dada a escassez de cat\u00e1logos desta \u00e9poca, opt\u00e1mos por n\u00e3o indicar qualquer data, nem mesmo quando temos indica\u00e7\u00f5es aproximadas por compara\u00e7\u00e3o com outros registos da \u00e9poca e das mesma editoras.<\/p>\n<p>01.CADETE-Morreu Dom Carlos (1910)<\/p>\n<p>02.AVELINO BAPTISTA-novo fado de coimbra (1914)<\/p>\n<p>03.AVELINO BAPTISTA-as carvoeiras (1905)<\/p>\n<p>04.BANDA DO ZONOPHONE-marcha da guerra portuguesa (1909)<\/p>\n<p>05.BANDA DOS BOMBEIROS VOLUNT\u00c1RIOS DO PORTO-hymno da carta (1904)<\/p>\n<p>06.DELPHINA VICTOR, DUARTE SILVA-os partidos (1911)<\/p>\n<p>07.DESCONHECIDOS-a rendi\u00e7\u00e3o da guarda (1911)<\/p>\n<p>08.ALMEIDA CRUZ-o prior e o padre cura (1904)<\/p>\n<p>09.FARPELLAS-preg\u00f5es do porto (1904)<\/p>\n<p>10.GUARDA REPUBLICANA DE LISBOA-can\u00e7oes da beira (1911)<\/p>\n<p>11.ISABEL COSTA, DUARTE SILVA-o balance republicano (1911)<\/p>\n<p>12.JO\u00c3O BASTOS e JO\u00c3O PINTO RODRIGUES-interrogat\u00f3rio de um talassa por um suvela, no Porto (1911)<\/p>\n<p>13.AVELINO BAPTISTA, DUARTE SILVA-o burro do se\u00f1or alcalde (1908)<\/p>\n<p>14.BANDA DOS BOMBEIROS VOLUNT\u00c1RIOS DO PORTO-hymno dos fenianos (1904)<\/p>\n<p>15.DUARTE SILVA, ISABEL COSTA-no tribunal (1911)<\/p>\n<p>16.GUARDA REPUBLICANA DE LISBOA-rapsodia de fados (1911)<\/p>\n<p>17.JORGE BASTOS e outros-os reservistas (1906)<\/p>\n<p>18.BANDA MILITAR ODEON-hymno primeiro de maio (1911)<\/p>\n<p>19.MANASS\u00c9S DE LACERDA-fado do povo (1904)<\/p>\n<p>20.RODRIGUES VIEIRA e ISABEL COSTA-conspiradores na fronteira (1911)<\/p>\n","protected":false},"excerpt":{"rendered":"<p><iframe loading=\"lazy\" width=\"100%\" height=\"450\" scrolling=\"no\" frameborder=\"no\" allow=\"autoplay\" src=\"https:\/\/w.soundcloud.com\/player\/?url=https%3A\/\/api.soundcloud.com\/playlists\/1389306205&#038;color=%2354541b&#038;auto_play=false&#038;hide_related=false&#038;show_comments=true&#038;show_user=true&#038;show_reposts=false&#038;show_teaser=true\"><\/iframe><\/p>\n<div style=\"font-size: 10px; color: #cccccc;line-break: anywhere;word-break: normal;overflow: hidden;white-space: nowrap;text-overflow: ellipsis; font-family: Interstate,Lucida Grande,Lucida Sans Unicode,Lucida Sans,Garuda,Verdana,Tahoma,sans-serif;font-weight: 100;\"><a href=\"https:\/\/soundcloud.com\/tradisom\" title=\"Tradisom\" target=\"_blank\" style=\"color: #cccccc; text-decoration: none;\" rel=\"noopener\">Tradisom<\/a> \u00b7 <a href=\"https:\/\/soundcloud.com\/tradisom\/sets\/portuguese-sound-archive-historic-and-rare-vol3\" title=\"Portuguese Sound Archive: Historic and Rare Vol.3\" target=\"_blank\" style=\"color: #cccccc; text-decoration: none;\" rel=\"noopener\">Portuguese Sound Archive: Historic and Rare Vol.3<\/a><\/div>\n","protected":false},"featured_media":16611,"template":"","meta":[],"product_brand":[],"product_cat":[316,318,315],"product_tag":[],"class_list":{"0":"post-568","1":"product","2":"type-product","3":"status-publish","4":"has-post-thumbnail","6":"product_cat-discos-tradisom","7":"product_cat-portuguese-sound-archives-discos-tradisom","8":"product_cat-tradisom","10":"first","11":"instock","12":"downloadable","13":"virtual","14":"purchasable","15":"product-type-simple"},"_links":{"self":[{"href":"https:\/\/tradisom.com\/en\/wp-json\/wp\/v2\/product\/568","targetHints":{"allow":["GET"]}}],"collection":[{"href":"https:\/\/tradisom.com\/en\/wp-json\/wp\/v2\/product"}],"about":[{"href":"https:\/\/tradisom.com\/en\/wp-json\/wp\/v2\/types\/product"}],"wp:featuredmedia":[{"embeddable":true,"href":"https:\/\/tradisom.com\/en\/wp-json\/wp\/v2\/media\/16611"}],"wp:attachment":[{"href":"https:\/\/tradisom.com\/en\/wp-json\/wp\/v2\/media?parent=568"}],"wp:term":[{"taxonomy":"product_brand","embeddable":true,"href":"https:\/\/tradisom.com\/en\/wp-json\/wp\/v2\/product_brand?post=568"},{"taxonomy":"product_cat","embeddable":true,"href":"https:\/\/tradisom.com\/en\/wp-json\/wp\/v2\/product_cat?post=568"},{"taxonomy":"product_tag","embeddable":true,"href":"https:\/\/tradisom.com\/en\/wp-json\/wp\/v2\/product_tag?post=568"}],"curies":[{"name":"wp","href":"https:\/\/api.w.org\/{rel}","templated":true}]}}