{"id":566,"date":"2018-04-01T21:52:57","date_gmt":"2018-04-01T21:52:57","guid":{"rendered":"https:\/\/tradisom.com\/\/?post_type=product&#038;p=566"},"modified":"2025-09-01T18:30:54","modified_gmt":"2025-09-01T17:30:54","slug":"portuguese-sound-archives-rare-recordings-1","status":"publish","type":"product","link":"https:\/\/tradisom.com\/en\/product\/portuguese-sound-archives-rare-recordings-1\/","title":{"rendered":"Grava\u00e7\u00f5es Raras 1"},"content":{"rendered":"<p>Esta s\u00e9rie de edi\u00e7\u00f5es a que demos o t\u00edtulo de &#8220;ARQUIVOS SONOROS PORTUGUESES &#8211; FADO&#8221; tem como principal objectivo dar a conhecer as grava\u00e7\u00f5es contidas na colec\u00e7\u00e3o de Jos\u00e9 Mo\u00e7as, um arquivo constitu\u00eddo por cerca de 6700 discos de 78 rota\u00e7\u00f5es.<\/p>\n<p>Com a edi\u00e7\u00e3o destes sons abrimos um pouco a curiosidade de muitos f\u00e3s que regularmente nos v\u00e3o questionando sobre os conte\u00fados desta cole\u00e7\u00e3o.<\/p>\n<p>Para mais tarde fica a promessa de uma s\u00e9rie de discos que ir\u00e3o conter estudos cient\u00edficos e detalhados sobre esta \u00e9poca ainda t\u00e3o pouco conhecida da nossa hist\u00f3ria musical.<\/p>\n<p>Mas para j\u00e1 estas grava\u00e7\u00f5es permitam ouvir pela primeira vez alguns nomes, pequenos segredos guardados naqueles preciosos discos.<\/p>\n<p>1.BANDA DOS MARINHEIROS DA ARMADA-passo dobrado (1903)<\/p>\n<p>2 BANDA DOS MARINHEIROS DA ARMADA-rigoleto (1903)<\/p>\n<p>3.BANDA DOS MARINHEIROS DA ARMADA-passe calle revertito (1903)<\/p>\n<p>4.BANDA DOS MARINHEIROS DA ARMADA-Paris-Londres (1903)<\/p>\n<p>5.BANDA DOS MARINHEIROS DA ARMADA-serra de Cintra (1903)<\/p>\n<p>6.BANDA DOS MARINHEIROS DA ARMADA-seu Anastacio-tango brazileiro (1903)<\/p>\n<p>07.BANDA DOS MARINHEIROS DA ARMADA-cantos populares portugueses n.\u00ba 1 (1903)<\/p>\n<p>08.BANDA DOS MARINHEIROS DA ARMADA-cantos populares portugueses n.\u00ba 2 (1903)<\/p>\n<p>09.BANDA DOS MARINHEIROS DA ARMADA-cantos populares portugueses n.\u00ba 3 (1903)<\/p>\n<p>10.BANDA DOS MARINHEIROS DA ARMADA-boneca (1903)<\/p>\n<p>11.BANDA DOS MARINHEIROS DA ARMADA-don godide (1903)<\/p>\n<p>12.BANDA DOS MARINHEIROS DA ARMADA-marcha de guerra (1903)<\/p>\n<p>13.BANDA DOS MARINHEIROS DA ARMADA-a vontade (1903)<\/p>\n<p>14.BANDA DOS MARINHEIROS DA ARMADA-o soldado portuguez (1903)<\/p>\n<p>15.BANDA DOS MARINHEIROS DA ARMADA-anglo-luzo (1903)<\/p>\n<p>16.BANDA DOS MARINHEIROS DA ARMADA-Guanito passe calle (1903)<\/p>\n<p>17.BANDA DOS MARINHEIROS DA ARMADA-el morenito (1903)<\/p>\n<p>18.BANDA DOS MARINHEIROS DA ARMADA-cavalleria rusticana (1903)<\/p>\n<p>19.BANDA DOS MARINHEIROS DA ARMADA-rigoletto (n.\u00ba 2) (1903)<\/p>\n<p>20.BANDA DOS MARINHEIROS DA ARMADA-rigoletto (n.\u00ba 3) (1903)<\/p>\n<p>21.BANDA DOS MARINHEIROS DA ARMADA-las zapatillas (1903)<\/p>\n<p>22.BANDA DOS MARINHEIROS DA ARMADA-gigantes e cabezudos (1903)<\/p>\n<p>23.BANDA DOS MARINHEIROS DA ARMADA-Torres Branco (1903)<\/p>\n<p>24.BANDA DOS MARINHEIROS DA ARMADA-gramophono (1903)<\/p>\n<p>25.BANDA DOS MARINHEIROS DA ARMADA-saludade (1903)<\/p>\n<p>26.BANDA DOS MARINHEIROS DA ARMADA-hymno portuguez (1903)<\/p>\n","protected":false},"excerpt":{"rendered":"<p><iframe loading=\"lazy\" width=\"100%\" height=\"450\" scrolling=\"no\" frameborder=\"no\" allow=\"autoplay\" src=\"https:\/\/w.soundcloud.com\/player\/?url=https%3A\/\/api.soundcloud.com\/playlists\/1389210649&#038;color=%2354541b&#038;auto_play=false&#038;hide_related=false&#038;show_comments=true&#038;show_user=true&#038;show_reposts=false&#038;show_teaser=true\"><\/iframe><\/p>\n<div style=\"font-size: 10px; color: #cccccc;line-break: anywhere;word-break: normal;overflow: hidden;white-space: nowrap;text-overflow: ellipsis; font-family: Interstate,Lucida Grande,Lucida Sans Unicode,Lucida Sans,Garuda,Verdana,Tahoma,sans-serif;font-weight: 100;\"><a href=\"https:\/\/soundcloud.com\/tradisom\" title=\"Tradisom\" target=\"_blank\" style=\"color: #cccccc; text-decoration: none;\" rel=\"noopener\">Tradisom<\/a> \u00b7 <a href=\"https:\/\/soundcloud.com\/tradisom\/sets\/portuguese-sound-archives-rare-recordings-vol1\" title=\"PORTUGUESE SOUND ARCHIVES: Rare Recordings Vol.1\" target=\"_blank\" style=\"color: #cccccc; text-decoration: none;\" rel=\"noopener\">PORTUGUESE SOUND ARCHIVES: Rare Recordings Vol.1<\/a><\/div>\n","protected":false},"featured_media":16609,"template":"","meta":[],"product_brand":[],"product_cat":[316,318,315],"product_tag":[],"class_list":{"0":"post-566","1":"product","2":"type-product","3":"status-publish","4":"has-post-thumbnail","6":"product_cat-discos-tradisom","7":"product_cat-portuguese-sound-archives-discos-tradisom","8":"product_cat-tradisom","10":"first","11":"instock","12":"downloadable","13":"virtual","14":"purchasable","15":"product-type-simple"},"_links":{"self":[{"href":"https:\/\/tradisom.com\/en\/wp-json\/wp\/v2\/product\/566","targetHints":{"allow":["GET"]}}],"collection":[{"href":"https:\/\/tradisom.com\/en\/wp-json\/wp\/v2\/product"}],"about":[{"href":"https:\/\/tradisom.com\/en\/wp-json\/wp\/v2\/types\/product"}],"wp:featuredmedia":[{"embeddable":true,"href":"https:\/\/tradisom.com\/en\/wp-json\/wp\/v2\/media\/16609"}],"wp:attachment":[{"href":"https:\/\/tradisom.com\/en\/wp-json\/wp\/v2\/media?parent=566"}],"wp:term":[{"taxonomy":"product_brand","embeddable":true,"href":"https:\/\/tradisom.com\/en\/wp-json\/wp\/v2\/product_brand?post=566"},{"taxonomy":"product_cat","embeddable":true,"href":"https:\/\/tradisom.com\/en\/wp-json\/wp\/v2\/product_cat?post=566"},{"taxonomy":"product_tag","embeddable":true,"href":"https:\/\/tradisom.com\/en\/wp-json\/wp\/v2\/product_tag?post=566"}],"curies":[{"name":"wp","href":"https:\/\/api.w.org\/{rel}","templated":true}]}}