{"id":564,"date":"2018-04-01T21:52:13","date_gmt":"2018-04-01T21:52:13","guid":{"rendered":"https:\/\/tradisom.com\/\/?post_type=product&#038;p=564"},"modified":"2025-09-01T18:31:01","modified_gmt":"2025-09-01T17:31:01","slug":"portuguese-sound-archives-rare-recordings-2","status":"publish","type":"product","link":"https:\/\/tradisom.com\/en\/product\/portuguese-sound-archives-rare-recordings-2\/","title":{"rendered":"Grava\u00e7\u00f5es Raras 2"},"content":{"rendered":"<p>Esta s\u00e9rie de edi\u00e7\u00f5es a que demos o t\u00edtulo de &#8220;ARQUIVOS SONOROS PORTUGUESES &#8211; FADO&#8221; tem como principal objectivo dar a conhecer as grava\u00e7\u00f5es contidas na colec\u00e7\u00e3o de Jos\u00e9 Mo\u00e7as, um arquivo constitu\u00eddo por cerca de 6700 discos de 78 rota\u00e7\u00f5es.<\/p>\n<p>Com a edi\u00e7\u00e3o destes sons abrimos um pouco a curiosidade de muitos f\u00e3s que regularmente nos v\u00e3o questionando sobre os conte\u00fados desta cole\u00e7\u00e3o.<\/p>\n<p>Para mais tarde fica a promessa de uma s\u00e9rie de discos que ir\u00e3o conter estudos cient\u00edficos e detalhados sobre esta \u00e9poca ainda t\u00e3o pouco conhecida da nossa hist\u00f3ria musical.<\/p>\n<p>Mas para j\u00e1 estas grava\u00e7\u00f5es permitam ouvir pela primeira vez alguns nomes, pequenos segredos guardados naqueles preciosos discos.<\/p>\n<p>01.ISABEL COSTA-a varina<\/p>\n<p>02.J. BASTOS, ASSALTADA-cana verde de oporto<\/p>\n<p>03.REYNALDO VARELLA-fado dos alfayates<\/p>\n<p>04.ADELAIDE SILVA, RODRIGUES VIEIRA-despedida dum recruta<\/p>\n<p>05.J. BASTOS, ALICE CARVALHO (do Porto)-o estalado de Coimbra<\/p>\n<p>06.AVELINO BAPTISTA-o guerrilheiro<\/p>\n<p>07.BASTOS e ALICE-o senhor da serra<\/p>\n<p>08.DUARTE SILVA\u00a0 e outros-scena passada nun animatographo<\/p>\n<p>09.DUARTE SILVA-a filha do feiticeiro-o pucarinho<\/p>\n<p>10.DUARTE SILVA-lamenta\u00e7ao de 2 gallegos<\/p>\n<p>11.DUARTE SILVA-noivado do sepulcro<\/p>\n<p>12.ACTOR QUEIROZ-intrigas do bairro<\/p>\n<p>13.C\u00c9SAR NUNES-fado dos fadistas<\/p>\n<p>14.FERNANDA COUTINHO-Margarida vai \u00e0 fonte (1929)<\/p>\n<p>15.GUILHERMINA ANJOS-fado da navalha na liga<\/p>\n<p>16.ISABEL COSTA-o toque das av\u00e9 marias<\/p>\n<p>17.DUARTE SILVA-tudo cresce!<\/p>\n<p>18.DUARTE, ROQUE e outros-assalto a um convento<\/p>\n<p>19.ISABEL COSTA, DUARTE SILVA-scenas nocturnas<\/p>\n<p>20.ISABEL COSTA, DUARTE SILVA-uma reuni\u00e3o em casa das Lucas<\/p>\n","protected":false},"excerpt":{"rendered":"<p><iframe loading=\"lazy\" width=\"100%\" height=\"450\" scrolling=\"no\" frameborder=\"no\" allow=\"autoplay\" src=\"https:\/\/w.soundcloud.com\/player\/?url=https%3A\/\/api.soundcloud.com\/playlists\/1389212053&#038;color=%2354541b&#038;auto_play=false&#038;hide_related=false&#038;show_comments=true&#038;show_user=true&#038;show_reposts=false&#038;show_teaser=true\"><\/iframe><\/p>\n<div style=\"font-size: 10px; color: #cccccc;line-break: anywhere;word-break: normal;overflow: hidden;white-space: nowrap;text-overflow: ellipsis; font-family: Interstate,Lucida Grande,Lucida Sans Unicode,Lucida Sans,Garuda,Verdana,Tahoma,sans-serif;font-weight: 100;\"><a href=\"https:\/\/soundcloud.com\/tradisom\" title=\"Tradisom\" target=\"_blank\" style=\"color: #cccccc; text-decoration: none;\" rel=\"noopener\">Tradisom<\/a> \u00b7 <a href=\"https:\/\/soundcloud.com\/tradisom\/sets\/portuguese-sound-archives-rare-recordings-vol2\" title=\"PORTUGUESE SOUND ARCHIVES: Rare Recordings Vol.2\" target=\"_blank\" style=\"color: #cccccc; text-decoration: none;\" rel=\"noopener\">PORTUGUESE SOUND ARCHIVES: Rare Recordings Vol.2<\/a><\/div>\n","protected":false},"featured_media":16607,"template":"","meta":[],"product_brand":[],"product_cat":[316,318,315],"product_tag":[],"class_list":{"0":"post-564","1":"product","2":"type-product","3":"status-publish","4":"has-post-thumbnail","6":"product_cat-discos-tradisom","7":"product_cat-portuguese-sound-archives-discos-tradisom","8":"product_cat-tradisom","10":"first","11":"instock","12":"downloadable","13":"virtual","14":"purchasable","15":"product-type-simple"},"_links":{"self":[{"href":"https:\/\/tradisom.com\/en\/wp-json\/wp\/v2\/product\/564","targetHints":{"allow":["GET"]}}],"collection":[{"href":"https:\/\/tradisom.com\/en\/wp-json\/wp\/v2\/product"}],"about":[{"href":"https:\/\/tradisom.com\/en\/wp-json\/wp\/v2\/types\/product"}],"wp:featuredmedia":[{"embeddable":true,"href":"https:\/\/tradisom.com\/en\/wp-json\/wp\/v2\/media\/16607"}],"wp:attachment":[{"href":"https:\/\/tradisom.com\/en\/wp-json\/wp\/v2\/media?parent=564"}],"wp:term":[{"taxonomy":"product_brand","embeddable":true,"href":"https:\/\/tradisom.com\/en\/wp-json\/wp\/v2\/product_brand?post=564"},{"taxonomy":"product_cat","embeddable":true,"href":"https:\/\/tradisom.com\/en\/wp-json\/wp\/v2\/product_cat?post=564"},{"taxonomy":"product_tag","embeddable":true,"href":"https:\/\/tradisom.com\/en\/wp-json\/wp\/v2\/product_tag?post=564"}],"curies":[{"name":"wp","href":"https:\/\/api.w.org\/{rel}","templated":true}]}}