{"id":562,"date":"2018-04-01T21:51:29","date_gmt":"2018-04-01T21:51:29","guid":{"rendered":"https:\/\/tradisom.com\/\/?post_type=product&#038;p=562"},"modified":"2025-09-01T18:31:08","modified_gmt":"2025-09-01T17:31:08","slug":"portuguese-sound-archives-rare-recordings-3","status":"publish","type":"product","link":"https:\/\/tradisom.com\/en\/product\/portuguese-sound-archives-rare-recordings-3\/","title":{"rendered":"Grava\u00e7\u00f5es Raras 3"},"content":{"rendered":"<p>Esta s\u00e9rie de edi\u00e7\u00f5es a que demos o t\u00edtulo de &#8220;ARQUIVOS SONOROS PORTUGUESES &#8211; FADO&#8221; tem como principal objectivo dar a conhecer as grava\u00e7\u00f5es contidas na colec\u00e7\u00e3o de Jos\u00e9 Mo\u00e7as, um arquivo constitu\u00eddo por cerca de 6700 discos de 78 rota\u00e7\u00f5es.<\/p>\n<p>Com a edi\u00e7\u00e3o destes sons abrimos um pouco a curiosidade de muitos f\u00e3s que regularmente nos v\u00e3o questionando sobre os conte\u00fados desta cole\u00e7\u00e3o.<\/p>\n<p>Para mais tarde fica a promessa de uma s\u00e9rie de discos que ir\u00e3o conter estudos cient\u00edficos e detalhados sobre esta \u00e9poca ainda t\u00e3o pouco conhecida da nossa hist\u00f3ria musical.<\/p>\n<p>Mas para j\u00e1 estas grava\u00e7\u00f5es permitam ouvir pela primeira vez alguns nomes, pequenos segredos guardados naqueles preciosos discos.<\/p>\n<p>01.DUARTE SILVA-o novo surdo-mudo<\/p>\n<p>02.DUARTE SILVA-a feira d\u00b4alcantara<\/p>\n<p>03.DUARTE SILVA e outros-uma taberna de gallegos<\/p>\n<p>04.DUARTE SILVA-a brincadeira do frade<\/p>\n<p>05.DUARTE SILVA-uma garraiada em alges<\/p>\n<p>06.DUARTE SILVA-uma procissao em lisboa<\/p>\n<p>07.JOAQUIM RAMOS-a portugueza<\/p>\n<p>08.JOAQUIM RAMOS, MEDINA DE SOUSA-a cegada<\/p>\n<p>09.JOAQUIM RAMOS, MEDINA DE SOUSA-cyrio arraial e romaria<\/p>\n<p>10.JORGE BASTOS &amp; ASSALTADA-o regadinho (can\u00e7\u00e3o do norte)<\/p>\n<p>11.JORGE BASTOS e outros-fado da carestia dos generosos<\/p>\n<p>12.JORGE BASTOS e outros-fado do 5 ano<\/p>\n<p>13.JORGE BASTOS-as freiras de santa clara<\/p>\n<p>14.JOS\u00c9 DE BASTOS-preg\u00f5es do porto<\/p>\n<p>15.KEIL-cantiga do desafio de opera serrana<\/p>\n<p>16.MANUEL J. CARVALHO-dona ign\u00eas (parte 1)<\/p>\n<p>17.MANUEL J. CARVALHO-Dona Ign\u00eas (parte 2)<\/p>\n<p>18.MARIA LITALY-o fado do 31<\/p>\n<p>19.MARTINS J\u00daNIOR-os tyhographos<\/p>\n<p>20.PEPA DELGADO-fado portugu\u00eas (1904)<\/p>\n","protected":false},"excerpt":{"rendered":"<p><iframe loading=\"lazy\" width=\"100%\" height=\"450\" scrolling=\"no\" frameborder=\"no\" allow=\"autoplay\" src=\"https:\/\/w.soundcloud.com\/player\/?url=https%3A\/\/api.soundcloud.com\/playlists\/1389213997&#038;color=%2354541b&#038;auto_play=false&#038;hide_related=false&#038;show_comments=true&#038;show_user=true&#038;show_reposts=false&#038;show_teaser=true\"><\/iframe><\/p>\n<div style=\"font-size: 10px; color: #cccccc;line-break: anywhere;word-break: normal;overflow: hidden;white-space: nowrap;text-overflow: ellipsis; font-family: Interstate,Lucida Grande,Lucida Sans Unicode,Lucida Sans,Garuda,Verdana,Tahoma,sans-serif;font-weight: 100;\"><a href=\"https:\/\/soundcloud.com\/tradisom\" title=\"Tradisom\" target=\"_blank\" style=\"color: #cccccc; text-decoration: none;\" rel=\"noopener\">Tradisom<\/a> \u00b7 <a href=\"https:\/\/soundcloud.com\/tradisom\/sets\/portuguese-sound-archives-rare-recordings-vol3\" title=\"PORTUGUESE SOUND ARCHIVES: Rare Recordings Vol.3\" target=\"_blank\" style=\"color: #cccccc; text-decoration: none;\" rel=\"noopener\">PORTUGUESE SOUND ARCHIVES: Rare Recordings Vol.3<\/a><\/div>\n","protected":false},"featured_media":16605,"template":"","meta":[],"product_brand":[],"product_cat":[316,318,315],"product_tag":[],"class_list":{"0":"post-562","1":"product","2":"type-product","3":"status-publish","4":"has-post-thumbnail","6":"product_cat-discos-tradisom","7":"product_cat-portuguese-sound-archives-discos-tradisom","8":"product_cat-tradisom","10":"first","11":"instock","12":"downloadable","13":"virtual","14":"purchasable","15":"product-type-simple"},"_links":{"self":[{"href":"https:\/\/tradisom.com\/en\/wp-json\/wp\/v2\/product\/562","targetHints":{"allow":["GET"]}}],"collection":[{"href":"https:\/\/tradisom.com\/en\/wp-json\/wp\/v2\/product"}],"about":[{"href":"https:\/\/tradisom.com\/en\/wp-json\/wp\/v2\/types\/product"}],"wp:featuredmedia":[{"embeddable":true,"href":"https:\/\/tradisom.com\/en\/wp-json\/wp\/v2\/media\/16605"}],"wp:attachment":[{"href":"https:\/\/tradisom.com\/en\/wp-json\/wp\/v2\/media?parent=562"}],"wp:term":[{"taxonomy":"product_brand","embeddable":true,"href":"https:\/\/tradisom.com\/en\/wp-json\/wp\/v2\/product_brand?post=562"},{"taxonomy":"product_cat","embeddable":true,"href":"https:\/\/tradisom.com\/en\/wp-json\/wp\/v2\/product_cat?post=562"},{"taxonomy":"product_tag","embeddable":true,"href":"https:\/\/tradisom.com\/en\/wp-json\/wp\/v2\/product_tag?post=562"}],"curies":[{"name":"wp","href":"https:\/\/api.w.org\/{rel}","templated":true}]}}