{"id":554,"date":"2018-04-01T21:43:38","date_gmt":"2018-04-01T21:43:38","guid":{"rendered":"https:\/\/tradisom.com\/\/?post_type=product&#038;p=554"},"modified":"2025-09-01T18:31:44","modified_gmt":"2025-09-01T17:31:44","slug":"lomelino-silva-o-caruso-portugues","status":"publish","type":"product","link":"https:\/\/tradisom.com\/en\/product\/lomelino-silva-o-caruso-portugues\/","title":{"rendered":"Lomelino Silva &#8211; O Caruso Portugu\u00eas (1926)"},"content":{"rendered":"<p><strong>O primeiro cantor madeirense a gravar discos<\/strong><\/p>\n<p>Ficou conhecido como o \u201cCaruso portugu\u00eas\u201d e \u00e9 uma refer\u00eancia hist\u00f3rica em termos de m\u00fasica l\u00edrica da Madeira, com \u201cuma carreira internacional brilhante\u201d. Em forma de homenagem e para apresent\u00e1-lo \u00e0s gera\u00e7\u00f5es mais novas acaba de ser apresentada a edi\u00e7\u00e3o discogr\u00e1fica integral das grava\u00e7\u00f5es que o tenor Lomelino Silva realizou no ano de 1926 em Londres. A iniciativa foi da Tradisom com o apoio da Direc\u00e7\u00e3o Regional dos Assuntos Culturais (DRAC) e da \u201cFunchal 500 anos\u201d.<\/p>\n<p>Para muitos o nome de Lomelino Silva nada diz. Poucos sabem quem foi e a import\u00e2ncia que teve no panorama cultural regional, nacional e internacional.<\/p>\n<p>Quem foi Lomelino Silva? Filho de Guilherme Augusto da Silva e de Helena Lomelino da Silva, Nuno Est\u00eav\u00e3o Lomelino da Silva nasceu na Rua das Maravilhas, na freguesia de S\u00e3o Pedro, a 26 de Dezembro de 1892, e ali viveu a sua inf\u00e2ncia e juventude. Um dia foi descoberto numa actua\u00e7\u00e3o no Teatro Municipal e algum tempo depois, por recomenda\u00e7\u00e3o de alguns <em>connoisseurs <\/em>musicais locais, que descobriram nele excelentes dotes vocais, foi enviado para It\u00e1lia com o intuito de estudar canto l\u00edrico com dois grandes mestres do bel canto de ent\u00e3o: Giovanni Laura e Ercole Pizzi. \u2028A sua estreia como tenor naquele pa\u00eds transalpino decorreu em Janeiro de 1921, e marcaria o in\u00edcio de uma carreira \u00edmpar que ficaria marcada por v\u00e1rias digress\u00f5es internacionais, onde actuaria nos melhores teatros l\u00edricos de v\u00e1rios pa\u00edses e onde o sucesso o aguardava.<\/p>\n<p>No auge da sua carreira art\u00edstica Lomelino Silva teve o privil\u00e9gio de ser convidado pela <em>His Master\u2019s Voice<\/em>, prestigiada editora musical, para gravar alguns discos em Inglaterra, em Junho de 1926. Das grava\u00e7\u00f5es originais da HMV foram feitas outras s\u00e9ries para serem distribu\u00eddas em Espanha, em Portugal e territ\u00f3rios ultramarinos e uma outra pela empresa discogr\u00e1fica norte-americana <em>Victor Talking Machine Co. <\/em>para a sua distribui\u00e7\u00e3o nos Estados Unidos e no Brasil. A este madeirense cabe, efectivamente, a honra de ter sido o primeiro a gravar discos e a t\u00ea-los distribu\u00eddos a n\u00edvel mundial.<\/p>\n<p>Numa das suas actua\u00e7\u00f5es nos Estados Unidos este artista foi apelidado de \u201cCaruso Portugu\u00eas\u201d e o ep\u00edteto ficou para sempre associado a este insigne madeirense. No entanto, aocontr\u00e1rio de Enrico Caruso, cuja cidade natal nunca o acarinhou, a voz de Lomelino Silvaencantou todos os conterr\u00e2neos seus contempor\u00e2neos. Os jornais locais acompanhavam a suacarreira, publicando not\u00edcias que vinham de longe e, aquando das suas apresenta\u00e7\u00f5es noFunchal, o p\u00fablico esgotava a lota\u00e7\u00e3o do teatro e os jornais da \u00e9poca (<em>Di\u00e1rio de Not\u00edcias<\/em>,<em>Di\u00e1rio da Madeira<\/em>, <em>Trabalho e Uni\u00e3o<\/em>, <em>Correio da Madeira<\/em>, <em>O Jornal <\/em>e outros) apresentavamlongas cr\u00edticas positivas ao seu desempenho, muitas delas merecendo largo destaque, a duascolunas, nas primeiras p\u00e1ginas. Resumindo, Lomelino Silva, nos anos 20 e 30, era o orgulhoda Madeira.<\/p>\n<p>Este disco cont\u00e9m a integral das suas grava\u00e7\u00f5es, digitalmente masterizadas e que ir\u00e3o surpreender pela positiva quem tenha o privil\u00e9gio de o ouvir.<\/p>\n<p>(Inclui Livreto com 28 p\u00e1ginas a cores)<\/p>\n","protected":false},"excerpt":{"rendered":"<p><iframe loading=\"lazy\" width=\"100%\" height=\"450\" scrolling=\"no\" frameborder=\"no\" allow=\"autoplay\" src=\"https:\/\/w.soundcloud.com\/player\/?url=https%3A\/\/api.soundcloud.com\/playlists\/1455896728&#038;color=%23ff5500&#038;auto_play=false&#038;hide_related=false&#038;show_comments=true&#038;show_user=false&#038;show_reposts=false&#038;show_teaser=true\"><\/iframe><\/p>\n<div style=\"font-size: 10px; color: #cccccc;line-break: anywhere;word-break: normal;overflow: hidden;white-space: nowrap;text-overflow: ellipsis; font-family: Interstate,Lucida Grande,Lucida Sans Unicode,Lucida Sans,Garuda,Verdana,Tahoma,sans-serif;font-weight: 100;\"><a href=\"https:\/\/soundcloud.com\/tradisom\" title=\"Tradisom\" target=\"_blank\" style=\"color: #cccccc; text-decoration: none;\" rel=\"noopener\">Tradisom<\/a> \u00b7 <a href=\"https:\/\/soundcloud.com\/tradisom\/sets\/lomelino-silva-o-caruso-portugues-1926\" title=\"Lomelino Silva - O Caruso Portugu\u00eas (1926)\" target=\"_blank\" style=\"color: #cccccc; text-decoration: none;\" rel=\"noopener\">Lomelino Silva &#8211; O Caruso Portugu\u00eas (1926)<\/a><\/div>\n","protected":false},"featured_media":16597,"template":"","meta":[],"product_brand":[],"product_cat":[316,317,315],"product_tag":[],"class_list":{"0":"post-554","1":"product","2":"type-product","3":"status-publish","4":"has-post-thumbnail","6":"product_cat-discos-tradisom","7":"product_cat-fado-discos-tradisom","8":"product_cat-tradisom","10":"first","11":"outofstock","12":"downloadable","13":"sold-individually","14":"shipping-taxable","15":"purchasable","16":"product-type-simple"},"_links":{"self":[{"href":"https:\/\/tradisom.com\/en\/wp-json\/wp\/v2\/product\/554","targetHints":{"allow":["GET"]}}],"collection":[{"href":"https:\/\/tradisom.com\/en\/wp-json\/wp\/v2\/product"}],"about":[{"href":"https:\/\/tradisom.com\/en\/wp-json\/wp\/v2\/types\/product"}],"wp:featuredmedia":[{"embeddable":true,"href":"https:\/\/tradisom.com\/en\/wp-json\/wp\/v2\/media\/16597"}],"wp:attachment":[{"href":"https:\/\/tradisom.com\/en\/wp-json\/wp\/v2\/media?parent=554"}],"wp:term":[{"taxonomy":"product_brand","embeddable":true,"href":"https:\/\/tradisom.com\/en\/wp-json\/wp\/v2\/product_brand?post=554"},{"taxonomy":"product_cat","embeddable":true,"href":"https:\/\/tradisom.com\/en\/wp-json\/wp\/v2\/product_cat?post=554"},{"taxonomy":"product_tag","embeddable":true,"href":"https:\/\/tradisom.com\/en\/wp-json\/wp\/v2\/product_tag?post=554"}],"curies":[{"name":"wp","href":"https:\/\/api.w.org\/{rel}","templated":true}]}}