{"id":539,"date":"2018-03-31T22:23:42","date_gmt":"2018-03-31T22:23:42","guid":{"rendered":"https:\/\/tradisom.com\/\/?post_type=product&#038;p=539"},"modified":"2025-09-01T18:37:36","modified_gmt":"2025-09-01T17:37:36","slug":"fernando-lopes-graca-clepsidra","status":"publish","type":"product","link":"https:\/\/tradisom.com\/en\/product\/fernando-lopes-graca-clepsidra\/","title":{"rendered":"Fernando Lopes Gra\u00e7a &#8211; Clepsidra"},"content":{"rendered":"<p>CLEPSIDRA \u2013 AS M\u00c3OS E OS FRUTOS \u2013 3 CAN\u00c7\u00d5ES DE FERNANDO PESSOA<\/p>\n<p>PIANO &#8211; NUNO VIEIRA DE ALMEIDA<\/p>\n<p>SOPRANO \u2013 ANA MARIA PINTO<\/p>\n<p>TENOR \u2013 JO\u00c3O RODRIGUES<\/p>\n<p>Qualquer m\u00fasico que pretenda fazer uma grava\u00e7\u00e3o de obras para canto e piano de Fernando Lopes Gra\u00e7a n\u00e3o ter\u00e1 uma tarefa f\u00e1cil. Para al\u00e9m das diferentes c\u00f3pias em melhor ou menor estado que por a\u00ed circulam o pr\u00f3prio compositor fez de muitas das suas obras v\u00e1rias vers\u00f5es, \u00e0s vezes com pequen\u00edssimas diferen\u00e7as, o que por si s\u00f3 ainda dificulta mais a escolha.<\/p>\n<p>Para esta grava\u00e7\u00e3o, foram utilizadas c\u00f3pias extra\u00eddas do esp\u00f3lio do compositor no Museu Verdades de Faria. Estas s\u00e3o as vers\u00f5es mais pr\u00f3ximas daquilo que era pretendido por Lopes Gra\u00e7a.<\/p>\n<p>O presente CD re\u00fane um conjunto de obras-chave do abundante cat\u00e1logo de Fernando Lopes-Gra\u00e7a no \u00e2mbito da can\u00e7\u00e3o de concerto, dom\u00ednio de experimenta\u00e7\u00e3o musical a que o compositor dedicou uma aten\u00e7\u00e3o constante e particularmente fecunda ao longo de muitas d\u00e9cadas.<\/p>\n<p>Das obras agora gravadas, as mais antigas s\u00e3o as <em>Tr\u00eas can\u00e7\u00f5es de Fernando Pessoa<\/em>, datadas de 1947-50: este tr\u00edptico de inspira\u00e7\u00e3o pessoana comp\u00f5e-se de \u201cHorizonte\u201d (posto em m\u00fasica em 1950), \u201cCan\u00e7\u00e3o long\u00ednqua\u201d (<em>idem<\/em>) e \u201cCavalo de sombra, cavaleiro monge\u201d (1947).<\/p>\n<p>O envolvimento musical de Lopes-Gra\u00e7a com a poesia de Fernando Pessoa (1888-1935) data pelo menos de 1934; num ensaio originalmente publicado na <em>Seara nova <\/em>em 1942, o compositor chegaria a afirmar que Pessoa \u00e9 o poeta portugu\u00eas \u201cque mais ricas e variadas possibilidades musicais apresenta\u201d, acrescentando: \u201co pr\u00f3prio, que n\u00e3o nenhum dos seus heter\u00f3nimos\u201d.<\/p>\n<p>Este disco consitui-se assim como um documento importante para um conhecimento mais profundo da obra de Fernando Lopes Gra\u00e7a, sendo de destacar a qualidade dos int\u00e9rpretes\/intervenientes e a excel\u00eancia da capta\u00e7\u00e3o de som, realizada pelo conceituad\u00edssimo Jos\u00e9 Fortes, permanente colaborador de Nuno Vieira de Almeida e da Tradisom.<\/p>\n","protected":false},"excerpt":{"rendered":"<p><iframe loading=\"lazy\" src=\"https:\/\/w.soundcloud.com\/player\/?url=https%3A\/\/api.soundcloud.com\/playlists\/1456367377&amp;color=%23ff5500&amp;auto_play=false&amp;hide_related=false&amp;show_comments=true&amp;show_user=false&amp;show_reposts=false&amp;show_teaser=true\" width=\"100%\" height=\"450\" frameborder=\"no\" scrolling=\"no\"><\/iframe><\/p>\n<div style=\"font-size: 10px; color: #cccccc; line-break: anywhere; word-break: normal; overflow: hidden; white-space: nowrap; text-overflow: ellipsis; font-family: Interstate,Lucida Grande,Lucida Sans Unicode,Lucida Sans,Garuda,Verdana,Tahoma,sans-serif; font-weight: 100;\"><a style=\"color: #cccccc; text-decoration: none;\" title=\"Tradisom\" href=\"https:\/\/soundcloud.com\/tradisom\" target=\"_blank\" rel=\"noopener\">Tradisom<\/a> \u00b7 <a style=\"color: #cccccc; text-decoration: none;\" title=\"Fernando Lopes Gra\u00e7a \u2013 Clepsidra\" href=\"https:\/\/soundcloud.com\/tradisom\/sets\/fernando-lopes-graca-clepsidra\" target=\"_blank\" rel=\"noopener\">Fernando Lopes Gra\u00e7a \u2013 Clepsidra<\/a><\/div>\n","protected":false},"featured_media":16589,"template":"","meta":[],"product_brand":[],"product_cat":[319,316,315],"product_tag":[],"class_list":{"0":"post-539","1":"product","2":"type-product","3":"status-publish","4":"has-post-thumbnail","6":"product_cat-classica-discos-tradisom","7":"product_cat-discos-tradisom","8":"product_cat-tradisom","10":"first","11":"instock","12":"sale","13":"shipping-taxable","14":"purchasable","15":"product-type-variable"},"_links":{"self":[{"href":"https:\/\/tradisom.com\/en\/wp-json\/wp\/v2\/product\/539","targetHints":{"allow":["GET"]}}],"collection":[{"href":"https:\/\/tradisom.com\/en\/wp-json\/wp\/v2\/product"}],"about":[{"href":"https:\/\/tradisom.com\/en\/wp-json\/wp\/v2\/types\/product"}],"wp:featuredmedia":[{"embeddable":true,"href":"https:\/\/tradisom.com\/en\/wp-json\/wp\/v2\/media\/16589"}],"wp:attachment":[{"href":"https:\/\/tradisom.com\/en\/wp-json\/wp\/v2\/media?parent=539"}],"wp:term":[{"taxonomy":"product_brand","embeddable":true,"href":"https:\/\/tradisom.com\/en\/wp-json\/wp\/v2\/product_brand?post=539"},{"taxonomy":"product_cat","embeddable":true,"href":"https:\/\/tradisom.com\/en\/wp-json\/wp\/v2\/product_cat?post=539"},{"taxonomy":"product_tag","embeddable":true,"href":"https:\/\/tradisom.com\/en\/wp-json\/wp\/v2\/product_tag?post=539"}],"curies":[{"name":"wp","href":"https:\/\/api.w.org\/{rel}","templated":true}]}}