{"id":535,"date":"2018-03-31T22:20:01","date_gmt":"2018-03-31T21:20:01","guid":{"rendered":"https:\/\/tradisom.com\/\/?post_type=product&#038;p=535"},"modified":"2025-11-18T12:33:01","modified_gmt":"2025-11-18T11:33:01","slug":"luis-de-freitas-branco-integral-das-cancoes","status":"publish","type":"product","link":"https:\/\/tradisom.com\/en\/product\/luis-de-freitas-branco-integral-das-cancoes\/","title":{"rendered":"Lu\u00eds de Freitas Branco &#8211; Integral das Can\u00e7\u00f5es"},"content":{"rendered":"<p>PIANO \u2013 NUNO VIEIRA DE ALMEIDA E NELLA MAISSA,<\/p>\n<p>SOPRANO \u2013 ELSA SAQUE<\/p>\n<p>Grava\u00e7\u00f5es efectuadas por Jos\u00e9 Fortes no Conservat\u00f3rio Nacional, em Lisboa<\/p>\n<p>Lu\u00eds de Freitas Branco (1890-1955) \u00e9 o principal protagonista do movimento de renova\u00e7\u00e3o da m\u00fasica portuguesa nas primeiras d\u00e9cadas do s\u00e9culo XX, e embora a sua ac\u00e7\u00e3o se tenha desenrolado \u00e0 margem do modernismo liter\u00e1rio dos seus contempor\u00e2neos Fernando Pessoa, M\u00e1rio de S\u00e1-Carneiro e Almada Negreiros, existem pontos de contacto suficientes a justificar a aproxima\u00e7\u00e3o entre os respectivos contributos para a hist\u00f3ria da cultura portuguesa.<\/p>\n<p>Esta integral das can\u00e7\u00f5es de Lu\u00eds de Freitas Branco foi feita sabendo-se, \u00e0 partida, que um ter\u00e7o das can\u00e7\u00f5es j\u00e1 tinha sido gravada por Elsa Saque e Nella Maissa, h\u00e1 cerca de vinte anos, e que o disco nunca tinha sido editado. Assim, a Elsa e eu propusemo-nos gravar o restante para que a obra ficasse completa.<\/p>\n<p>A can\u00e7\u00e3o \u201cO motivo da plan\u00edcie\u201d foi gravada de novo, pois as duas leituras s\u00e3o substancialmente diferentes e essa diversidade \u00e9, quanto a mim, enriquecedora. Tamb\u00e9m acrescentei o \u201cFado do Pascoal\u201d por considerar que, apesar de n\u00e3o ser uma verdadeira can\u00e7\u00e3o original para canto e piano, o esp\u00edrito da obra se integra nesse registo mais fr\u00edvolo que o compositor cultivava com bastante eleg\u00e2ncia.<br \/>\nEmbora n\u00e3o fazendo parte das can\u00e7\u00f5es originais para canto e piano, algumas harmoniza\u00e7\u00f5es de can\u00e7\u00f5es populares foram integradas na parte final do segundo CD porque, tendo j\u00e1 sido gravadas no disco antigo, seria uma pena n\u00e3o as publicar.<\/p>\n<p>Texto inclu\u00eddo no disco da autoria de Nuno Vieira de Almeida.<\/p>\n<p>&nbsp;<\/p>\n","protected":false},"excerpt":{"rendered":"<p>CD1<br \/>\n<iframe loading=\"lazy\" src=\"https:\/\/w.soundcloud.com\/player\/?url=https%3A\/\/api.soundcloud.com\/playlists\/1456377718&amp;color=%23ff5500&amp;auto_play=false&amp;hide_related=false&amp;show_comments=true&amp;show_user=false&amp;show_reposts=false&amp;show_teaser=true\" width=\"100%\" height=\"450\" frameborder=\"no\" scrolling=\"no\"><\/iframe><\/p>\n<div style=\"font-size: 10px; color: #cccccc; line-break: anywhere; word-break: normal; overflow: hidden; white-space: nowrap; text-overflow: ellipsis; font-family: Interstate,Lucida Grande,Lucida Sans Unicode,Lucida Sans,Garuda,Verdana,Tahoma,sans-serif; font-weight: 100;\"><a style=\"color: #cccccc; text-decoration: none;\" title=\"Tradisom\" href=\"https:\/\/soundcloud.com\/tradisom\" target=\"_blank\" rel=\"noopener\">Tradisom<\/a> \u00b7 <a style=\"color: #cccccc; text-decoration: none;\" title=\"Lu\u00eds de Freitas Branco \u2013 Integral das Can\u00e7\u00f5es CD1\" href=\"https:\/\/soundcloud.com\/tradisom\/sets\/luis-de-freitas-branco-integral-das-cancoes-cd1\" target=\"_blank\" rel=\"noopener\">Lu\u00eds de Freitas Branco \u2013 Integral das Can\u00e7\u00f5es CD1<\/a><\/div>\n<p>CD2<br \/>\n<iframe loading=\"lazy\" src=\"https:\/\/w.soundcloud.com\/player\/?url=https%3A\/\/api.soundcloud.com\/playlists\/1456380226&amp;color=%23ff5500&amp;auto_play=false&amp;hide_related=false&amp;show_comments=true&amp;show_user=false&amp;show_reposts=false&amp;show_teaser=true\" width=\"100%\" height=\"450\" frameborder=\"no\" scrolling=\"no\"><\/iframe><\/p>\n<div style=\"font-size: 10px; color: #cccccc; line-break: anywhere; word-break: normal; overflow: hidden; white-space: nowrap; text-overflow: ellipsis; font-family: Interstate,Lucida Grande,Lucida Sans Unicode,Lucida Sans,Garuda,Verdana,Tahoma,sans-serif; font-weight: 100;\"><a style=\"color: #cccccc; text-decoration: none;\" title=\"Tradisom\" href=\"https:\/\/soundcloud.com\/tradisom\" target=\"_blank\" rel=\"noopener\">Tradisom<\/a> \u00b7 <a style=\"color: #cccccc; text-decoration: none;\" title=\"Lu\u00eds de Freitas Branco - Integral das Can\u00e7\u00f5es CD2\" href=\"https:\/\/soundcloud.com\/tradisom\/sets\/luis-de-freitas-branco-integral-das-cancoes-cd2\" target=\"_blank\" rel=\"noopener\">Lu\u00eds de Freitas Branco &#8211; Integral das Can\u00e7\u00f5es CD2<\/a><\/div>\n","protected":false},"featured_media":16585,"template":"","meta":[],"product_brand":[],"product_cat":[319,316,315],"product_tag":[],"class_list":{"0":"post-535","1":"product","2":"type-product","3":"status-publish","4":"has-post-thumbnail","6":"product_cat-classica-discos-tradisom","7":"product_cat-discos-tradisom","8":"product_cat-tradisom","10":"first","11":"instock","12":"shipping-taxable","13":"purchasable","14":"product-type-simple"},"_links":{"self":[{"href":"https:\/\/tradisom.com\/en\/wp-json\/wp\/v2\/product\/535","targetHints":{"allow":["GET"]}}],"collection":[{"href":"https:\/\/tradisom.com\/en\/wp-json\/wp\/v2\/product"}],"about":[{"href":"https:\/\/tradisom.com\/en\/wp-json\/wp\/v2\/types\/product"}],"wp:featuredmedia":[{"embeddable":true,"href":"https:\/\/tradisom.com\/en\/wp-json\/wp\/v2\/media\/16585"}],"wp:attachment":[{"href":"https:\/\/tradisom.com\/en\/wp-json\/wp\/v2\/media?parent=535"}],"wp:term":[{"taxonomy":"product_brand","embeddable":true,"href":"https:\/\/tradisom.com\/en\/wp-json\/wp\/v2\/product_brand?post=535"},{"taxonomy":"product_cat","embeddable":true,"href":"https:\/\/tradisom.com\/en\/wp-json\/wp\/v2\/product_cat?post=535"},{"taxonomy":"product_tag","embeddable":true,"href":"https:\/\/tradisom.com\/en\/wp-json\/wp\/v2\/product_tag?post=535"}],"curies":[{"name":"wp","href":"https:\/\/api.w.org\/{rel}","templated":true}]}}