{"id":529,"date":"2018-03-31T22:16:50","date_gmt":"2018-03-31T22:16:50","guid":{"rendered":"https:\/\/tradisom.com\/\/?post_type=product&#038;p=529"},"modified":"2025-09-01T18:37:58","modified_gmt":"2025-09-01T17:37:58","slug":"luis-pipa-piano","status":"publish","type":"product","link":"https:\/\/tradisom.com\/en\/product\/luis-pipa-piano\/","title":{"rendered":"Lu\u00eds Pipa &#8211; Stephen Heller"},"content":{"rendered":"<p>STEPHEN HELLER \u2013 ESTUDOS op. 45<\/p>\n<p>Gravar em discos os Estudos op. 45 de Stephen Heller foi para Luis Pipa a concretiza\u00e7\u00e3o de um desejo antigo, amadurecido desde os seus tempos de jovem estudante no Conservat\u00f3rio, altura em que com eles tomou conhecimento pela primeira vez.<\/p>\n<p>Ao contr\u00e1rio do que para Luis Pipa seria na altura previs\u00edvel, este conjunto de pequenos Estudos cativava pela beleza das suas linhas mel\u00f3dicas e riqueza de estrutura harm\u00f3nica, fazendo dissipar as reservas com que normalmente era encarada a obrigatoriedade de abordar um determinado n\u00famero de \u201cEstudos\u201d, tarefa invariavelmente associada a alguma aridez, particularmente no\u00a0 tocante ao est\u00edmulo musical.<\/p>\n<p>Ao gravar estes \u201cEstudos\u201d, Luis Pipa procurou n\u00e3o s\u00f3 proporcionar aos jovens uma referencia e um est\u00edmulo adicional para a sua abordagem, mas tamb\u00e9m dar a conhecer um pouco da obra de um grande vulto da M\u00fasica do s\u00e9c. XIX, t\u00e3o injustamente esquecido at\u00e9 aod dias de hoje.<\/p>\n","protected":false},"excerpt":{"rendered":"<p>s\u00f3 em MP3<\/p>\n<p><iframe loading=\"lazy\" width=\"100%\" height=\"450\" scrolling=\"no\" frameborder=\"no\" allow=\"autoplay\" src=\"https:\/\/w.soundcloud.com\/player\/?url=https%3A\/\/api.soundcloud.com\/playlists\/1456422292&#038;color=%23ff5500&#038;auto_play=false&#038;hide_related=false&#038;show_comments=true&#038;show_user=false&#038;show_reposts=false&#038;show_teaser=true\"><\/iframe><\/p>\n<div style=\"font-size: 10px; color: #cccccc;line-break: anywhere;word-break: normal;overflow: hidden;white-space: nowrap;text-overflow: ellipsis; font-family: Interstate,Lucida Grande,Lucida Sans Unicode,Lucida Sans,Garuda,Verdana,Tahoma,sans-serif;font-weight: 100;\"><a href=\"https:\/\/soundcloud.com\/tradisom\" title=\"Tradisom\" target=\"_blank\" style=\"color: #cccccc; text-decoration: none;\" rel=\"noopener\">Tradisom<\/a> \u00b7 <a href=\"https:\/\/soundcloud.com\/tradisom\/sets\/luis-pipa-stephen-heller\" title=\"Luis Pipa - Stephen Heller\" target=\"_blank\" style=\"color: #cccccc; text-decoration: none;\" rel=\"noopener\">Luis Pipa &#8211; Stephen Heller<\/a><\/div>\n","protected":false},"featured_media":16581,"template":"","meta":[],"product_brand":[],"product_cat":[319,316,315],"product_tag":[],"class_list":{"0":"post-529","1":"product","2":"type-product","3":"status-publish","4":"has-post-thumbnail","6":"product_cat-classica-discos-tradisom","7":"product_cat-discos-tradisom","8":"product_cat-tradisom","10":"first","11":"instock","12":"downloadable","13":"virtual","14":"purchasable","15":"product-type-simple"},"_links":{"self":[{"href":"https:\/\/tradisom.com\/en\/wp-json\/wp\/v2\/product\/529","targetHints":{"allow":["GET"]}}],"collection":[{"href":"https:\/\/tradisom.com\/en\/wp-json\/wp\/v2\/product"}],"about":[{"href":"https:\/\/tradisom.com\/en\/wp-json\/wp\/v2\/types\/product"}],"wp:featuredmedia":[{"embeddable":true,"href":"https:\/\/tradisom.com\/en\/wp-json\/wp\/v2\/media\/16581"}],"wp:attachment":[{"href":"https:\/\/tradisom.com\/en\/wp-json\/wp\/v2\/media?parent=529"}],"wp:term":[{"taxonomy":"product_brand","embeddable":true,"href":"https:\/\/tradisom.com\/en\/wp-json\/wp\/v2\/product_brand?post=529"},{"taxonomy":"product_cat","embeddable":true,"href":"https:\/\/tradisom.com\/en\/wp-json\/wp\/v2\/product_cat?post=529"},{"taxonomy":"product_tag","embeddable":true,"href":"https:\/\/tradisom.com\/en\/wp-json\/wp\/v2\/product_tag?post=529"}],"curies":[{"name":"wp","href":"https:\/\/api.w.org\/{rel}","templated":true}]}}